{"id":8857,"date":"2025-04-25T18:42:31","date_gmt":"2025-04-25T16:42:31","guid":{"rendered":"https:\/\/graficasbeyco.com\/estalvi-i-eficiencia-energetica\/"},"modified":"2025-05-02T19:02:59","modified_gmt":"2025-05-02T17:02:59","slug":"estalvi-i-eficiencia-energetica","status":"publish","type":"page","link":"https:\/\/graficasbeyco.com\/ca\/estalvi-i-eficiencia-energetica\/","title":{"rendered":"Estalvi i efici\u00e8ncia energ\u00e8tica"},"content":{"rendered":"\t\t<div data-elementor-type=\"wp-page\" data-elementor-id=\"8857\" class=\"elementor elementor-8857 elementor-8744\">\n\t\t\t\t<div class=\"elementor-element elementor-element-363b7083 e-flex e-con-boxed e-con e-parent\" data-id=\"363b7083\" data-element_type=\"container\">\n\t\t\t\t\t<div class=\"e-con-inner\">\n\t\t\t\t<div class=\"elementor-element elementor-element-106b5d2 elementor-widget elementor-widget-heading\" data-id=\"106b5d2\" data-element_type=\"widget\" data-widget_type=\"heading.default\">\n\t\t\t\t<div class=\"elementor-widget-container\">\n\t\t\t\t\t<h2 class=\"elementor-heading-title elementor-size-default\">EXPEDIENT ICA012\/19\/00046<\/h2>\t\t\t\t<\/div>\n\t\t\t\t<\/div>\n\t\t\t\t<div class=\"elementor-element elementor-element-76938cf elementor-widget elementor-widget-image\" data-id=\"76938cf\" data-element_type=\"widget\" data-widget_type=\"image.default\">\n\t\t\t\t<div class=\"elementor-widget-container\">\n\t\t\t\t\t\t\t\t\t\t\t\t\t\t\t<img fetchpriority=\"high\" decoding=\"async\" width=\"900\" height=\"632\" src=\"https:\/\/graficasbeyco.com\/wp-content\/uploads\/2025\/04\/eficiencia-1-1024x719.webp\" class=\"attachment-large size-large wp-image-8797\" alt=\"\" srcset=\"https:\/\/graficasbeyco.com\/wp-content\/uploads\/2025\/04\/eficiencia-1-1024x719.webp 1024w, https:\/\/graficasbeyco.com\/wp-content\/uploads\/2025\/04\/eficiencia-1-300x211.webp 300w, https:\/\/graficasbeyco.com\/wp-content\/uploads\/2025\/04\/eficiencia-1-768x539.webp 768w, https:\/\/graficasbeyco.com\/wp-content\/uploads\/2025\/04\/eficiencia-1.webp 1134w\" sizes=\"(max-width: 900px) 100vw, 900px\" \/>\t\t\t\t\t\t\t\t\t\t\t\t\t\t\t<\/div>\n\t\t\t\t<\/div>\n\t\t\t\t<div class=\"elementor-element elementor-element-4a479acc elementor-widget elementor-widget-text-editor\" data-id=\"4a479acc\" data-element_type=\"widget\" data-widget_type=\"text-editor.default\">\n\t\t\t\t<div class=\"elementor-widget-container\">\n\t\t\t\t\t\t\t\t\t<p>GR\u00c0FIQUES BEYCO, S.L. ha rebut una ajuda per al projecte d&#8217;estalvi i efici\u00e8ncia energ\u00e8tica &#8220;MILLORA DE L&#8217;EFICI\u00c8NCIA ENERG\u00c8TICA DEL PROC\u00c9S D&#8217;IMPRESSI\u00d3&#8221;, cofinan\u00e7ada pel Fons Europeu de Desenvolupament Regional (FEDER), coordinada per IDAE i gestionada per les autonomies, amb c\u00e0rrec al Fons Nacional d&#8217;Efici\u00e8ncia Energ\u00e8tica, amb l&#8217;objectiu d&#8217;aconseguir una economia m\u00e9s neta i neta. S&#8217;ha elaborat un projecte d&#8217;estalvi i efici\u00e8ncia energ\u00e8tica consistent en substituir una de les impressores inicials per un nou equip molt m\u00e9s eficient a nivell de productivitat i efici\u00e8ncia energ\u00e8tica. Hem requerit la col\u00b7laboraci\u00f3 dels millors fabricants d&#8217;equipament del sector, que ens aportaran grans estalvis energ\u00e8tics i mediambientals en el proc\u00e9s. Gr\u00e0cies al projecte s&#8217;estalvien 51,39 teps anuals.   <\/p>\t\t\t\t\t\t\t\t<\/div>\n\t\t\t\t<\/div>\n\t\t\t\t\t<\/div>\n\t\t\t\t<\/div>\n\t\t\t\t<\/div>\n\t\t","protected":false},"excerpt":{"rendered":"<p>EXPEDIENT ICA012\/19\/00046 GR\u00c0FIQUES BEYCO, S.L. ha rebut una ajuda per al projecte d&#8217;estalvi i efici\u00e8ncia energ\u00e8tica &#8220;MILLORA DE L&#8217;EFICI\u00c8NCIA ENERG\u00c8TICA DEL PROC\u00c9S D&#8217;IMPRESSI\u00d3&#8221;, cofinan\u00e7ada pel Fons Europeu de Desenvolupament Regional (FEDER), coordinada per IDAE i gestionada per les autonomies, amb c\u00e0rrec al Fons Nacional d&#8217;Efici\u00e8ncia Energ\u00e8tica, amb l&#8217;objectiu d&#8217;aconseguir una economia m\u00e9s neta i neta. [&hellip;]<\/p>\n","protected":false},"author":4,"featured_media":0,"parent":0,"menu_order":0,"comment_status":"closed","ping_status":"closed","template":"","meta":{"_joinchat":[],"footnotes":""},"class_list":["post-8857","page","type-page","status-publish","hentry"],"yoast_head":"<!-- This site is optimized with the Yoast SEO plugin v24.8.1 - https:\/\/yoast.com\/wordpress\/plugins\/seo\/ -->\n<title>Estalvi i efici\u00e8ncia energ\u00e8tica - Gr\u00e1ficas Beyco<\/title>\n<meta name=\"robots\" content=\"index, follow, max-snippet:-1, max-image-preview:large, max-video-preview:-1\" \/>\n<link rel=\"canonical\" href=\"https:\/\/graficasbeyco.com\/ca\/estalvi-i-eficiencia-energetica\/\" \/>\n<meta property=\"og:locale\" content=\"ca_ES\" \/>\n<meta property=\"og:type\" content=\"article\" \/>\n<meta property=\"og:title\" content=\"Estalvi i efici\u00e8ncia energ\u00e8tica - Gr\u00e1ficas Beyco\" \/>\n<meta property=\"og:description\" content=\"EXPEDIENT ICA012\/19\/00046 GR\u00c0FIQUES BEYCO, S.L. ha rebut una ajuda per al projecte d&#8217;estalvi i efici\u00e8ncia energ\u00e8tica &#8220;MILLORA DE L&#8217;EFICI\u00c8NCIA ENERG\u00c8TICA DEL PROC\u00c9S D&#8217;IMPRESSI\u00d3&#8221;, cofinan\u00e7ada pel Fons Europeu de Desenvolupament Regional (FEDER), coordinada per IDAE i gestionada per les autonomies, amb c\u00e0rrec al Fons Nacional d&#8217;Efici\u00e8ncia Energ\u00e8tica, amb l&#8217;objectiu d&#8217;aconseguir una economia m\u00e9s neta i neta. [&hellip;]\" \/>\n<meta property=\"og:url\" content=\"https:\/\/graficasbeyco.com\/ca\/estalvi-i-eficiencia-energetica\/\" \/>\n<meta property=\"og:site_name\" content=\"Gr\u00e1ficas Beyco\" \/>\n<meta property=\"article:modified_time\" content=\"2025-05-02T17:02:59+00:00\" \/>\n<meta property=\"og:image\" content=\"https:\/\/graficasbeyco.com\/wp-content\/uploads\/2025\/04\/eficiencia-1.webp\" \/>\n\t<meta property=\"og:image:width\" content=\"1134\" \/>\n\t<meta property=\"og:image:height\" content=\"796\" \/>\n\t<meta property=\"og:image:type\" content=\"image\/webp\" \/>\n<meta name=\"twitter:card\" content=\"summary_large_image\" \/>\n<meta name=\"twitter:label1\" content=\"Temps estimat de lectura\" \/>\n\t<meta name=\"twitter:data1\" content=\"1 minut\" \/>\n<script type=\"application\/ld+json\" class=\"yoast-schema-graph\">{\"@context\":\"https:\/\/schema.org\",\"@graph\":[{\"@type\":\"WebPage\",\"@id\":\"https:\/\/graficasbeyco.com\/ca\/estalvi-i-eficiencia-energetica\/\",\"url\":\"https:\/\/graficasbeyco.com\/ca\/estalvi-i-eficiencia-energetica\/\",\"name\":\"Estalvi i efici\u00e8ncia energ\u00e8tica - Gr\u00e1ficas Beyco\",\"isPartOf\":{\"@id\":\"https:\/\/graficasbeyco.com\/ca\/#website\"},\"primaryImageOfPage\":{\"@id\":\"https:\/\/graficasbeyco.com\/ca\/estalvi-i-eficiencia-energetica\/#primaryimage\"},\"image\":{\"@id\":\"https:\/\/graficasbeyco.com\/ca\/estalvi-i-eficiencia-energetica\/#primaryimage\"},\"thumbnailUrl\":\"https:\/\/graficasbeyco.com\/wp-content\/uploads\/2025\/04\/eficiencia-1-1024x719.webp\",\"datePublished\":\"2025-04-25T16:42:31+00:00\",\"dateModified\":\"2025-05-02T17:02:59+00:00\",\"breadcrumb\":{\"@id\":\"https:\/\/graficasbeyco.com\/ca\/estalvi-i-eficiencia-energetica\/#breadcrumb\"},\"inLanguage\":\"ca\",\"potentialAction\":[{\"@type\":\"ReadAction\",\"target\":[\"https:\/\/graficasbeyco.com\/ca\/estalvi-i-eficiencia-energetica\/\"]}]},{\"@type\":\"ImageObject\",\"inLanguage\":\"ca\",\"@id\":\"https:\/\/graficasbeyco.com\/ca\/estalvi-i-eficiencia-energetica\/#primaryimage\",\"url\":\"https:\/\/graficasbeyco.com\/wp-content\/uploads\/2025\/04\/eficiencia-1-1024x719.webp\",\"contentUrl\":\"https:\/\/graficasbeyco.com\/wp-content\/uploads\/2025\/04\/eficiencia-1-1024x719.webp\"},{\"@type\":\"BreadcrumbList\",\"@id\":\"https:\/\/graficasbeyco.com\/ca\/estalvi-i-eficiencia-energetica\/#breadcrumb\",\"itemListElement\":[{\"@type\":\"ListItem\",\"position\":1,\"name\":\"Portada\",\"item\":\"https:\/\/graficasbeyco.com\/ca\/\"},{\"@type\":\"ListItem\",\"position\":2,\"name\":\"Estalvi i efici\u00e8ncia energ\u00e8tica\"}]},{\"@type\":\"WebSite\",\"@id\":\"https:\/\/graficasbeyco.com\/ca\/#website\",\"url\":\"https:\/\/graficasbeyco.com\/ca\/\",\"name\":\"Gr\u00e1ficas Beyco\",\"description\":\"producci\u00f3n de estuches y envases plegables en cartoncillo y cart\u00f3n ondulado.\",\"publisher\":{\"@id\":\"https:\/\/graficasbeyco.com\/ca\/#organization\"},\"potentialAction\":[{\"@type\":\"SearchAction\",\"target\":{\"@type\":\"EntryPoint\",\"urlTemplate\":\"https:\/\/graficasbeyco.com\/ca\/?s={search_term_string}\"},\"query-input\":{\"@type\":\"PropertyValueSpecification\",\"valueRequired\":true,\"valueName\":\"search_term_string\"}}],\"inLanguage\":\"ca\"},{\"@type\":\"Organization\",\"@id\":\"https:\/\/graficasbeyco.com\/ca\/#organization\",\"name\":\"Gr\u00e1ficas Beyco\",\"url\":\"https:\/\/graficasbeyco.com\/ca\/\",\"logo\":{\"@type\":\"ImageObject\",\"inLanguage\":\"ca\",\"@id\":\"https:\/\/graficasbeyco.com\/ca\/#\/schema\/logo\/image\/\",\"url\":\"https:\/\/graficasbeyco.com\/wp-content\/uploads\/2024\/11\/Logotip-03.png\",\"contentUrl\":\"https:\/\/graficasbeyco.com\/wp-content\/uploads\/2024\/11\/Logotip-03.png\",\"width\":10143,\"height\":1697,\"caption\":\"Gr\u00e1ficas Beyco\"},\"image\":{\"@id\":\"https:\/\/graficasbeyco.com\/ca\/#\/schema\/logo\/image\/\"}}]}<\/script>\n<!-- \/ Yoast SEO plugin. -->","yoast_head_json":{"title":"Estalvi i efici\u00e8ncia energ\u00e8tica - Gr\u00e1ficas Beyco","robots":{"index":"index","follow":"follow","max-snippet":"max-snippet:-1","max-image-preview":"max-image-preview:large","max-video-preview":"max-video-preview:-1"},"canonical":"https:\/\/graficasbeyco.com\/ca\/estalvi-i-eficiencia-energetica\/","og_locale":"ca_ES","og_type":"article","og_title":"Estalvi i efici\u00e8ncia energ\u00e8tica - Gr\u00e1ficas Beyco","og_description":"EXPEDIENT ICA012\/19\/00046 GR\u00c0FIQUES BEYCO, S.L. ha rebut una ajuda per al projecte d&#8217;estalvi i efici\u00e8ncia energ\u00e8tica &#8220;MILLORA DE L&#8217;EFICI\u00c8NCIA ENERG\u00c8TICA DEL PROC\u00c9S D&#8217;IMPRESSI\u00d3&#8221;, cofinan\u00e7ada pel Fons Europeu de Desenvolupament Regional (FEDER), coordinada per IDAE i gestionada per les autonomies, amb c\u00e0rrec al Fons Nacional d&#8217;Efici\u00e8ncia Energ\u00e8tica, amb l&#8217;objectiu d&#8217;aconseguir una economia m\u00e9s neta i neta. [&hellip;]","og_url":"https:\/\/graficasbeyco.com\/ca\/estalvi-i-eficiencia-energetica\/","og_site_name":"Gr\u00e1ficas Beyco","article_modified_time":"2025-05-02T17:02:59+00:00","og_image":[{"width":1134,"height":796,"url":"https:\/\/graficasbeyco.com\/wp-content\/uploads\/2025\/04\/eficiencia-1.webp","type":"image\/webp"}],"twitter_card":"summary_large_image","twitter_misc":{"Temps estimat de lectura":"1 minut"},"schema":{"@context":"https:\/\/schema.org","@graph":[{"@type":"WebPage","@id":"https:\/\/graficasbeyco.com\/ca\/estalvi-i-eficiencia-energetica\/","url":"https:\/\/graficasbeyco.com\/ca\/estalvi-i-eficiencia-energetica\/","name":"Estalvi i efici\u00e8ncia energ\u00e8tica - Gr\u00e1ficas Beyco","isPartOf":{"@id":"https:\/\/graficasbeyco.com\/ca\/#website"},"primaryImageOfPage":{"@id":"https:\/\/graficasbeyco.com\/ca\/estalvi-i-eficiencia-energetica\/#primaryimage"},"image":{"@id":"https:\/\/graficasbeyco.com\/ca\/estalvi-i-eficiencia-energetica\/#primaryimage"},"thumbnailUrl":"https:\/\/graficasbeyco.com\/wp-content\/uploads\/2025\/04\/eficiencia-1-1024x719.webp","datePublished":"2025-04-25T16:42:31+00:00","dateModified":"2025-05-02T17:02:59+00:00","breadcrumb":{"@id":"https:\/\/graficasbeyco.com\/ca\/estalvi-i-eficiencia-energetica\/#breadcrumb"},"inLanguage":"ca","potentialAction":[{"@type":"ReadAction","target":["https:\/\/graficasbeyco.com\/ca\/estalvi-i-eficiencia-energetica\/"]}]},{"@type":"ImageObject","inLanguage":"ca","@id":"https:\/\/graficasbeyco.com\/ca\/estalvi-i-eficiencia-energetica\/#primaryimage","url":"https:\/\/graficasbeyco.com\/wp-content\/uploads\/2025\/04\/eficiencia-1-1024x719.webp","contentUrl":"https:\/\/graficasbeyco.com\/wp-content\/uploads\/2025\/04\/eficiencia-1-1024x719.webp"},{"@type":"BreadcrumbList","@id":"https:\/\/graficasbeyco.com\/ca\/estalvi-i-eficiencia-energetica\/#breadcrumb","itemListElement":[{"@type":"ListItem","position":1,"name":"Portada","item":"https:\/\/graficasbeyco.com\/ca\/"},{"@type":"ListItem","position":2,"name":"Estalvi i efici\u00e8ncia energ\u00e8tica"}]},{"@type":"WebSite","@id":"https:\/\/graficasbeyco.com\/ca\/#website","url":"https:\/\/graficasbeyco.com\/ca\/","name":"Gr\u00e1ficas Beyco","description":"producci\u00f3n de estuches y envases plegables en cartoncillo y cart\u00f3n ondulado.","publisher":{"@id":"https:\/\/graficasbeyco.com\/ca\/#organization"},"potentialAction":[{"@type":"SearchAction","target":{"@type":"EntryPoint","urlTemplate":"https:\/\/graficasbeyco.com\/ca\/?s={search_term_string}"},"query-input":{"@type":"PropertyValueSpecification","valueRequired":true,"valueName":"search_term_string"}}],"inLanguage":"ca"},{"@type":"Organization","@id":"https:\/\/graficasbeyco.com\/ca\/#organization","name":"Gr\u00e1ficas Beyco","url":"https:\/\/graficasbeyco.com\/ca\/","logo":{"@type":"ImageObject","inLanguage":"ca","@id":"https:\/\/graficasbeyco.com\/ca\/#\/schema\/logo\/image\/","url":"https:\/\/graficasbeyco.com\/wp-content\/uploads\/2024\/11\/Logotip-03.png","contentUrl":"https:\/\/graficasbeyco.com\/wp-content\/uploads\/2024\/11\/Logotip-03.png","width":10143,"height":1697,"caption":"Gr\u00e1ficas Beyco"},"image":{"@id":"https:\/\/graficasbeyco.com\/ca\/#\/schema\/logo\/image\/"}}]}},"_links":{"self":[{"href":"https:\/\/graficasbeyco.com\/ca\/wp-json\/wp\/v2\/pages\/8857","targetHints":{"allow":["GET"]}}],"collection":[{"href":"https:\/\/graficasbeyco.com\/ca\/wp-json\/wp\/v2\/pages"}],"about":[{"href":"https:\/\/graficasbeyco.com\/ca\/wp-json\/wp\/v2\/types\/page"}],"author":[{"embeddable":true,"href":"https:\/\/graficasbeyco.com\/ca\/wp-json\/wp\/v2\/users\/4"}],"replies":[{"embeddable":true,"href":"https:\/\/graficasbeyco.com\/ca\/wp-json\/wp\/v2\/comments?post=8857"}],"version-history":[{"count":1,"href":"https:\/\/graficasbeyco.com\/ca\/wp-json\/wp\/v2\/pages\/8857\/revisions"}],"predecessor-version":[{"id":8858,"href":"https:\/\/graficasbeyco.com\/ca\/wp-json\/wp\/v2\/pages\/8857\/revisions\/8858"}],"wp:attachment":[{"href":"https:\/\/graficasbeyco.com\/ca\/wp-json\/wp\/v2\/media?parent=8857"}],"curies":[{"name":"wp","href":"https:\/\/api.w.org\/{rel}","templated":true}]}}