{"id":8946,"date":"2024-03-25T02:47:55","date_gmt":"2024-03-25T01:47:55","guid":{"rendered":"https:\/\/graficasbeyco.com\/contacte\/"},"modified":"2025-05-02T22:47:28","modified_gmt":"2025-05-02T20:47:28","slug":"contacte","status":"publish","type":"page","link":"https:\/\/graficasbeyco.com\/ca\/contacte\/","title":{"rendered":"Contacte"},"content":{"rendered":"\t\t<div data-elementor-type=\"wp-page\" data-elementor-id=\"8946\" class=\"elementor elementor-8946 elementor-57\">\n\t\t\t\t<div class=\"elementor-element elementor-element-1cfc0d6 e-flex e-con-boxed e-con e-parent\" data-id=\"1cfc0d6\" data-element_type=\"container\">\n\t\t\t\t\t<div class=\"e-con-inner\">\n\t\t<div class=\"elementor-element elementor-element-0f2db1d e-con-full e-flex e-con e-child\" data-id=\"0f2db1d\" data-element_type=\"container\">\n\t\t\t\t<div class=\"elementor-element elementor-element-c18e6da elementor-widget__width-initial animated-fast elementor-widget-divider--view-line elementor-invisible elementor-widget elementor-widget-divider\" data-id=\"c18e6da\" data-element_type=\"widget\" data-settings=\"{&quot;_animation&quot;:&quot;zoomInRight&quot;}\" data-widget_type=\"divider.default\">\n\t\t\t\t<div class=\"elementor-widget-container\">\n\t\t\t\t\t\t\t<div class=\"elementor-divider\">\n\t\t\t<span class=\"elementor-divider-separator\">\n\t\t\t\t\t\t<\/span>\n\t\t<\/div>\n\t\t\t\t\t\t<\/div>\n\t\t\t\t<\/div>\n\t\t\t\t<div class=\"elementor-element elementor-element-1e896fa animated-fast elementor-invisible elementor-widget elementor-widget-heading\" data-id=\"1e896fa\" data-element_type=\"widget\" data-settings=\"{&quot;_animation&quot;:&quot;opal-scale-up&quot;}\" data-widget_type=\"heading.default\">\n\t\t\t\t<div class=\"elementor-widget-container\">\n\t\t\t\t\t<p class=\"elementor-heading-title elementor-size-default\">contacta'ns<\/p>\t\t\t\t<\/div>\n\t\t\t\t<\/div>\n\t\t\t\t<\/div>\n\t\t<div class=\"elementor-element elementor-element-1c206ed e-con-full e-flex e-con e-child\" data-id=\"1c206ed\" data-element_type=\"container\">\n\t\t\t\t<div class=\"elementor-element elementor-element-85a47f1 elementor-widget__width-initial animated-fast elementor-invisible elementor-widget elementor-widget-heading\" data-id=\"85a47f1\" data-element_type=\"widget\" data-settings=\"{&quot;_animation&quot;:&quot;opal-move-left&quot;}\" data-widget_type=\"heading.default\">\n\t\t\t\t<div class=\"elementor-widget-container\">\n\t\t\t\t\t<h2 class=\"elementor-heading-title elementor-size-default\">Ens encantaria treballar per a tu<\/h2>\t\t\t\t<\/div>\n\t\t\t\t<\/div>\n\t\t\t\t<\/div>\n\t\t\t\t\t<\/div>\n\t\t\t\t<\/div>\n\t\t<div class=\"elementor-element elementor-element-a0307b2 e-flex e-con-boxed e-con e-parent\" data-id=\"a0307b2\" data-element_type=\"container\" data-settings=\"{&quot;background_background&quot;:&quot;gradient&quot;}\">\n\t\t\t\t\t<div class=\"e-con-inner\">\n\t\t<div class=\"elementor-element elementor-element-89c1bf7 e-con-full e-flex e-con e-child\" data-id=\"89c1bf7\" data-element_type=\"container\">\n\t\t\t\t<div class=\"elementor-element elementor-element-fb48304 elementor-widget elementor-widget-heading\" data-id=\"fb48304\" data-element_type=\"widget\" data-widget_type=\"heading.default\">\n\t\t\t\t<div class=\"elementor-widget-container\">\n\t\t\t\t\t<h5 class=\"elementor-heading-title elementor-size-default\">Tens un projecte al cap?<\/h5>\t\t\t\t<\/div>\n\t\t\t\t<\/div>\n\t\t\t\t<div class=\"elementor-element elementor-element-4ce293c elementor-widget__width-initial elementor-widget elementor-widget-text-editor\" data-id=\"4ce293c\" data-element_type=\"widget\" data-widget_type=\"text-editor.default\">\n\t\t\t\t<div class=\"elementor-widget-container\">\n\t\t\t\t\t\t\t\t\t<p><span style=\"font-weight: 400;\">Estem a punt per ajudar-te! Ens encantaria saber m\u00e9s sobre el teu projecte i oferir-te la millor soluci\u00f3 de packaging. <\/span><\/p>\t\t\t\t\t\t\t\t<\/div>\n\t\t\t\t<\/div>\n\t\t\t\t<div class=\"elementor-element elementor-element-661593a elementor-widget__width-initial elementor-widget elementor-widget-rebuilto-contactform\" data-id=\"661593a\" data-element_type=\"widget\" data-widget_type=\"rebuilto-contactform.default\">\n\t\t\t\t<div class=\"elementor-widget-container\">\n\t\t\t\t\t\n<div class=\"wpcf7 no-js\" id=\"wpcf7-f8911-o1\" lang=\"ca\" dir=\"ltr\" data-wpcf7-id=\"8911\">\n<div class=\"screen-reader-response\"><p role=\"status\" aria-live=\"polite\" aria-atomic=\"true\"><\/p> <ul><\/ul><\/div>\n<form action=\"\/ca\/wp-json\/wp\/v2\/pages\/8946#wpcf7-f8911-o1\" method=\"post\" class=\"wpcf7-form init\" aria-label=\"Formulari de contacte\" novalidate=\"novalidate\" data-status=\"init\">\n<div style=\"display: none;\">\n<input type=\"hidden\" name=\"_wpcf7\" value=\"8911\" \/>\n<input type=\"hidden\" name=\"_wpcf7_version\" value=\"6.0.6\" \/>\n<input type=\"hidden\" name=\"_wpcf7_locale\" value=\"ca\" \/>\n<input type=\"hidden\" name=\"_wpcf7_unit_tag\" value=\"wpcf7-f8911-o1\" \/>\n<input type=\"hidden\" name=\"_wpcf7_container_post\" value=\"0\" \/>\n<input type=\"hidden\" name=\"_wpcf7_posted_data_hash\" value=\"\" \/>\n<input type=\"hidden\" name=\"_wpcf7_recaptcha_response\" value=\"\" \/>\n<\/div>\n<div class=\"ct-form\">\n\t<div class=\"row\">\n\t\t<div class=\"column-name\">\n\t\t\t<p><span class=\"wpcf7-form-control-wrap\" data-name=\"your-name\"><input size=\"40\" maxlength=\"400\" class=\"wpcf7-form-control wpcf7-text wpcf7-validates-as-required\" autocomplete=\"name\" aria-required=\"true\" aria-invalid=\"false\" placeholder=\"Name *\" value=\"\" type=\"text\" name=\"your-name\" \/><\/span>\n\t\t\t<\/p>\n\t\t<\/div>\n\t\t<div class=\"column-number\">\n\t\t\t<p><span class=\"wpcf7-form-control-wrap\" data-name=\"your-number\"><input size=\"40\" maxlength=\"400\" class=\"wpcf7-form-control wpcf7-tel wpcf7-validates-as-required wpcf7-text wpcf7-validates-as-tel\" autocomplete=\"email\" aria-required=\"true\" aria-invalid=\"false\" placeholder=\"N\u00famero de tel\u00e8fon *\" value=\"\" type=\"tel\" name=\"your-number\" \/><\/span>\n\t\t\t<\/p>\n\t\t<\/div>\n\t<\/div>\n\t<div class=\"row\">\n\t\t<div class=\"column-email\">\n\t\t\t<p><span class=\"wpcf7-form-control-wrap\" data-name=\"your-email\"><input size=\"40\" maxlength=\"400\" class=\"wpcf7-form-control wpcf7-email wpcf7-validates-as-required wpcf7-text wpcf7-validates-as-email\" autocomplete=\"email\" aria-required=\"true\" aria-invalid=\"false\" placeholder=\"Email *\" value=\"\" type=\"email\" name=\"your-email\" \/><\/span>\n\t\t\t<\/p>\n\t\t<\/div>\n\t<\/div>\n\t<div class=\"row\">\n\t\t<div class=\"column-message\">\n\t\t\t<p><span class=\"wpcf7-form-control-wrap\" data-name=\"your-message\"><textarea cols=\"40\" rows=\"3\" maxlength=\"2000\" class=\"wpcf7-form-control wpcf7-textarea\" aria-invalid=\"false\" placeholder=\"Deixa&#039;ns el teu comentari...\" name=\"your-message\"><\/textarea><\/span>\n\t\t\t<\/p>\n\t\t<\/div>\n\t<\/div>\n\t<div class=\"ct-button elementor-button-type-outline elementor-widget-rebuilto-button\">\n\t\t<p><button class=\"elementor-button\" type=\"submit\"><span class=\"elementor-button-text\" data-name=\"Enviar\"><span>Enviar<\/span><\/span><span class=\"elementor-button-icon elementor-align-icon-right\"><i aria-hidden=\"true\" class=\"rebuilto-icon- rebuilto-icon-arrow-up-right\"><\/i><\/span><\/button>\n\t\t<\/p>\n\t<\/div>\n<\/div><div class=\"wpcf7-response-output\" aria-hidden=\"true\"><\/div>\n<\/form>\n<\/div>\n\t\t\t\t<\/div>\n\t\t\t\t<\/div>\n\t\t\t\t<\/div>\n\t\t<div class=\"elementor-element elementor-element-fd1bc5a e-con-full e-flex e-con e-child\" data-id=\"fd1bc5a\" data-element_type=\"container\">\n\t\t\t\t<div class=\"elementor-element elementor-element-0845100 elementor-widget elementor-widget-heading\" data-id=\"0845100\" data-element_type=\"widget\" data-widget_type=\"heading.default\">\n\t\t\t\t<div class=\"elementor-widget-container\">\n\t\t\t\t\t<h5 class=\"elementor-heading-title elementor-size-default\">Les nostres oficines<\/h5>\t\t\t\t<\/div>\n\t\t\t\t<\/div>\n\t\t\t\t<div class=\"elementor-element elementor-element-18ad9fe elementor-widget elementor-widget-text-editor\" data-id=\"18ad9fe\" data-element_type=\"widget\" data-widget_type=\"text-editor.default\">\n\t\t\t\t<div class=\"elementor-widget-container\">\n\t\t\t\t\t\t\t\t\t<p>Solem respondre en un termini de 24 hores. Alternativament, pots trucar a les nostres oficines. <\/p>\t\t\t\t\t\t\t\t<\/div>\n\t\t\t\t<\/div>\n\t\t\t\t<div class=\"elementor-element elementor-element-67ccb92 elementor-widget elementor-widget-image\" data-id=\"67ccb92\" data-element_type=\"widget\" data-widget_type=\"image.default\">\n\t\t\t\t<div class=\"elementor-widget-container\">\n\t\t\t\t\t\t\t\t\t\t\t\t\t\t\t<img fetchpriority=\"high\" decoding=\"async\" width=\"1000\" height=\"667\" src=\"https:\/\/graficasbeyco.com\/wp-content\/uploads\/2025\/03\/contacto.webp\" class=\"attachment-full size-full wp-image-7825\" alt=\"\" srcset=\"https:\/\/graficasbeyco.com\/wp-content\/uploads\/2025\/03\/contacto.webp 1000w, https:\/\/graficasbeyco.com\/wp-content\/uploads\/2025\/03\/contacto-300x200.webp 300w, https:\/\/graficasbeyco.com\/wp-content\/uploads\/2025\/03\/contacto-768x512.webp 768w\" sizes=\"(max-width: 1000px) 100vw, 1000px\" \/>\t\t\t\t\t\t\t\t\t\t\t\t\t\t\t<\/div>\n\t\t\t\t<\/div>\n\t\t\t\t<div class=\"elementor-element elementor-element-8f71bd5 elementor-widget elementor-widget-text-editor\" data-id=\"8f71bd5\" data-element_type=\"widget\" data-widget_type=\"text-editor.default\">\n\t\t\t\t<div class=\"elementor-widget-container\">\n\t\t\t\t\t\t\t\t\t<p>Carretera del Mig, 167<br>08907 L&#8217;Hospitalet de Llobregat (Barcelona)<\/p>\t\t\t\t\t\t\t\t<\/div>\n\t\t\t\t<\/div>\n\t\t\t\t<div class=\"elementor-element elementor-element-8080474 elementor-widget elementor-widget-heading\" data-id=\"8080474\" data-element_type=\"widget\" data-widget_type=\"heading.default\">\n\t\t\t\t<div class=\"elementor-widget-container\">\n\t\t\t\t\t<p class=\"elementor-heading-title elementor-size-default\">933 365 863<\/p>\t\t\t\t<\/div>\n\t\t\t\t<\/div>\n\t\t\t\t<div class=\"elementor-element elementor-element-ae6f8f3 elementor-widget elementor-widget-text-editor\" data-id=\"ae6f8f3\" data-element_type=\"widget\" data-widget_type=\"text-editor.default\">\n\t\t\t\t<div class=\"elementor-widget-container\">\n\t\t\t\t\t\t\t\t\t<p>beyco@graficasbeyco.com<\/p>\t\t\t\t\t\t\t\t<\/div>\n\t\t\t\t<\/div>\n\t\t\t\t<\/div>\n\t\t\t\t\t<\/div>\n\t\t\t\t<\/div>\n\t\t<div class=\"elementor-element elementor-element-6377111 e-con-full e-flex e-con e-parent\" data-id=\"6377111\" data-element_type=\"container\">\n\t\t\t\t<div class=\"elementor-element elementor-element-0ee0fc8 elementor-widget elementor-widget-google_maps\" data-id=\"0ee0fc8\" data-element_type=\"widget\" data-widget_type=\"google_maps.default\">\n\t\t\t\t<div class=\"elementor-widget-container\">\n\t\t\t\t\t\t\t<div class=\"elementor-custom-embed\">\n\t\t\t<iframe loading=\"lazy\"\n\t\t\t\t\tsrc=\"https:\/\/maps.google.com\/maps?q=Carretera%20del%20mig%2C%20167%2008907%20L%27Hospitalet%20de%20Llobregat%20%28Barcelona%29&#038;t=m&#038;z=13&#038;output=embed&#038;iwloc=near\"\n\t\t\t\t\ttitle=\"Carretera del mig, 167 08907 L&#039;Hospitalet de Llobregat (Barcelona)\"\n\t\t\t\t\taria-label=\"Carretera del mig, 167 08907 L&#039;Hospitalet de Llobregat (Barcelona)\"\n\t\t\t><\/iframe>\n\t\t<\/div>\n\t\t\t\t\t\t<\/div>\n\t\t\t\t<\/div>\n\t\t\t\t<\/div>\n\t\t\t\t<\/div>\n\t\t","protected":false},"excerpt":{"rendered":"<p>contacta&#8217;ns Ens encantaria treballar per a tu Tens un projecte al cap? Estem a punt per ajudar-te! Ens encantaria saber m\u00e9s sobre el teu projecte i oferir-te la millor soluci\u00f3 de packaging. Enviar Les nostres oficines Solem respondre en un termini de 24 hores. Alternativament, pots trucar a les nostres oficines. Carretera del Mig, 16708907 [&hellip;]<\/p>\n","protected":false},"author":1,"featured_media":0,"parent":0,"menu_order":0,"comment_status":"closed","ping_status":"closed","template":"template-homepage.php","meta":{"_joinchat":[],"footnotes":""},"class_list":["post-8946","page","type-page","status-publish","hentry"],"yoast_head":"<!-- This site is optimized with the Yoast SEO plugin v24.8.1 - https:\/\/yoast.com\/wordpress\/plugins\/seo\/ -->\n<title>Contacte - Gr\u00e1ficas Beyco<\/title>\n<meta name=\"description\" content=\"Ens encantaria treballar per a tu. Posa&#039;t en contacte amb Gr\u00e0fiques Beyco i t&#039;ajudarem a impulsar el teu projecte.\" \/>\n<meta name=\"robots\" content=\"index, follow, max-snippet:-1, max-image-preview:large, max-video-preview:-1\" \/>\n<link rel=\"canonical\" href=\"https:\/\/graficasbeyco.com\/ca\/contacte\/\" \/>\n<meta property=\"og:locale\" content=\"ca_ES\" \/>\n<meta property=\"og:type\" content=\"article\" \/>\n<meta property=\"og:title\" content=\"Contacte - Gr\u00e1ficas Beyco\" \/>\n<meta property=\"og:description\" content=\"Ens encantaria treballar per a tu. Posa&#039;t en contacte amb Gr\u00e0fiques Beyco i t&#039;ajudarem a impulsar el teu projecte.\" \/>\n<meta property=\"og:url\" content=\"https:\/\/graficasbeyco.com\/ca\/contacte\/\" \/>\n<meta property=\"og:site_name\" content=\"Gr\u00e1ficas Beyco\" \/>\n<meta property=\"article:modified_time\" content=\"2025-05-02T20:47:28+00:00\" \/>\n<meta property=\"og:image\" content=\"https:\/\/graficasbeyco.com\/wp-content\/uploads\/2025\/03\/contacto.webp\" \/>\n\t<meta property=\"og:image:width\" content=\"1000\" \/>\n\t<meta property=\"og:image:height\" content=\"667\" \/>\n\t<meta property=\"og:image:type\" content=\"image\/webp\" \/>\n<meta name=\"twitter:card\" content=\"summary_large_image\" \/>\n<meta name=\"twitter:label1\" content=\"Temps estimat de lectura\" \/>\n\t<meta name=\"twitter:data1\" content=\"1 minut\" \/>\n<script type=\"application\/ld+json\" class=\"yoast-schema-graph\">{\"@context\":\"https:\/\/schema.org\",\"@graph\":[{\"@type\":\"WebPage\",\"@id\":\"https:\/\/graficasbeyco.com\/ca\/contacte\/\",\"url\":\"https:\/\/graficasbeyco.com\/ca\/contacte\/\",\"name\":\"Contacte - Gr\u00e1ficas Beyco\",\"isPartOf\":{\"@id\":\"https:\/\/graficasbeyco.com\/ca\/#website\"},\"primaryImageOfPage\":{\"@id\":\"https:\/\/graficasbeyco.com\/ca\/contacte\/#primaryimage\"},\"image\":{\"@id\":\"https:\/\/graficasbeyco.com\/ca\/contacte\/#primaryimage\"},\"thumbnailUrl\":\"https:\/\/graficasbeyco.com\/wp-content\/uploads\/2025\/03\/contacto.webp\",\"datePublished\":\"2024-03-25T01:47:55+00:00\",\"dateModified\":\"2025-05-02T20:47:28+00:00\",\"description\":\"Ens encantaria treballar per a tu. Posa't en contacte amb Gr\u00e0fiques Beyco i t'ajudarem a impulsar el teu projecte.\",\"breadcrumb\":{\"@id\":\"https:\/\/graficasbeyco.com\/ca\/contacte\/#breadcrumb\"},\"inLanguage\":\"ca\",\"potentialAction\":[{\"@type\":\"ReadAction\",\"target\":[\"https:\/\/graficasbeyco.com\/ca\/contacte\/\"]}]},{\"@type\":\"ImageObject\",\"inLanguage\":\"ca\",\"@id\":\"https:\/\/graficasbeyco.com\/ca\/contacte\/#primaryimage\",\"url\":\"https:\/\/graficasbeyco.com\/wp-content\/uploads\/2025\/03\/contacto.webp\",\"contentUrl\":\"https:\/\/graficasbeyco.com\/wp-content\/uploads\/2025\/03\/contacto.webp\"},{\"@type\":\"BreadcrumbList\",\"@id\":\"https:\/\/graficasbeyco.com\/ca\/contacte\/#breadcrumb\",\"itemListElement\":[{\"@type\":\"ListItem\",\"position\":1,\"name\":\"Portada\",\"item\":\"https:\/\/graficasbeyco.com\/ca\/\"},{\"@type\":\"ListItem\",\"position\":2,\"name\":\"Contacte\"}]},{\"@type\":\"WebSite\",\"@id\":\"https:\/\/graficasbeyco.com\/ca\/#website\",\"url\":\"https:\/\/graficasbeyco.com\/ca\/\",\"name\":\"Gr\u00e1ficas Beyco\",\"description\":\"producci\u00f3n de estuches y envases plegables en cartoncillo y cart\u00f3n ondulado.\",\"publisher\":{\"@id\":\"https:\/\/graficasbeyco.com\/ca\/#organization\"},\"potentialAction\":[{\"@type\":\"SearchAction\",\"target\":{\"@type\":\"EntryPoint\",\"urlTemplate\":\"https:\/\/graficasbeyco.com\/ca\/?s={search_term_string}\"},\"query-input\":{\"@type\":\"PropertyValueSpecification\",\"valueRequired\":true,\"valueName\":\"search_term_string\"}}],\"inLanguage\":\"ca\"},{\"@type\":\"Organization\",\"@id\":\"https:\/\/graficasbeyco.com\/ca\/#organization\",\"name\":\"Gr\u00e1ficas Beyco\",\"url\":\"https:\/\/graficasbeyco.com\/ca\/\",\"logo\":{\"@type\":\"ImageObject\",\"inLanguage\":\"ca\",\"@id\":\"https:\/\/graficasbeyco.com\/ca\/#\/schema\/logo\/image\/\",\"url\":\"https:\/\/graficasbeyco.com\/wp-content\/uploads\/2024\/11\/Logotip-03.png\",\"contentUrl\":\"https:\/\/graficasbeyco.com\/wp-content\/uploads\/2024\/11\/Logotip-03.png\",\"width\":10143,\"height\":1697,\"caption\":\"Gr\u00e1ficas Beyco\"},\"image\":{\"@id\":\"https:\/\/graficasbeyco.com\/ca\/#\/schema\/logo\/image\/\"}}]}<\/script>\n<!-- \/ Yoast SEO plugin. -->","yoast_head_json":{"title":"Contacte - Gr\u00e1ficas Beyco","description":"Ens encantaria treballar per a tu. Posa't en contacte amb Gr\u00e0fiques Beyco i t'ajudarem a impulsar el teu projecte.","robots":{"index":"index","follow":"follow","max-snippet":"max-snippet:-1","max-image-preview":"max-image-preview:large","max-video-preview":"max-video-preview:-1"},"canonical":"https:\/\/graficasbeyco.com\/ca\/contacte\/","og_locale":"ca_ES","og_type":"article","og_title":"Contacte - Gr\u00e1ficas Beyco","og_description":"Ens encantaria treballar per a tu. Posa't en contacte amb Gr\u00e0fiques Beyco i t'ajudarem a impulsar el teu projecte.","og_url":"https:\/\/graficasbeyco.com\/ca\/contacte\/","og_site_name":"Gr\u00e1ficas Beyco","article_modified_time":"2025-05-02T20:47:28+00:00","og_image":[{"width":1000,"height":667,"url":"https:\/\/graficasbeyco.com\/wp-content\/uploads\/2025\/03\/contacto.webp","type":"image\/webp"}],"twitter_card":"summary_large_image","twitter_misc":{"Temps estimat de lectura":"1 minut"},"schema":{"@context":"https:\/\/schema.org","@graph":[{"@type":"WebPage","@id":"https:\/\/graficasbeyco.com\/ca\/contacte\/","url":"https:\/\/graficasbeyco.com\/ca\/contacte\/","name":"Contacte - Gr\u00e1ficas Beyco","isPartOf":{"@id":"https:\/\/graficasbeyco.com\/ca\/#website"},"primaryImageOfPage":{"@id":"https:\/\/graficasbeyco.com\/ca\/contacte\/#primaryimage"},"image":{"@id":"https:\/\/graficasbeyco.com\/ca\/contacte\/#primaryimage"},"thumbnailUrl":"https:\/\/graficasbeyco.com\/wp-content\/uploads\/2025\/03\/contacto.webp","datePublished":"2024-03-25T01:47:55+00:00","dateModified":"2025-05-02T20:47:28+00:00","description":"Ens encantaria treballar per a tu. Posa't en contacte amb Gr\u00e0fiques Beyco i t'ajudarem a impulsar el teu projecte.","breadcrumb":{"@id":"https:\/\/graficasbeyco.com\/ca\/contacte\/#breadcrumb"},"inLanguage":"ca","potentialAction":[{"@type":"ReadAction","target":["https:\/\/graficasbeyco.com\/ca\/contacte\/"]}]},{"@type":"ImageObject","inLanguage":"ca","@id":"https:\/\/graficasbeyco.com\/ca\/contacte\/#primaryimage","url":"https:\/\/graficasbeyco.com\/wp-content\/uploads\/2025\/03\/contacto.webp","contentUrl":"https:\/\/graficasbeyco.com\/wp-content\/uploads\/2025\/03\/contacto.webp"},{"@type":"BreadcrumbList","@id":"https:\/\/graficasbeyco.com\/ca\/contacte\/#breadcrumb","itemListElement":[{"@type":"ListItem","position":1,"name":"Portada","item":"https:\/\/graficasbeyco.com\/ca\/"},{"@type":"ListItem","position":2,"name":"Contacte"}]},{"@type":"WebSite","@id":"https:\/\/graficasbeyco.com\/ca\/#website","url":"https:\/\/graficasbeyco.com\/ca\/","name":"Gr\u00e1ficas Beyco","description":"producci\u00f3n de estuches y envases plegables en cartoncillo y cart\u00f3n ondulado.","publisher":{"@id":"https:\/\/graficasbeyco.com\/ca\/#organization"},"potentialAction":[{"@type":"SearchAction","target":{"@type":"EntryPoint","urlTemplate":"https:\/\/graficasbeyco.com\/ca\/?s={search_term_string}"},"query-input":{"@type":"PropertyValueSpecification","valueRequired":true,"valueName":"search_term_string"}}],"inLanguage":"ca"},{"@type":"Organization","@id":"https:\/\/graficasbeyco.com\/ca\/#organization","name":"Gr\u00e1ficas Beyco","url":"https:\/\/graficasbeyco.com\/ca\/","logo":{"@type":"ImageObject","inLanguage":"ca","@id":"https:\/\/graficasbeyco.com\/ca\/#\/schema\/logo\/image\/","url":"https:\/\/graficasbeyco.com\/wp-content\/uploads\/2024\/11\/Logotip-03.png","contentUrl":"https:\/\/graficasbeyco.com\/wp-content\/uploads\/2024\/11\/Logotip-03.png","width":10143,"height":1697,"caption":"Gr\u00e1ficas Beyco"},"image":{"@id":"https:\/\/graficasbeyco.com\/ca\/#\/schema\/logo\/image\/"}}]}},"_links":{"self":[{"href":"https:\/\/graficasbeyco.com\/ca\/wp-json\/wp\/v2\/pages\/8946","targetHints":{"allow":["GET"]}}],"collection":[{"href":"https:\/\/graficasbeyco.com\/ca\/wp-json\/wp\/v2\/pages"}],"about":[{"href":"https:\/\/graficasbeyco.com\/ca\/wp-json\/wp\/v2\/types\/page"}],"author":[{"embeddable":true,"href":"https:\/\/graficasbeyco.com\/ca\/wp-json\/wp\/v2\/users\/1"}],"replies":[{"embeddable":true,"href":"https:\/\/graficasbeyco.com\/ca\/wp-json\/wp\/v2\/comments?post=8946"}],"version-history":[{"count":5,"href":"https:\/\/graficasbeyco.com\/ca\/wp-json\/wp\/v2\/pages\/8946\/revisions"}],"predecessor-version":[{"id":8952,"href":"https:\/\/graficasbeyco.com\/ca\/wp-json\/wp\/v2\/pages\/8946\/revisions\/8952"}],"wp:attachment":[{"href":"https:\/\/graficasbeyco.com\/ca\/wp-json\/wp\/v2\/media?parent=8946"}],"curies":[{"name":"wp","href":"https:\/\/api.w.org\/{rel}","templated":true}]}}