{"id":8953,"date":"2024-11-21T07:01:00","date_gmt":"2024-11-21T06:01:00","guid":{"rendered":"https:\/\/graficasbeyco.com\/avis-legal\/"},"modified":"2025-05-02T22:57:29","modified_gmt":"2025-05-02T20:57:29","slug":"avis-legal","status":"publish","type":"page","link":"https:\/\/graficasbeyco.com\/ca\/avis-legal\/","title":{"rendered":"Av\u00eds Legal"},"content":{"rendered":"\t\t<div data-elementor-type=\"wp-page\" data-elementor-id=\"8953\" class=\"elementor elementor-8953 elementor-3\">\n\t\t\t\t<div class=\"elementor-element elementor-element-363b7083 e-flex e-con-boxed e-con e-parent\" data-id=\"363b7083\" data-element_type=\"container\">\n\t\t\t\t\t<div class=\"e-con-inner\">\n\t\t\t\t<div class=\"elementor-element elementor-element-4a479acc elementor-widget elementor-widget-text-editor\" data-id=\"4a479acc\" data-element_type=\"widget\" data-widget_type=\"text-editor.default\">\n\t\t\t\t<div class=\"elementor-widget-container\">\n\t\t\t\t\t\t\t\t\t<p>En compliment de la Llei 34\/2002, de 11 de juliol, de Serveis de la Societat de la Informaci\u00f3 i de Comer\u00e7 Electr\u00f2nic (LSSI-CE), GRAFICAS BEYCO SL informa que \u00e9s titular del lloc web https:\/\/beyco.com\/. D&#8217;acord amb l&#8217;exig\u00e8ncia de l&#8217;article 10 de la Llei esmentada, GRAFICAS BEYCO SL informa de les dades seg\u00fcents:<br>El titular d&#8217;aquest lloc web \u00e9s GRAFICAS BEYCO SL, amb CIF B08619363 i domicili social al C\/ DEL MEDI 167 08900, HOSPITALET DE LLOBREGAT, L\u2019 (BARCELONA), Inscrita al Registre Mercantil de Barcelona, \u200b\u200bTom 10.051 \u20138 5a. L&#8217;adre\u00e7a electr\u00f2nica de contacte amb l&#8217;empresa \u00e9s: beyco@graficasbeyco.com. <\/p>\n<p><\/p>\n<h2 class=\"wp-block-heading\"><strong>Usuari i r\u00e8gim de responsabilitats<\/strong><\/h2>\n<p><\/p>\n<p>La navegaci\u00f3, acc\u00e9s i \u00fas pel lloc web de GRAFICAS BEYCO SL confereix la condici\u00f3 d&#8217;usuari, per la qual s&#8217;accepten, des de la navegaci\u00f3 pel lloc web de GRAFICAS BEYCO SL, totes les condicions d&#8217;\u00fas establertes aqu\u00ed sense perjudici de l&#8217;aplicaci\u00f3 de la corresponent normativa d&#8217;obligat compliment legal segons el cas.<br>El lloc web de GRAFICAS BEYCO SL proporciona una gran diversitat d&#8217;informaci\u00f3, serveis i dades. L&#8217;usuari assumeix la responsabilitat en l&#8217;\u00fas correcte del lloc web. Aquesta responsabilitat s&#8217;estendr\u00e0 a:<br>&#8211; La veracitat i licitud de les informacions aportades per l&#8217;usuari als formularis estesos per GRAFICAS BEYCO SL per a l&#8217;acc\u00e9s a certs continguts o serveis oferts pel web.<br>\u2013 L&#8217;\u00fas de la informaci\u00f3, serveis i dades ofertes per GRAFICAS BEYCO SL contr\u00e0riament al que disposen aquestes condicions, la Llei, la moral, els bons costums o l&#8217;ordre p\u00fablic, o que de qualsevol altra manera puguin suposar lesi\u00f3 dels drets de tercers o del mateix funcionament del lloc web.  <\/p>\n<p><\/p>\n<h2 class=\"wp-block-heading\"><strong>Pol\u00edtica d&#8217;enlla\u00e7os i exempcions de responsabilitat<\/strong><\/h2>\n<p><\/p>\n<p>GRAFICAS BEYCO SL no es fa responsable del contingut dels llocs web als quals l&#8217;usuari pugui accedir a trav\u00e9s dels enlla\u00e7os establerts al seu lloc web i declara que en cap cas procedir\u00e0 a examinar o exercitar cap tipus de control sobre el contingut d&#8217;altres llocs de la xarxa.<br>GRAFICAS BEYCO SL declara haver adoptat totes les mesures necess\u00e0ries per evitar qualsevol dany als usuaris del seu lloc web, que poguessin derivar-se de la navegaci\u00f3 pel seu lloc web.  <\/p>\n<p><\/p>\n<h2 class=\"wp-block-heading\"><strong>Modificacions<\/strong><\/h2>\n<p><\/p>\n<p>GRAFICAS BEYCO SL es reserva el dret a realitzar les modificacions que consideri oportunes, sense av\u00eds previ, al contingut del seu lloc web. Tant pel que fa als continguts del lloc web, com a les condicions d&#8217;\u00fas. Aquestes modificacions podran realitzar-se a trav\u00e9s del seu lloc web per qualsevol forma admissible en dret i seran de compliment obligat durant el temps en qu\u00e8 es trobin publicades al web i fins que no siguin modificades v\u00e0lidament per altres posteriors.  <\/p>\n<p><\/p>\n<h2 class=\"wp-block-heading\"><strong>Propietat intel\u00b7lectual i industrial<\/strong><\/h2>\n<p><\/p>\n<p>GRAFICAS BEYCO SL, per si mateixa o com a cession\u00e0ria, \u00e9s titular de tots els drets de propietat intel\u00b7lectual i industrial del seu lloc web, aix\u00ed com dels elements continguts en aquest (a t\u00edtol enunciatiu, imatges, so, \u00e0udio, v\u00eddeo, programari o textos; marques o logotips, combinacions de colors, estructura i disseny, selecci\u00f3 de materials utilitzats, programes d&#8217;ordinador necessaris per al seu funcionament, acc\u00e9s i \u00fas, etc.), titularitat de GRAFICAS BEYCO SL. Seran, per tant, obres protegides com a propietat intel\u00b7lectual per l&#8217;ordenament jur\u00eddic espanyol, essent-los aplicable tant la normativa espanyola i comunit\u00e0ria en aquest \u00e0mbit, com els tractats internacionals relatius a la mat\u00e8ria i subscrits per Espanya.<br>Tots els drets reservats. En virtut del que disposa la Llei de Propietat Intel\u00b7lectual, queda expressament prohibida la reproducci\u00f3, la distribuci\u00f3 i la comunicaci\u00f3 p\u00fablica, inclosa la seva modalitat de posada a disposici\u00f3, de la totalitat o part dels continguts d&#8217;aquest lloc web, amb fins comercials, en qualsevol suport i per qualsevol mitj\u00e0 t\u00e8cnic, sense l&#8217;autoritzaci\u00f3 de GRAFICAS BEYCO SL.<br>L&#8217;usuari es compromet a respectar els drets de Propietat Intel\u00b7lectual i Industrial titularitat de GRAFICAS BEYCO SL. Podr\u00e0 visualitzar els elements del portal i fins i tot imprimir-los, copiar-los i emmagatzemar-los en el disc dur del seu ordinador o en qualsevol altre suport f\u00edsic sempre que sigui, \u00fanica i exclusivament, per al seu \u00fas personal i privat. L&#8217;usuari haur\u00e0 d&#8217;abstenir-se de suprimir, alterar, eludir o manipular qualsevol dispositiu de protecci\u00f3 o sistema de seguretat que estigui instal\u00b7lat a les p\u00e0gines de GRAFICAS BEYCO SL.    <\/p>\n<p><\/p>\n<h2 class=\"wp-block-heading\"><strong>Accions legals, legislaci\u00f3 aplicable i jurisdicci\u00f3<\/strong><\/h2>\n<p><\/p>\n<p>GRAFICAS BEYCO SL es reserva, aix\u00ed mateix, la facultat de presentar les accions civils o penals que consideri oportunes per la utilitzaci\u00f3 indeguda del lloc web i continguts, o per l&#8217;incompliment de les presents condicions.<br>La relaci\u00f3 entre l&#8217;usuari i el prestador es regir\u00e0 per la normativa vigent i aplicable al territori espanyol. Si sorgeix qualsevol controv\u00e8rsia, les parts poden sotmetre els seus conflictes a arbitratge o acudir a la jurisdicci\u00f3 ordin\u00e0ria complint amb les normes sobre jurisdicci\u00f3 i compet\u00e8ncia sobre aix\u00f2. GRAFICAS BEYCO SL t\u00e9 el domicili a BARCELONA, Espanya.  <\/p>\n<p>Per a m\u00e9s informaci\u00f3, vegeu la nostra <a title=\"Pol\u00edtica de Privadesa\" href=\"https:\/\/beyco.com\/politica-de-privacidad\">Pol\u00edtica de Privadesa<\/a>.<\/p>\n<p><\/p>\n<h2 class=\"wp-block-heading\"><strong>Legislaci\u00f3 aplicable i jurisdicci\u00f3<\/strong><\/h2>\n<p><\/p>\n<p>Aquest Av\u00eds Legal queda subjecte a la vigent legislaci\u00f3 espanyola aplicable. Per a la resoluci\u00f3 de qualsevol conflicte o litigi que es pugui derivar de l&#8217;acc\u00e9s a aquesta p\u00e0gina web, els usuaris i GR\u00c0FIQUES BEYCO, S.L. es comprometen a sotmetre&#8217;s als jutjats que siguin competents. <\/p>\n<p><\/p>\t\t\t\t\t\t\t\t<\/div>\n\t\t\t\t<\/div>\n\t\t\t\t\t<\/div>\n\t\t\t\t<\/div>\n\t\t\t\t<\/div>\n\t\t","protected":false},"excerpt":{"rendered":"<p>En compliment de la Llei 34\/2002, de 11 de juliol, de Serveis de la Societat de la Informaci\u00f3 i de Comer\u00e7 Electr\u00f2nic (LSSI-CE), GRAFICAS BEYCO SL informa que \u00e9s titular del lloc web https:\/\/beyco.com\/. D&#8217;acord amb l&#8217;exig\u00e8ncia de l&#8217;article 10 de la Llei esmentada, GRAFICAS BEYCO SL informa de les dades seg\u00fcents:El titular d&#8217;aquest lloc [&hellip;]<\/p>\n","protected":false},"author":1,"featured_media":0,"parent":0,"menu_order":0,"comment_status":"closed","ping_status":"closed","template":"","meta":{"_joinchat":[],"footnotes":""},"class_list":["post-8953","page","type-page","status-publish","hentry"],"yoast_head":"<!-- This site is optimized with the Yoast SEO plugin v24.8.1 - https:\/\/yoast.com\/wordpress\/plugins\/seo\/ -->\n<title>Av\u00eds Legal - Gr\u00e1ficas Beyco<\/title>\n<meta name=\"robots\" content=\"index, follow, max-snippet:-1, max-image-preview:large, max-video-preview:-1\" \/>\n<link rel=\"canonical\" href=\"https:\/\/graficasbeyco.com\/ca\/avis-legal\/\" \/>\n<meta property=\"og:locale\" content=\"ca_ES\" \/>\n<meta property=\"og:type\" content=\"article\" \/>\n<meta property=\"og:title\" content=\"Av\u00eds Legal - Gr\u00e1ficas Beyco\" \/>\n<meta property=\"og:description\" content=\"En compliment de la Llei 34\/2002, de 11 de juliol, de Serveis de la Societat de la Informaci\u00f3 i de Comer\u00e7 Electr\u00f2nic (LSSI-CE), GRAFICAS BEYCO SL informa que \u00e9s titular del lloc web https:\/\/beyco.com\/. D&#8217;acord amb l&#8217;exig\u00e8ncia de l&#8217;article 10 de la Llei esmentada, GRAFICAS BEYCO SL informa de les dades seg\u00fcents:El titular d&#8217;aquest lloc [&hellip;]\" \/>\n<meta property=\"og:url\" content=\"https:\/\/graficasbeyco.com\/ca\/avis-legal\/\" \/>\n<meta property=\"og:site_name\" content=\"Gr\u00e1ficas Beyco\" \/>\n<meta property=\"article:modified_time\" content=\"2025-05-02T20:57:29+00:00\" \/>\n<meta name=\"twitter:card\" content=\"summary_large_image\" \/>\n<meta name=\"twitter:label1\" content=\"Temps estimat de lectura\" \/>\n\t<meta name=\"twitter:data1\" content=\"4 minuts\" \/>\n<script type=\"application\/ld+json\" class=\"yoast-schema-graph\">{\"@context\":\"https:\/\/schema.org\",\"@graph\":[{\"@type\":\"WebPage\",\"@id\":\"https:\/\/graficasbeyco.com\/ca\/avis-legal\/\",\"url\":\"https:\/\/graficasbeyco.com\/ca\/avis-legal\/\",\"name\":\"Av\u00eds Legal - Gr\u00e1ficas Beyco\",\"isPartOf\":{\"@id\":\"https:\/\/graficasbeyco.com\/ca\/#website\"},\"datePublished\":\"2024-11-21T06:01:00+00:00\",\"dateModified\":\"2025-05-02T20:57:29+00:00\",\"breadcrumb\":{\"@id\":\"https:\/\/graficasbeyco.com\/ca\/avis-legal\/#breadcrumb\"},\"inLanguage\":\"ca\",\"potentialAction\":[{\"@type\":\"ReadAction\",\"target\":[\"https:\/\/graficasbeyco.com\/ca\/avis-legal\/\"]}]},{\"@type\":\"BreadcrumbList\",\"@id\":\"https:\/\/graficasbeyco.com\/ca\/avis-legal\/#breadcrumb\",\"itemListElement\":[{\"@type\":\"ListItem\",\"position\":1,\"name\":\"Portada\",\"item\":\"https:\/\/graficasbeyco.com\/ca\/\"},{\"@type\":\"ListItem\",\"position\":2,\"name\":\"Av\u00eds Legal\"}]},{\"@type\":\"WebSite\",\"@id\":\"https:\/\/graficasbeyco.com\/ca\/#website\",\"url\":\"https:\/\/graficasbeyco.com\/ca\/\",\"name\":\"Gr\u00e1ficas Beyco\",\"description\":\"producci\u00f3n de estuches y envases plegables en cartoncillo y cart\u00f3n ondulado.\",\"publisher\":{\"@id\":\"https:\/\/graficasbeyco.com\/ca\/#organization\"},\"potentialAction\":[{\"@type\":\"SearchAction\",\"target\":{\"@type\":\"EntryPoint\",\"urlTemplate\":\"https:\/\/graficasbeyco.com\/ca\/?s={search_term_string}\"},\"query-input\":{\"@type\":\"PropertyValueSpecification\",\"valueRequired\":true,\"valueName\":\"search_term_string\"}}],\"inLanguage\":\"ca\"},{\"@type\":\"Organization\",\"@id\":\"https:\/\/graficasbeyco.com\/ca\/#organization\",\"name\":\"Gr\u00e1ficas Beyco\",\"url\":\"https:\/\/graficasbeyco.com\/ca\/\",\"logo\":{\"@type\":\"ImageObject\",\"inLanguage\":\"ca\",\"@id\":\"https:\/\/graficasbeyco.com\/ca\/#\/schema\/logo\/image\/\",\"url\":\"https:\/\/graficasbeyco.com\/wp-content\/uploads\/2024\/11\/Logotip-03.png\",\"contentUrl\":\"https:\/\/graficasbeyco.com\/wp-content\/uploads\/2024\/11\/Logotip-03.png\",\"width\":10143,\"height\":1697,\"caption\":\"Gr\u00e1ficas Beyco\"},\"image\":{\"@id\":\"https:\/\/graficasbeyco.com\/ca\/#\/schema\/logo\/image\/\"}}]}<\/script>\n<!-- \/ Yoast SEO plugin. -->","yoast_head_json":{"title":"Av\u00eds Legal - Gr\u00e1ficas Beyco","robots":{"index":"index","follow":"follow","max-snippet":"max-snippet:-1","max-image-preview":"max-image-preview:large","max-video-preview":"max-video-preview:-1"},"canonical":"https:\/\/graficasbeyco.com\/ca\/avis-legal\/","og_locale":"ca_ES","og_type":"article","og_title":"Av\u00eds Legal - Gr\u00e1ficas Beyco","og_description":"En compliment de la Llei 34\/2002, de 11 de juliol, de Serveis de la Societat de la Informaci\u00f3 i de Comer\u00e7 Electr\u00f2nic (LSSI-CE), GRAFICAS BEYCO SL informa que \u00e9s titular del lloc web https:\/\/beyco.com\/. D&#8217;acord amb l&#8217;exig\u00e8ncia de l&#8217;article 10 de la Llei esmentada, GRAFICAS BEYCO SL informa de les dades seg\u00fcents:El titular d&#8217;aquest lloc [&hellip;]","og_url":"https:\/\/graficasbeyco.com\/ca\/avis-legal\/","og_site_name":"Gr\u00e1ficas Beyco","article_modified_time":"2025-05-02T20:57:29+00:00","twitter_card":"summary_large_image","twitter_misc":{"Temps estimat de lectura":"4 minuts"},"schema":{"@context":"https:\/\/schema.org","@graph":[{"@type":"WebPage","@id":"https:\/\/graficasbeyco.com\/ca\/avis-legal\/","url":"https:\/\/graficasbeyco.com\/ca\/avis-legal\/","name":"Av\u00eds Legal - Gr\u00e1ficas Beyco","isPartOf":{"@id":"https:\/\/graficasbeyco.com\/ca\/#website"},"datePublished":"2024-11-21T06:01:00+00:00","dateModified":"2025-05-02T20:57:29+00:00","breadcrumb":{"@id":"https:\/\/graficasbeyco.com\/ca\/avis-legal\/#breadcrumb"},"inLanguage":"ca","potentialAction":[{"@type":"ReadAction","target":["https:\/\/graficasbeyco.com\/ca\/avis-legal\/"]}]},{"@type":"BreadcrumbList","@id":"https:\/\/graficasbeyco.com\/ca\/avis-legal\/#breadcrumb","itemListElement":[{"@type":"ListItem","position":1,"name":"Portada","item":"https:\/\/graficasbeyco.com\/ca\/"},{"@type":"ListItem","position":2,"name":"Av\u00eds Legal"}]},{"@type":"WebSite","@id":"https:\/\/graficasbeyco.com\/ca\/#website","url":"https:\/\/graficasbeyco.com\/ca\/","name":"Gr\u00e1ficas Beyco","description":"producci\u00f3n de estuches y envases plegables en cartoncillo y cart\u00f3n ondulado.","publisher":{"@id":"https:\/\/graficasbeyco.com\/ca\/#organization"},"potentialAction":[{"@type":"SearchAction","target":{"@type":"EntryPoint","urlTemplate":"https:\/\/graficasbeyco.com\/ca\/?s={search_term_string}"},"query-input":{"@type":"PropertyValueSpecification","valueRequired":true,"valueName":"search_term_string"}}],"inLanguage":"ca"},{"@type":"Organization","@id":"https:\/\/graficasbeyco.com\/ca\/#organization","name":"Gr\u00e1ficas Beyco","url":"https:\/\/graficasbeyco.com\/ca\/","logo":{"@type":"ImageObject","inLanguage":"ca","@id":"https:\/\/graficasbeyco.com\/ca\/#\/schema\/logo\/image\/","url":"https:\/\/graficasbeyco.com\/wp-content\/uploads\/2024\/11\/Logotip-03.png","contentUrl":"https:\/\/graficasbeyco.com\/wp-content\/uploads\/2024\/11\/Logotip-03.png","width":10143,"height":1697,"caption":"Gr\u00e1ficas Beyco"},"image":{"@id":"https:\/\/graficasbeyco.com\/ca\/#\/schema\/logo\/image\/"}}]}},"_links":{"self":[{"href":"https:\/\/graficasbeyco.com\/ca\/wp-json\/wp\/v2\/pages\/8953","targetHints":{"allow":["GET"]}}],"collection":[{"href":"https:\/\/graficasbeyco.com\/ca\/wp-json\/wp\/v2\/pages"}],"about":[{"href":"https:\/\/graficasbeyco.com\/ca\/wp-json\/wp\/v2\/types\/page"}],"author":[{"embeddable":true,"href":"https:\/\/graficasbeyco.com\/ca\/wp-json\/wp\/v2\/users\/1"}],"replies":[{"embeddable":true,"href":"https:\/\/graficasbeyco.com\/ca\/wp-json\/wp\/v2\/comments?post=8953"}],"version-history":[{"count":5,"href":"https:\/\/graficasbeyco.com\/ca\/wp-json\/wp\/v2\/pages\/8953\/revisions"}],"predecessor-version":[{"id":8959,"href":"https:\/\/graficasbeyco.com\/ca\/wp-json\/wp\/v2\/pages\/8953\/revisions\/8959"}],"wp:attachment":[{"href":"https:\/\/graficasbeyco.com\/ca\/wp-json\/wp\/v2\/media?parent=8953"}],"curies":[{"name":"wp","href":"https:\/\/api.w.org\/{rel}","templated":true}]}}