{"id":8960,"date":"2024-12-27T06:33:59","date_gmt":"2024-12-27T05:33:59","guid":{"rendered":"https:\/\/graficasbeyco.com\/politica-de-privadesa\/"},"modified":"2025-05-02T23:13:42","modified_gmt":"2025-05-02T21:13:42","slug":"politica-de-privadesa","status":"publish","type":"page","link":"https:\/\/graficasbeyco.com\/ca\/politica-de-privadesa\/","title":{"rendered":"Pol\u00edtica de privadesa"},"content":{"rendered":"\t\t<div data-elementor-type=\"wp-page\" data-elementor-id=\"8960\" class=\"elementor elementor-8960 elementor-6501\">\n\t\t\t\t<div class=\"elementor-element elementor-element-363b7083 e-flex e-con-boxed e-con e-parent\" data-id=\"363b7083\" data-element_type=\"container\">\n\t\t\t\t\t<div class=\"e-con-inner\">\n\t\t\t\t<div class=\"elementor-element elementor-element-4a479acc elementor-widget elementor-widget-text-editor\" data-id=\"4a479acc\" data-element_type=\"widget\" data-widget_type=\"text-editor.default\">\n\t\t\t\t<div class=\"elementor-widget-container\">\n\t\t\t\t\t\t\t\t\t&nbsp;\n<table style=\"width: 100%; table-layout: fixed;\" border=\"1\">\n<tbody>\n<tr>\n<td style=\"width: 35%;\"><strong>Responsable del tractament<\/strong><\/td>\n<td>GR\u00c0FIQUES BEYCO, S.L.<\/td>\n<\/tr>\n<tr>\n<td style=\"width: 35%;\"><strong>Finalitat<\/strong><\/td>\n<td>-Gesti\u00f3 dels serveis contractats;\n\n-Tractament amb finalitats comercials, enviament d&#8217;ofertes, informaci\u00f3 i propostes comercials.<\/td>\n<\/tr>\n<tr>\n<td style=\"width: 35%;\"><strong>Legitimaci\u00f3\nConsentiment de l&#8217;interessat, excepte en determinats sup\u00f2sits en qu\u00e8 hi hagi inter\u00e8s leg\u00edtim<\/strong><\/td>\n<td>Consentiment de l&#8217;interessat, excepte en determinats sup\u00f2sits en qu\u00e8 hi hagi inter\u00e8s leg\u00edtim<\/td>\n<\/tr>\n<tr>\n<td style=\"width: 35%;\"><strong>Destinataris<\/strong><\/td>\n<td>Les seves dades seran tractades exclusivament per GR\u00c0FIQUES BEYCO, S.L. amb l&#8217;excepci\u00f3 seg\u00fcent: les dades que ens proporcioni podran ser comunicades a terceres entitats per al compliment de finalitats directament relacionades amb el servei contractat indicat anteriorment entre GR\u00c0FIQUES BEYCO, S.L. i el cedent de les dades, aix\u00ed com a les entitats o organismes als quals hi hagi obligaci\u00f3 legal. No es produiran transfer\u00e8ncies a tercers pa\u00efsos fora de la Uni\u00f3 Europea sense el seu consentiment.<\/td>\n<\/tr>\n<tr>\n<td style=\"width: 35%;\"><strong>Conservaci\u00f3 de les dades<\/strong><\/td>\n<td>Fins a la finalitzaci\u00f3 del servei o quan hi hagi obligaci\u00f3 legal<\/td>\n<\/tr>\n<tr>\n<td style=\"width: 35%;\"><strong>Drets<\/strong><\/td>\n<td>Accedir, rectificar i suprimir les dades, aix\u00ed com altres drets, com s&#8217;explica a la informaci\u00f3 addicional.\n\nPresentar una reclamaci\u00f3 davant de l&#8217;Autoritat de Control (<a href=\"http:\/\/www.agpd.es\/\">www.agpd.es<\/a>).<\/td>\n<\/tr>\n<tr>\n<td style=\"width: 35%;\"><strong>Informaci\u00f3 addicional<\/strong><\/td>\n<td>Podeu consultar la informaci\u00f3 addicional i detallada sobre la Protecci\u00f3 de Dades al nostre web:\n\n<a title=\"Av\u00eds legal i protecci\u00f3 de dades\" href=\"https:\/\/www.graficasbeyco.com\/politica-de-privacidad\/index.php?option=com_content&amp;view=article&amp;id=195&amp;Itemid=832\" target=\"_blank\" rel=\"noopener noreferrer\">Av\u00eds legal i protecci\u00f3 de dades<\/a><\/td>\n<\/tr>\n<\/tbody>\n<\/table>\n<h2 class=\"wp-block-heading\"><strong>INFORMACI\u00d3 B\u00c0SICA SOBRE PROTECCI\u00d3 DE DADES<\/strong><\/h2>\n<table border=\"1\">\n<tbody>\n<tr>\n<td colspan=\"2\"><strong>Qui \u00e9s el responsable del tractament de les teves dades?<\/strong><\/td>\n<\/tr>\n<tr>\n<td><strong>Identitat<\/strong><\/td>\n<td>GR\u00c0FIQUES BEYCO, S.L.\n\nCIF: B08619363\n\nInscrita al Registre Mercantil de Barcelona, Tom 10.051 \u2013 Foli 11 \u2013 Full n\u00ba B-82873 \u2013 Inscripci\u00f3 5\u00aa.<\/td>\n<\/tr>\n<tr>\n<td><strong>Adre\u00e7a postal<\/strong><\/td>\n<td>Carretera del Mig, 167 08907 L\u2019Hospitalet de Llobregat (Barcelona)<\/td>\n<\/tr>\n<tr>\n<td><strong>Tel\u00e8fon<\/strong><\/td>\n<td><strong>933 365 863<\/strong><\/td>\n<\/tr>\n<tr>\n<td><strong>e-mail<\/strong><\/td>\n<td>beyco@graficasbeyco.com<\/td>\n<\/tr>\n<\/tbody>\n<\/table>\n<table border=\"1\">\n<tbody>\n<tr>\n<td><strong>Amb quina finalitat tractem les seves dades?<\/strong><\/td>\n<\/tr>\n<tr>\n<td>\u00b7 Gesti\u00f3 dels serveis contractats i realitzaci\u00f3 d\u2019enquestes d\u2019opini\u00f3 i satisfacci\u00f3;\n\n\u00b7 Enviament de comunicacions comercials i promocionals.<\/td>\n<\/tr>\n<\/tbody>\n<\/table>\n<table border=\"1\">\n<tbody>\n<tr>\n<td><strong>Quina \u00e9s la legitimaci\u00f3 del tractament de les seves dades?<\/strong><\/td>\n<\/tr>\n<tr>\n<td>\u00b7 Relaci\u00f3 contractual entre GR\u00c0FIQUES BEYCO, S.L. i l&#8217;usuari en el moment de l&#8217;execuci\u00f3 del servei contractat. Per dur a terme el servei contractat \u00e9s obligatori que ens faciliti les dades personals sol\u00b7licitades. Si no ens les facilita, el servei contractat no podr\u00e0 ser efectuat.\n\n\u00b7 El seu consentiment lliure, espec\u00edfic, informat i inequ\u00edvoc.<\/td>\n<\/tr>\n<\/tbody>\n<\/table>\n<table border=\"1\">\n<tbody>\n<tr>\n<td><strong>Quina \u00e9s la proced\u00e8ncia de les seves dades?<\/strong><\/td>\n<\/tr>\n<tr>\n<td>\u00b7 Les dades personals que tractem a GR\u00c0FIQUES BEYCO, S.L. han estat sempre proporcionades per l\u2019interessat.<\/td>\n<\/tr>\n<\/tbody>\n<\/table>\n<h2 class=\"wp-block-heading\"><strong>INFORMACI\u00d3 ADDICIONAL SOBRE PROTECCI\u00d3 DE DADES<\/strong><\/h2>\n&nbsp;\n<table border=\"1\">\n<tbody>\n<tr>\n<td><strong>Quina \u00e9s la categoria de les seves dades?<\/strong><\/td>\n<\/tr>\n<tr>\n<td>Les dades que tractem a GR\u00c0FIQUES BEYCO, S.L. s\u00f3n:\n\u00b7 Dades d\u2019identificaci\u00f3 (nom, cognoms, NIF, adre\u00e7a postal, e-mail)\n\u00b7 Dades personals (data i lloc de naixement, sexe, nacionalitat)\n\u00b7 Dades acad\u00e8miques i\/o professionals\n\u00b7 Dades banc\u00e0ries<\/td>\n<\/tr>\n<\/tbody>\n<\/table>\n<table border=\"1\">\n<tbody>\n<tr>\n<td><strong>A quins destinataris comuniquem les seves dades?<\/strong><\/td>\n<\/tr>\n<tr>\n<td>Les seves dades seran tractades exclusivament per GR\u00c0FIQUES BEYCO, S.L. amb l\u2019excepci\u00f3 seg\u00fcent: les dades que ens proporcioni podran ser comunicades a terceres entitats per al compliment de finalitats directament relacionades amb el servei contractat indicat anteriorment entre GR\u00c0FIQUES BEYCO, S.L. i el cedent de les dades, aix\u00ed com a les entitats o organismes amb els quals hi hagi obligaci\u00f3 legal de cessi\u00f3. No es produiran transfer\u00e8ncies a tercers pa\u00efsos fora de la Uni\u00f3 Europea sense el seu consentiment.<\/td>\n<\/tr>\n<\/tbody>\n<\/table>\n<table border=\"1\">\n<tbody>\n<tr>\n<td><strong>Quins s\u00f3n els seus drets quan ens facilita les seves dades personals?<\/strong><\/td>\n<\/tr>\n<tr>\n<td>\u00b7 Dret a retirar el consentiment en qualsevol moment;\n\n\u00b7 Dret a accedir, rectificar i suprimir les dades;\n\n\u00b7 Dret a la limitaci\u00f3 o oposici\u00f3 del tractament de les dades;\n\n\u00b7 Dret a presentar una reclamaci\u00f3 davant de l&#8217;Autoritat de Control (<a href=\"http:\/\/www.agpd.es\/\" target=\"_blank\" rel=\"noopener\">www.agpd.es<\/a>), si considera que el tractament no s&#8217;ajusta a la normativa vigent.\n\nDescarregui tots els models per a l&#8217;exercici dels drets <strong><a href=\"http:\/\/www.graficasbeyco.com\/_docs\/datos-del-responsable-del-tratamiento.docx\" target=\"_blank\" rel=\"noopener noreferrer\">aqu\u00ed <\/a>.<\/strong>\n\nDades de contacte per exercir els seus drets:\n\nGR\u00c0FIQUES BEYCO, S.L.\n\nCarretera del Mig, 167 08907 L\u2019Hospitalet de Llobregat (Barcelona) \u2013 beyco@graficasbeyco.com<\/td>\n<\/tr>\n<\/tbody>\n<\/table>\n<table border=\"1\">\n<tbody>\n<tr>\n<td><strong>Quant de temps conservem les seves dades personals?<\/strong><\/td>\n<\/tr>\n<tr>\n<td>Les dades personals que ens faciliti es conservaran mentre hi hagi un inter\u00e8s mutu per mantenir la finalitat del tractament, o quan sigui necessari conservar-les per ra\u00f3 d&#8217;obligacions legals. Quan ja no sigui necess\u00e0ria la conservaci\u00f3, se suprimiran amb les mesures de seguretat adequades per garantir la seudonimitzaci\u00f3 de les dades o la seva destrucci\u00f3 total.<\/td>\n<\/tr>\n<\/tbody>\n<\/table>\n\t\t\t\t\t\t\t\t<\/div>\n\t\t\t\t<\/div>\n\t\t\t\t\t<\/div>\n\t\t\t\t<\/div>\n\t\t\t\t<\/div>\n\t\t","protected":false},"excerpt":{"rendered":"<p>&nbsp; Responsable del tractament GR\u00c0FIQUES BEYCO, S.L. Finalitat -Gesti\u00f3 dels serveis contractats; -Tractament amb finalitats comercials, enviament d&#8217;ofertes, informaci\u00f3 i propostes comercials. Legitimaci\u00f3 Consentiment de l&#8217;interessat, excepte en determinats sup\u00f2sits en qu\u00e8 hi hagi inter\u00e8s leg\u00edtim Consentiment de l&#8217;interessat, excepte en determinats sup\u00f2sits en qu\u00e8 hi hagi inter\u00e8s leg\u00edtim Destinataris Les seves dades seran tractades [&hellip;]<\/p>\n","protected":false},"author":4,"featured_media":0,"parent":0,"menu_order":0,"comment_status":"closed","ping_status":"closed","template":"","meta":{"_joinchat":[],"footnotes":""},"class_list":["post-8960","page","type-page","status-publish","hentry"],"yoast_head":"<!-- This site is optimized with the Yoast SEO plugin v24.8.1 - https:\/\/yoast.com\/wordpress\/plugins\/seo\/ -->\n<title>Pol\u00edtica de privadesa - Gr\u00e1ficas Beyco<\/title>\n<meta name=\"robots\" content=\"index, follow, max-snippet:-1, max-image-preview:large, max-video-preview:-1\" \/>\n<link rel=\"canonical\" href=\"https:\/\/graficasbeyco.com\/ca\/politica-de-privadesa\/\" \/>\n<meta property=\"og:locale\" content=\"ca_ES\" \/>\n<meta property=\"og:type\" content=\"article\" \/>\n<meta property=\"og:title\" content=\"Pol\u00edtica de privadesa - Gr\u00e1ficas Beyco\" \/>\n<meta property=\"og:description\" content=\"&nbsp; Responsable del tractament GR\u00c0FIQUES BEYCO, S.L. Finalitat -Gesti\u00f3 dels serveis contractats; -Tractament amb finalitats comercials, enviament d&#8217;ofertes, informaci\u00f3 i propostes comercials. Legitimaci\u00f3 Consentiment de l&#8217;interessat, excepte en determinats sup\u00f2sits en qu\u00e8 hi hagi inter\u00e8s leg\u00edtim Consentiment de l&#8217;interessat, excepte en determinats sup\u00f2sits en qu\u00e8 hi hagi inter\u00e8s leg\u00edtim Destinataris Les seves dades seran tractades [&hellip;]\" \/>\n<meta property=\"og:url\" content=\"https:\/\/graficasbeyco.com\/ca\/politica-de-privadesa\/\" \/>\n<meta property=\"og:site_name\" content=\"Gr\u00e1ficas Beyco\" \/>\n<meta property=\"article:modified_time\" content=\"2025-05-02T21:13:42+00:00\" \/>\n<meta name=\"twitter:card\" content=\"summary_large_image\" \/>\n<meta name=\"twitter:label1\" content=\"Temps estimat de lectura\" \/>\n\t<meta name=\"twitter:data1\" content=\"4 minuts\" \/>\n<script type=\"application\/ld+json\" class=\"yoast-schema-graph\">{\"@context\":\"https:\/\/schema.org\",\"@graph\":[{\"@type\":\"WebPage\",\"@id\":\"https:\/\/graficasbeyco.com\/ca\/politica-de-privadesa\/\",\"url\":\"https:\/\/graficasbeyco.com\/ca\/politica-de-privadesa\/\",\"name\":\"Pol\u00edtica de privadesa - Gr\u00e1ficas Beyco\",\"isPartOf\":{\"@id\":\"https:\/\/graficasbeyco.com\/ca\/#website\"},\"datePublished\":\"2024-12-27T05:33:59+00:00\",\"dateModified\":\"2025-05-02T21:13:42+00:00\",\"breadcrumb\":{\"@id\":\"https:\/\/graficasbeyco.com\/ca\/politica-de-privadesa\/#breadcrumb\"},\"inLanguage\":\"ca\",\"potentialAction\":[{\"@type\":\"ReadAction\",\"target\":[\"https:\/\/graficasbeyco.com\/ca\/politica-de-privadesa\/\"]}]},{\"@type\":\"BreadcrumbList\",\"@id\":\"https:\/\/graficasbeyco.com\/ca\/politica-de-privadesa\/#breadcrumb\",\"itemListElement\":[{\"@type\":\"ListItem\",\"position\":1,\"name\":\"Portada\",\"item\":\"https:\/\/graficasbeyco.com\/ca\/\"},{\"@type\":\"ListItem\",\"position\":2,\"name\":\"Pol\u00edtica de privadesa\"}]},{\"@type\":\"WebSite\",\"@id\":\"https:\/\/graficasbeyco.com\/ca\/#website\",\"url\":\"https:\/\/graficasbeyco.com\/ca\/\",\"name\":\"Gr\u00e1ficas Beyco\",\"description\":\"producci\u00f3n de estuches y envases plegables en cartoncillo y cart\u00f3n ondulado.\",\"publisher\":{\"@id\":\"https:\/\/graficasbeyco.com\/ca\/#organization\"},\"potentialAction\":[{\"@type\":\"SearchAction\",\"target\":{\"@type\":\"EntryPoint\",\"urlTemplate\":\"https:\/\/graficasbeyco.com\/ca\/?s={search_term_string}\"},\"query-input\":{\"@type\":\"PropertyValueSpecification\",\"valueRequired\":true,\"valueName\":\"search_term_string\"}}],\"inLanguage\":\"ca\"},{\"@type\":\"Organization\",\"@id\":\"https:\/\/graficasbeyco.com\/ca\/#organization\",\"name\":\"Gr\u00e1ficas Beyco\",\"url\":\"https:\/\/graficasbeyco.com\/ca\/\",\"logo\":{\"@type\":\"ImageObject\",\"inLanguage\":\"ca\",\"@id\":\"https:\/\/graficasbeyco.com\/ca\/#\/schema\/logo\/image\/\",\"url\":\"https:\/\/graficasbeyco.com\/wp-content\/uploads\/2024\/11\/Logotip-03.png\",\"contentUrl\":\"https:\/\/graficasbeyco.com\/wp-content\/uploads\/2024\/11\/Logotip-03.png\",\"width\":10143,\"height\":1697,\"caption\":\"Gr\u00e1ficas Beyco\"},\"image\":{\"@id\":\"https:\/\/graficasbeyco.com\/ca\/#\/schema\/logo\/image\/\"}}]}<\/script>\n<!-- \/ Yoast SEO plugin. -->","yoast_head_json":{"title":"Pol\u00edtica de privadesa - Gr\u00e1ficas Beyco","robots":{"index":"index","follow":"follow","max-snippet":"max-snippet:-1","max-image-preview":"max-image-preview:large","max-video-preview":"max-video-preview:-1"},"canonical":"https:\/\/graficasbeyco.com\/ca\/politica-de-privadesa\/","og_locale":"ca_ES","og_type":"article","og_title":"Pol\u00edtica de privadesa - Gr\u00e1ficas Beyco","og_description":"&nbsp; Responsable del tractament GR\u00c0FIQUES BEYCO, S.L. Finalitat -Gesti\u00f3 dels serveis contractats; -Tractament amb finalitats comercials, enviament d&#8217;ofertes, informaci\u00f3 i propostes comercials. Legitimaci\u00f3 Consentiment de l&#8217;interessat, excepte en determinats sup\u00f2sits en qu\u00e8 hi hagi inter\u00e8s leg\u00edtim Consentiment de l&#8217;interessat, excepte en determinats sup\u00f2sits en qu\u00e8 hi hagi inter\u00e8s leg\u00edtim Destinataris Les seves dades seran tractades [&hellip;]","og_url":"https:\/\/graficasbeyco.com\/ca\/politica-de-privadesa\/","og_site_name":"Gr\u00e1ficas Beyco","article_modified_time":"2025-05-02T21:13:42+00:00","twitter_card":"summary_large_image","twitter_misc":{"Temps estimat de lectura":"4 minuts"},"schema":{"@context":"https:\/\/schema.org","@graph":[{"@type":"WebPage","@id":"https:\/\/graficasbeyco.com\/ca\/politica-de-privadesa\/","url":"https:\/\/graficasbeyco.com\/ca\/politica-de-privadesa\/","name":"Pol\u00edtica de privadesa - Gr\u00e1ficas Beyco","isPartOf":{"@id":"https:\/\/graficasbeyco.com\/ca\/#website"},"datePublished":"2024-12-27T05:33:59+00:00","dateModified":"2025-05-02T21:13:42+00:00","breadcrumb":{"@id":"https:\/\/graficasbeyco.com\/ca\/politica-de-privadesa\/#breadcrumb"},"inLanguage":"ca","potentialAction":[{"@type":"ReadAction","target":["https:\/\/graficasbeyco.com\/ca\/politica-de-privadesa\/"]}]},{"@type":"BreadcrumbList","@id":"https:\/\/graficasbeyco.com\/ca\/politica-de-privadesa\/#breadcrumb","itemListElement":[{"@type":"ListItem","position":1,"name":"Portada","item":"https:\/\/graficasbeyco.com\/ca\/"},{"@type":"ListItem","position":2,"name":"Pol\u00edtica de privadesa"}]},{"@type":"WebSite","@id":"https:\/\/graficasbeyco.com\/ca\/#website","url":"https:\/\/graficasbeyco.com\/ca\/","name":"Gr\u00e1ficas Beyco","description":"producci\u00f3n de estuches y envases plegables en cartoncillo y cart\u00f3n ondulado.","publisher":{"@id":"https:\/\/graficasbeyco.com\/ca\/#organization"},"potentialAction":[{"@type":"SearchAction","target":{"@type":"EntryPoint","urlTemplate":"https:\/\/graficasbeyco.com\/ca\/?s={search_term_string}"},"query-input":{"@type":"PropertyValueSpecification","valueRequired":true,"valueName":"search_term_string"}}],"inLanguage":"ca"},{"@type":"Organization","@id":"https:\/\/graficasbeyco.com\/ca\/#organization","name":"Gr\u00e1ficas Beyco","url":"https:\/\/graficasbeyco.com\/ca\/","logo":{"@type":"ImageObject","inLanguage":"ca","@id":"https:\/\/graficasbeyco.com\/ca\/#\/schema\/logo\/image\/","url":"https:\/\/graficasbeyco.com\/wp-content\/uploads\/2024\/11\/Logotip-03.png","contentUrl":"https:\/\/graficasbeyco.com\/wp-content\/uploads\/2024\/11\/Logotip-03.png","width":10143,"height":1697,"caption":"Gr\u00e1ficas Beyco"},"image":{"@id":"https:\/\/graficasbeyco.com\/ca\/#\/schema\/logo\/image\/"}}]}},"_links":{"self":[{"href":"https:\/\/graficasbeyco.com\/ca\/wp-json\/wp\/v2\/pages\/8960","targetHints":{"allow":["GET"]}}],"collection":[{"href":"https:\/\/graficasbeyco.com\/ca\/wp-json\/wp\/v2\/pages"}],"about":[{"href":"https:\/\/graficasbeyco.com\/ca\/wp-json\/wp\/v2\/types\/page"}],"author":[{"embeddable":true,"href":"https:\/\/graficasbeyco.com\/ca\/wp-json\/wp\/v2\/users\/4"}],"replies":[{"embeddable":true,"href":"https:\/\/graficasbeyco.com\/ca\/wp-json\/wp\/v2\/comments?post=8960"}],"version-history":[{"count":10,"href":"https:\/\/graficasbeyco.com\/ca\/wp-json\/wp\/v2\/pages\/8960\/revisions"}],"predecessor-version":[{"id":8974,"href":"https:\/\/graficasbeyco.com\/ca\/wp-json\/wp\/v2\/pages\/8960\/revisions\/8974"}],"wp:attachment":[{"href":"https:\/\/graficasbeyco.com\/ca\/wp-json\/wp\/v2\/media?parent=8960"}],"curies":[{"name":"wp","href":"https:\/\/api.w.org\/{rel}","templated":true}]}}