{"id":8975,"date":"2024-12-27T06:46:48","date_gmt":"2024-12-27T05:46:48","guid":{"rendered":"https:\/\/graficasbeyco.com\/politica-de-cadena-de-custodia\/"},"modified":"2026-01-19T20:18:59","modified_gmt":"2026-01-19T19:18:59","slug":"politica-de-cadena-de-custodia","status":"publish","type":"page","link":"https:\/\/graficasbeyco.com\/ca\/politica-de-cadena-de-custodia\/","title":{"rendered":"Pol\u00edtica de cadena de custodia"},"content":{"rendered":"\t\t<div data-elementor-type=\"wp-page\" data-elementor-id=\"8975\" class=\"elementor elementor-8975 elementor-6506\">\n\t\t\t\t<div class=\"elementor-element elementor-element-363b7083 e-flex e-con-boxed e-con e-parent\" data-id=\"363b7083\" data-element_type=\"container\">\n\t\t\t\t\t<div class=\"e-con-inner\">\n\t\t\t\t<div class=\"elementor-element elementor-element-4a479acc elementor-widget elementor-widget-text-editor\" data-id=\"4a479acc\" data-element_type=\"widget\" data-widget_type=\"text-editor.default\">\n\t\t\t\t<div class=\"elementor-widget-container\">\n\t\t\t\t\t\t\t\t\t<p>Desde la Direcci\u00f3n de GR\u00c1FICAS BEYCO, S.L., con n\u00famero de licencia FSC-C153957, manifestamos nuestra intenci\u00f3n de promover la Gesti\u00f3n Forestal Responsable y la Cadena de Custodia FSC<sup>\u00ae<\/sup>. La implantaci\u00f3n de un sistema de Cadena de Custodia permite garantizar la protecci\u00f3n ambiental de los bosques y asegurar, mediante el control en todas las etapas del proceso, que los productos que ofrecemos a nuestros clientes son respetuosos con el medio ambiente.<\/p>\n<p>La Direcci\u00f3n gestiona el control, el seguimiento y la manipulaci\u00f3n necesarios para obtener y mantener la Certificaci\u00f3n de Cadena de Custodia, de acuerdo con los est\u00e1ndares FSC<sup>\u00ae<\/sup> aplicables, incluyendo FSC-STD-40-004, con el fin de promover una gesti\u00f3n forestal responsable y garantizar la protecci\u00f3n ambiental de los bosques.<\/p>\n<p>Esta pol\u00edtica es aplicable a todo el personal de GR\u00c1FICAS BEYCO, S.L<strong>.<\/strong> y a todas las actividades relacionadas con productos certificados FSC<sup>\u00ae<\/sup>.<\/p>\n<p>GR\u00c1FICAS BEYCO, S.L. se compromete con la salud y la seguridad laboral, as\u00ed como con los valores del FSC<sup>\u00ae<\/sup>, tal y como aparecen definidos en la pol\u00edtica FSC-POL-01-004. La organizaci\u00f3n no est\u00e1 directa ni indirectamente involucrada en las siguientes actividades:<\/p>\n<p>a) Tala ilegal o comercio de madera o productos forestales ilegales.<br \/>b) Violaci\u00f3n de los derechos tradicionales y humanos en las operaciones silv\u00edcolas.<br \/>c) Destrucci\u00f3n de altos valores de conservaci\u00f3n en las operaciones silv\u00edcolas.<br \/>d) Conversi\u00f3n significativa de bosques a plantaciones o a otros usos.<br \/>e) Introducci\u00f3n de organismos gen\u00e9ticamente modificados en las operaciones silv\u00edcolas.<br \/>f) Violaci\u00f3n de cualquiera de los Convenios Fundamentales de la OIT, tal y como est\u00e1n definidos en la Declaraci\u00f3n de la OIT relativa a los Principios y Derechos Fundamentales en el Trabajo (1998).<\/p>\n<p>Asimismo, GR\u00c1FICAS BEYCO, S.L. aplica los requisitos laborales FSC<sup>\u00ae<\/sup>, por lo que:<\/p>\n<ul>\n<li>No utiliza mano de obra infantil y no emplea a trabajadores menores de 16 a\u00f1os. Ninguna persona menor de 18 a\u00f1os realiza trabajos peligrosos o pesados.<\/li>\n<li>\u00a0No practica ninguna forma de trabajo forzoso u obligatorio. Las relaciones laborales son voluntarias y se basan en el consentimiento mutuo, sin amenaza de castigo.<\/li>\n<li>\u00a0No discrimina en el empleo ni en la ocupaci\u00f3n.<\/li>\n<li>Respeta la libertad sindical y el derecho efectivo a la negociaci\u00f3n colectiva.<\/li>\n<\/ul>\n<p>La Direcci\u00f3n pone a disposici\u00f3n los recursos humanos y materiales necesarios para garantizar el cumplimiento de estos compromisos.<\/p>\n<p>La presente pol\u00edtica es comunicada a todo el personal de la organizaci\u00f3n y se encuentra disponible para clientes, proveedores y otras partes interesadas que la soliciten.<\/p>\n<p><\/p>\n<p><\/p>\t\t\t\t\t\t\t\t<\/div>\n\t\t\t\t<\/div>\n\t\t\t\t\t<\/div>\n\t\t\t\t<\/div>\n\t\t<div class=\"elementor-element elementor-element-aea68fc e-flex e-con-boxed e-con e-parent\" data-id=\"aea68fc\" data-element_type=\"container\">\n\t\t\t\t\t<div class=\"e-con-inner\">\n\t\t\t\t<div class=\"elementor-element elementor-element-cb93eb2 elementor-widget elementor-widget-text-editor\" data-id=\"cb93eb2\" data-element_type=\"widget\" data-widget_type=\"text-editor.default\">\n\t\t\t\t<div class=\"elementor-widget-container\">\n\t\t\t\t\t\t\t\t\t<p><strong>EN BARCELONA, A <\/strong><strong>22 DE DICIEMBRE DE 2025<\/strong><\/p>\n<p><strong>LA DIRECCION<\/strong><\/p>\n<p><strong>GRAFICAS BEYCO, S.L.<\/strong><\/p>\n<p>\u00a0<\/p>\n<p>\u00a0<\/p>\n<p>\u00a0<\/p>\n<p>\u00a0<\/p>\n<p>\u00a0<\/p>\n<p><\/p>\n<p>\u00a0<\/p>\n<p><\/p>\t\t\t\t\t\t\t\t<\/div>\n\t\t\t\t<\/div>\n\t\t\t\t\t<\/div>\n\t\t\t\t<\/div>\n\t\t\t\t<\/div>\n\t\t","protected":false},"excerpt":{"rendered":"<p>Desde la Direcci\u00f3n de GR\u00c1FICAS BEYCO, S.L., con n\u00famero de licencia FSC-C153957, manifestamos nuestra intenci\u00f3n de promover la Gesti\u00f3n Forestal Responsable y la Cadena de Custodia FSC\u00ae. La implantaci\u00f3n de un sistema de Cadena de Custodia permite garantizar la protecci\u00f3n ambiental de los bosques y asegurar, mediante el control en todas las etapas del proceso, [&hellip;]<\/p>\n","protected":false},"author":4,"featured_media":0,"parent":0,"menu_order":0,"comment_status":"closed","ping_status":"closed","template":"","meta":{"_joinchat":[],"footnotes":""},"class_list":["post-8975","page","type-page","status-publish","hentry"],"yoast_head":"<!-- This site is optimized with the Yoast SEO plugin v24.8.1 - https:\/\/yoast.com\/wordpress\/plugins\/seo\/ -->\n<title>Pol\u00edtica de cadena de custodia - Gr\u00e1ficas Beyco<\/title>\n<meta name=\"robots\" content=\"index, follow, max-snippet:-1, max-image-preview:large, max-video-preview:-1\" \/>\n<link rel=\"canonical\" href=\"https:\/\/graficasbeyco.com\/ca\/politica-de-cadena-de-custodia\/\" \/>\n<meta property=\"og:locale\" content=\"ca_ES\" \/>\n<meta property=\"og:type\" content=\"article\" \/>\n<meta property=\"og:title\" content=\"Pol\u00edtica de cadena de custodia - Gr\u00e1ficas Beyco\" \/>\n<meta property=\"og:description\" content=\"Desde la Direcci\u00f3n de GR\u00c1FICAS BEYCO, S.L., con n\u00famero de licencia FSC-C153957, manifestamos nuestra intenci\u00f3n de promover la Gesti\u00f3n Forestal Responsable y la Cadena de Custodia FSC\u00ae. La implantaci\u00f3n de un sistema de Cadena de Custodia permite garantizar la protecci\u00f3n ambiental de los bosques y asegurar, mediante el control en todas las etapas del proceso, [&hellip;]\" \/>\n<meta property=\"og:url\" content=\"https:\/\/graficasbeyco.com\/ca\/politica-de-cadena-de-custodia\/\" \/>\n<meta property=\"og:site_name\" content=\"Gr\u00e1ficas Beyco\" \/>\n<meta property=\"article:modified_time\" content=\"2026-01-19T19:18:59+00:00\" \/>\n<meta name=\"twitter:card\" content=\"summary_large_image\" \/>\n<meta name=\"twitter:label1\" content=\"Temps estimat de lectura\" \/>\n\t<meta name=\"twitter:data1\" content=\"2 minuts\" \/>\n<script type=\"application\/ld+json\" class=\"yoast-schema-graph\">{\"@context\":\"https:\/\/schema.org\",\"@graph\":[{\"@type\":\"WebPage\",\"@id\":\"https:\/\/graficasbeyco.com\/ca\/politica-de-cadena-de-custodia\/\",\"url\":\"https:\/\/graficasbeyco.com\/ca\/politica-de-cadena-de-custodia\/\",\"name\":\"Pol\u00edtica de cadena de custodia - Gr\u00e1ficas Beyco\",\"isPartOf\":{\"@id\":\"https:\/\/graficasbeyco.com\/ca\/#website\"},\"datePublished\":\"2024-12-27T05:46:48+00:00\",\"dateModified\":\"2026-01-19T19:18:59+00:00\",\"breadcrumb\":{\"@id\":\"https:\/\/graficasbeyco.com\/ca\/politica-de-cadena-de-custodia\/#breadcrumb\"},\"inLanguage\":\"ca\",\"potentialAction\":[{\"@type\":\"ReadAction\",\"target\":[\"https:\/\/graficasbeyco.com\/ca\/politica-de-cadena-de-custodia\/\"]}]},{\"@type\":\"BreadcrumbList\",\"@id\":\"https:\/\/graficasbeyco.com\/ca\/politica-de-cadena-de-custodia\/#breadcrumb\",\"itemListElement\":[{\"@type\":\"ListItem\",\"position\":1,\"name\":\"Portada\",\"item\":\"https:\/\/graficasbeyco.com\/ca\/\"},{\"@type\":\"ListItem\",\"position\":2,\"name\":\"Pol\u00edtica de cadena de custodia\"}]},{\"@type\":\"WebSite\",\"@id\":\"https:\/\/graficasbeyco.com\/ca\/#website\",\"url\":\"https:\/\/graficasbeyco.com\/ca\/\",\"name\":\"Gr\u00e1ficas Beyco\",\"description\":\"producci\u00f3n de estuches y envases plegables en cartoncillo y cart\u00f3n ondulado.\",\"publisher\":{\"@id\":\"https:\/\/graficasbeyco.com\/ca\/#organization\"},\"potentialAction\":[{\"@type\":\"SearchAction\",\"target\":{\"@type\":\"EntryPoint\",\"urlTemplate\":\"https:\/\/graficasbeyco.com\/ca\/?s={search_term_string}\"},\"query-input\":{\"@type\":\"PropertyValueSpecification\",\"valueRequired\":true,\"valueName\":\"search_term_string\"}}],\"inLanguage\":\"ca\"},{\"@type\":\"Organization\",\"@id\":\"https:\/\/graficasbeyco.com\/ca\/#organization\",\"name\":\"Gr\u00e1ficas Beyco\",\"url\":\"https:\/\/graficasbeyco.com\/ca\/\",\"logo\":{\"@type\":\"ImageObject\",\"inLanguage\":\"ca\",\"@id\":\"https:\/\/graficasbeyco.com\/ca\/#\/schema\/logo\/image\/\",\"url\":\"https:\/\/graficasbeyco.com\/wp-content\/uploads\/2024\/11\/Logotip-03.png\",\"contentUrl\":\"https:\/\/graficasbeyco.com\/wp-content\/uploads\/2024\/11\/Logotip-03.png\",\"width\":10143,\"height\":1697,\"caption\":\"Gr\u00e1ficas Beyco\"},\"image\":{\"@id\":\"https:\/\/graficasbeyco.com\/ca\/#\/schema\/logo\/image\/\"}}]}<\/script>\n<!-- \/ Yoast SEO plugin. -->","yoast_head_json":{"title":"Pol\u00edtica de cadena de custodia - Gr\u00e1ficas Beyco","robots":{"index":"index","follow":"follow","max-snippet":"max-snippet:-1","max-image-preview":"max-image-preview:large","max-video-preview":"max-video-preview:-1"},"canonical":"https:\/\/graficasbeyco.com\/ca\/politica-de-cadena-de-custodia\/","og_locale":"ca_ES","og_type":"article","og_title":"Pol\u00edtica de cadena de custodia - Gr\u00e1ficas Beyco","og_description":"Desde la Direcci\u00f3n de GR\u00c1FICAS BEYCO, S.L., con n\u00famero de licencia FSC-C153957, manifestamos nuestra intenci\u00f3n de promover la Gesti\u00f3n Forestal Responsable y la Cadena de Custodia FSC\u00ae. La implantaci\u00f3n de un sistema de Cadena de Custodia permite garantizar la protecci\u00f3n ambiental de los bosques y asegurar, mediante el control en todas las etapas del proceso, [&hellip;]","og_url":"https:\/\/graficasbeyco.com\/ca\/politica-de-cadena-de-custodia\/","og_site_name":"Gr\u00e1ficas Beyco","article_modified_time":"2026-01-19T19:18:59+00:00","twitter_card":"summary_large_image","twitter_misc":{"Temps estimat de lectura":"2 minuts"},"schema":{"@context":"https:\/\/schema.org","@graph":[{"@type":"WebPage","@id":"https:\/\/graficasbeyco.com\/ca\/politica-de-cadena-de-custodia\/","url":"https:\/\/graficasbeyco.com\/ca\/politica-de-cadena-de-custodia\/","name":"Pol\u00edtica de cadena de custodia - Gr\u00e1ficas Beyco","isPartOf":{"@id":"https:\/\/graficasbeyco.com\/ca\/#website"},"datePublished":"2024-12-27T05:46:48+00:00","dateModified":"2026-01-19T19:18:59+00:00","breadcrumb":{"@id":"https:\/\/graficasbeyco.com\/ca\/politica-de-cadena-de-custodia\/#breadcrumb"},"inLanguage":"ca","potentialAction":[{"@type":"ReadAction","target":["https:\/\/graficasbeyco.com\/ca\/politica-de-cadena-de-custodia\/"]}]},{"@type":"BreadcrumbList","@id":"https:\/\/graficasbeyco.com\/ca\/politica-de-cadena-de-custodia\/#breadcrumb","itemListElement":[{"@type":"ListItem","position":1,"name":"Portada","item":"https:\/\/graficasbeyco.com\/ca\/"},{"@type":"ListItem","position":2,"name":"Pol\u00edtica de cadena de custodia"}]},{"@type":"WebSite","@id":"https:\/\/graficasbeyco.com\/ca\/#website","url":"https:\/\/graficasbeyco.com\/ca\/","name":"Gr\u00e1ficas Beyco","description":"producci\u00f3n de estuches y envases plegables en cartoncillo y cart\u00f3n ondulado.","publisher":{"@id":"https:\/\/graficasbeyco.com\/ca\/#organization"},"potentialAction":[{"@type":"SearchAction","target":{"@type":"EntryPoint","urlTemplate":"https:\/\/graficasbeyco.com\/ca\/?s={search_term_string}"},"query-input":{"@type":"PropertyValueSpecification","valueRequired":true,"valueName":"search_term_string"}}],"inLanguage":"ca"},{"@type":"Organization","@id":"https:\/\/graficasbeyco.com\/ca\/#organization","name":"Gr\u00e1ficas Beyco","url":"https:\/\/graficasbeyco.com\/ca\/","logo":{"@type":"ImageObject","inLanguage":"ca","@id":"https:\/\/graficasbeyco.com\/ca\/#\/schema\/logo\/image\/","url":"https:\/\/graficasbeyco.com\/wp-content\/uploads\/2024\/11\/Logotip-03.png","contentUrl":"https:\/\/graficasbeyco.com\/wp-content\/uploads\/2024\/11\/Logotip-03.png","width":10143,"height":1697,"caption":"Gr\u00e1ficas Beyco"},"image":{"@id":"https:\/\/graficasbeyco.com\/ca\/#\/schema\/logo\/image\/"}}]}},"_links":{"self":[{"href":"https:\/\/graficasbeyco.com\/ca\/wp-json\/wp\/v2\/pages\/8975","targetHints":{"allow":["GET"]}}],"collection":[{"href":"https:\/\/graficasbeyco.com\/ca\/wp-json\/wp\/v2\/pages"}],"about":[{"href":"https:\/\/graficasbeyco.com\/ca\/wp-json\/wp\/v2\/types\/page"}],"author":[{"embeddable":true,"href":"https:\/\/graficasbeyco.com\/ca\/wp-json\/wp\/v2\/users\/4"}],"replies":[{"embeddable":true,"href":"https:\/\/graficasbeyco.com\/ca\/wp-json\/wp\/v2\/comments?post=8975"}],"version-history":[{"count":10,"href":"https:\/\/graficasbeyco.com\/ca\/wp-json\/wp\/v2\/pages\/8975\/revisions"}],"predecessor-version":[{"id":9129,"href":"https:\/\/graficasbeyco.com\/ca\/wp-json\/wp\/v2\/pages\/8975\/revisions\/9129"}],"wp:attachment":[{"href":"https:\/\/graficasbeyco.com\/ca\/wp-json\/wp\/v2\/media?parent=8975"}],"curies":[{"name":"wp","href":"https:\/\/api.w.org\/{rel}","templated":true}]}}