{"id":8994,"date":"2024-12-27T06:51:01","date_gmt":"2024-12-27T05:51:01","guid":{"rendered":"https:\/\/graficasbeyco.com\/canal-etico-de-graficas-beyco\/"},"modified":"2025-05-02T23:23:10","modified_gmt":"2025-05-02T21:23:10","slug":"canal-etic-de-grafiques-beyco","status":"publish","type":"page","link":"https:\/\/graficasbeyco.com\/ca\/canal-etic-de-grafiques-beyco\/","title":{"rendered":"Canal \u00e8tic de Gr\u00e0fiques Beyco"},"content":{"rendered":"\t\t<div data-elementor-type=\"wp-page\" data-elementor-id=\"8994\" class=\"elementor elementor-8994 elementor-6511\">\n\t\t\t\t<div class=\"elementor-element elementor-element-363b7083 e-flex e-con-boxed e-con e-parent\" data-id=\"363b7083\" data-element_type=\"container\">\n\t\t\t\t\t<div class=\"e-con-inner\">\n\t\t\t\t<div class=\"elementor-element elementor-element-4a479acc elementor-widget elementor-widget-text-editor\" data-id=\"4a479acc\" data-element_type=\"widget\" data-widget_type=\"text-editor.default\">\n\t\t\t\t<div class=\"elementor-widget-container\">\n\t\t\t\t\t\t\t\t\t<p>GR\u00c0FIQUES BEYCO SL, en el seu model d\u2019organitzaci\u00f3 i gesti\u00f3, ha habilitat un Canal \u00c8tic amb efic\u00e0cia preventiva que possibilita la detecci\u00f3 d\u2019actes o conductes que puguin resultar contraris a la normativa general o sectorial que li sigui aplicable, de conformitat amb el Codi Penal, quan imposa <em>\u201cl\u2019obligaci\u00f3 d\u2019informar de possibles riscos i incompliments a l\u2019organisme encarregat de vigilar el funcionament i l\u2019observan\u00e7a del model de prevenci\u00f3\u201d<\/em>.<\/p>\n<p>El Canal \u00c8tic est\u00e0 habilitat per a tots els membres que formen part de la nostra entitat i\/o tercers que puguin posar en coneixement de l\u2019organitzaci\u00f3 l\u2019exist\u00e8ncia d\u2019alguna feblesa procedimental o organitzativa que pugui derivar en un risc penal o en la comissi\u00f3 o omissi\u00f3 d\u2019un fet delictiu.<\/p>\n<p>GR\u00c0FIQUES BEYCO SL garanteix la confidencialitat, l\u2019anonimat i la inexist\u00e8ncia de repres\u00e0lies de cap mena cap a la persona que hagi posat els fets en coneixement.<\/p>\n<p>Les dades es conservaran en el sistema \u00fanicament durant el temps imprescindible per a l\u2019esbrinament dels fets denunciats. En tot cas, transcorreguts tres mesos des de la introducci\u00f3 de les seves dades de car\u00e0cter personal, la nostra organitzaci\u00f3 procedir\u00e0 a la seva supressi\u00f3 del sistema. Si fos necess\u00e0ria la seva conservaci\u00f3 per continuar la investigaci\u00f3, la nostra organitzaci\u00f3 podr\u00e0 continuar tractant les seves dades en un entorn diferent que correspongui legalment.<\/p>\n<p>Es podran comunicar les den\u00fancies mitjan\u00e7ant qualsevol dels canals habilitats a l\u2019organitzaci\u00f3:<\/p>\n<p><strong>1- <\/strong>Correu electr\u00f2nic a l\u2019adre\u00e7a seg\u00fcent: canaldenuncias@graficasbeyco.com<\/p>\n<p><strong>2- <\/strong>Model de comunicaci\u00f3 d\u2019indici o sospita de conducta delictiva que es podr\u00e0 obtenir en format f\u00edsic o digital sol\u00b7licitant-lo a les oficines de l\u2019organitzaci\u00f3.<\/p>\n<p><strong>3- <\/strong>Emplenament del Formulari web del Canal \u00c8tic a la p\u00e0gina de l\u2019entitat:<\/p>\n<p>&nbsp;<\/p>\n<p>Accediu al <strong><a href=\"https:\/\/graficasbeyco.factorialhr.es\/complaints\" target=\"_blank\" rel=\"noreferrer noopener\" aria-label=\"formulario web (obre en una nova pestanya)\">formulari web<\/a> <\/strong><a href=\"https:\/\/graficasbeyco.factorialhr.es\/complaints\" target=\"_blank\" rel=\"noreferrer noopener\" aria-label=\"aqu\u00ed (obre en una nova pestanya)\"><strong>aqu\u00ed<\/strong><\/a><\/p>\n<p>&nbsp;<\/p>\n<p>&nbsp;<\/p>\n<p>&nbsp;<\/p>\n\n\t\t\t\t\t\t\t\t<\/div>\n\t\t\t\t<\/div>\n\t\t\t\t\t<\/div>\n\t\t\t\t<\/div>\n\t\t\t\t<\/div>\n\t\t","protected":false},"excerpt":{"rendered":"<p>GR\u00c0FIQUES BEYCO SL, en el seu model d\u2019organitzaci\u00f3 i gesti\u00f3, ha habilitat un Canal \u00c8tic amb efic\u00e0cia preventiva que possibilita la detecci\u00f3 d\u2019actes o conductes que puguin resultar contraris a la normativa general o sectorial que li sigui aplicable, de conformitat amb el Codi Penal, quan imposa \u201cl\u2019obligaci\u00f3 d\u2019informar de possibles riscos i incompliments a [&hellip;]<\/p>\n","protected":false},"author":4,"featured_media":0,"parent":0,"menu_order":0,"comment_status":"closed","ping_status":"closed","template":"","meta":{"_joinchat":[],"footnotes":""},"class_list":["post-8994","page","type-page","status-publish","hentry"],"yoast_head":"<!-- This site is optimized with the Yoast SEO plugin v24.8.1 - https:\/\/yoast.com\/wordpress\/plugins\/seo\/ -->\n<title>Canal \u00e8tic de Gr\u00e0fiques Beyco - Gr\u00e1ficas Beyco<\/title>\n<meta name=\"robots\" content=\"index, follow, max-snippet:-1, max-image-preview:large, max-video-preview:-1\" \/>\n<link rel=\"canonical\" href=\"https:\/\/graficasbeyco.com\/ca\/canal-etic-de-grafiques-beyco\/\" \/>\n<meta property=\"og:locale\" content=\"ca_ES\" \/>\n<meta property=\"og:type\" content=\"article\" \/>\n<meta property=\"og:title\" content=\"Canal \u00e8tic de Gr\u00e0fiques Beyco - Gr\u00e1ficas Beyco\" \/>\n<meta property=\"og:description\" content=\"GR\u00c0FIQUES BEYCO SL, en el seu model d\u2019organitzaci\u00f3 i gesti\u00f3, ha habilitat un Canal \u00c8tic amb efic\u00e0cia preventiva que possibilita la detecci\u00f3 d\u2019actes o conductes que puguin resultar contraris a la normativa general o sectorial que li sigui aplicable, de conformitat amb el Codi Penal, quan imposa \u201cl\u2019obligaci\u00f3 d\u2019informar de possibles riscos i incompliments a [&hellip;]\" \/>\n<meta property=\"og:url\" content=\"https:\/\/graficasbeyco.com\/ca\/canal-etic-de-grafiques-beyco\/\" \/>\n<meta property=\"og:site_name\" content=\"Gr\u00e1ficas Beyco\" \/>\n<meta property=\"article:modified_time\" content=\"2025-05-02T21:23:10+00:00\" \/>\n<meta name=\"twitter:card\" content=\"summary_large_image\" \/>\n<meta name=\"twitter:label1\" content=\"Temps estimat de lectura\" \/>\n\t<meta name=\"twitter:data1\" content=\"2 minuts\" \/>\n<script type=\"application\/ld+json\" class=\"yoast-schema-graph\">{\"@context\":\"https:\/\/schema.org\",\"@graph\":[{\"@type\":\"WebPage\",\"@id\":\"https:\/\/graficasbeyco.com\/ca\/canal-etic-de-grafiques-beyco\/\",\"url\":\"https:\/\/graficasbeyco.com\/ca\/canal-etic-de-grafiques-beyco\/\",\"name\":\"Canal \u00e8tic de Gr\u00e0fiques Beyco - Gr\u00e1ficas Beyco\",\"isPartOf\":{\"@id\":\"https:\/\/graficasbeyco.com\/ca\/#website\"},\"datePublished\":\"2024-12-27T05:51:01+00:00\",\"dateModified\":\"2025-05-02T21:23:10+00:00\",\"breadcrumb\":{\"@id\":\"https:\/\/graficasbeyco.com\/ca\/canal-etic-de-grafiques-beyco\/#breadcrumb\"},\"inLanguage\":\"ca\",\"potentialAction\":[{\"@type\":\"ReadAction\",\"target\":[\"https:\/\/graficasbeyco.com\/ca\/canal-etic-de-grafiques-beyco\/\"]}]},{\"@type\":\"BreadcrumbList\",\"@id\":\"https:\/\/graficasbeyco.com\/ca\/canal-etic-de-grafiques-beyco\/#breadcrumb\",\"itemListElement\":[{\"@type\":\"ListItem\",\"position\":1,\"name\":\"Portada\",\"item\":\"https:\/\/graficasbeyco.com\/ca\/\"},{\"@type\":\"ListItem\",\"position\":2,\"name\":\"Canal \u00e8tic de Gr\u00e0fiques Beyco\"}]},{\"@type\":\"WebSite\",\"@id\":\"https:\/\/graficasbeyco.com\/ca\/#website\",\"url\":\"https:\/\/graficasbeyco.com\/ca\/\",\"name\":\"Gr\u00e1ficas Beyco\",\"description\":\"producci\u00f3n de estuches y envases plegables en cartoncillo y cart\u00f3n ondulado.\",\"publisher\":{\"@id\":\"https:\/\/graficasbeyco.com\/ca\/#organization\"},\"potentialAction\":[{\"@type\":\"SearchAction\",\"target\":{\"@type\":\"EntryPoint\",\"urlTemplate\":\"https:\/\/graficasbeyco.com\/ca\/?s={search_term_string}\"},\"query-input\":{\"@type\":\"PropertyValueSpecification\",\"valueRequired\":true,\"valueName\":\"search_term_string\"}}],\"inLanguage\":\"ca\"},{\"@type\":\"Organization\",\"@id\":\"https:\/\/graficasbeyco.com\/ca\/#organization\",\"name\":\"Gr\u00e1ficas Beyco\",\"url\":\"https:\/\/graficasbeyco.com\/ca\/\",\"logo\":{\"@type\":\"ImageObject\",\"inLanguage\":\"ca\",\"@id\":\"https:\/\/graficasbeyco.com\/ca\/#\/schema\/logo\/image\/\",\"url\":\"https:\/\/graficasbeyco.com\/wp-content\/uploads\/2024\/11\/Logotip-03.png\",\"contentUrl\":\"https:\/\/graficasbeyco.com\/wp-content\/uploads\/2024\/11\/Logotip-03.png\",\"width\":10143,\"height\":1697,\"caption\":\"Gr\u00e1ficas Beyco\"},\"image\":{\"@id\":\"https:\/\/graficasbeyco.com\/ca\/#\/schema\/logo\/image\/\"}}]}<\/script>\n<!-- \/ Yoast SEO plugin. -->","yoast_head_json":{"title":"Canal \u00e8tic de Gr\u00e0fiques Beyco - Gr\u00e1ficas Beyco","robots":{"index":"index","follow":"follow","max-snippet":"max-snippet:-1","max-image-preview":"max-image-preview:large","max-video-preview":"max-video-preview:-1"},"canonical":"https:\/\/graficasbeyco.com\/ca\/canal-etic-de-grafiques-beyco\/","og_locale":"ca_ES","og_type":"article","og_title":"Canal \u00e8tic de Gr\u00e0fiques Beyco - Gr\u00e1ficas Beyco","og_description":"GR\u00c0FIQUES BEYCO SL, en el seu model d\u2019organitzaci\u00f3 i gesti\u00f3, ha habilitat un Canal \u00c8tic amb efic\u00e0cia preventiva que possibilita la detecci\u00f3 d\u2019actes o conductes que puguin resultar contraris a la normativa general o sectorial que li sigui aplicable, de conformitat amb el Codi Penal, quan imposa \u201cl\u2019obligaci\u00f3 d\u2019informar de possibles riscos i incompliments a [&hellip;]","og_url":"https:\/\/graficasbeyco.com\/ca\/canal-etic-de-grafiques-beyco\/","og_site_name":"Gr\u00e1ficas Beyco","article_modified_time":"2025-05-02T21:23:10+00:00","twitter_card":"summary_large_image","twitter_misc":{"Temps estimat de lectura":"2 minuts"},"schema":{"@context":"https:\/\/schema.org","@graph":[{"@type":"WebPage","@id":"https:\/\/graficasbeyco.com\/ca\/canal-etic-de-grafiques-beyco\/","url":"https:\/\/graficasbeyco.com\/ca\/canal-etic-de-grafiques-beyco\/","name":"Canal \u00e8tic de Gr\u00e0fiques Beyco - Gr\u00e1ficas Beyco","isPartOf":{"@id":"https:\/\/graficasbeyco.com\/ca\/#website"},"datePublished":"2024-12-27T05:51:01+00:00","dateModified":"2025-05-02T21:23:10+00:00","breadcrumb":{"@id":"https:\/\/graficasbeyco.com\/ca\/canal-etic-de-grafiques-beyco\/#breadcrumb"},"inLanguage":"ca","potentialAction":[{"@type":"ReadAction","target":["https:\/\/graficasbeyco.com\/ca\/canal-etic-de-grafiques-beyco\/"]}]},{"@type":"BreadcrumbList","@id":"https:\/\/graficasbeyco.com\/ca\/canal-etic-de-grafiques-beyco\/#breadcrumb","itemListElement":[{"@type":"ListItem","position":1,"name":"Portada","item":"https:\/\/graficasbeyco.com\/ca\/"},{"@type":"ListItem","position":2,"name":"Canal \u00e8tic de Gr\u00e0fiques Beyco"}]},{"@type":"WebSite","@id":"https:\/\/graficasbeyco.com\/ca\/#website","url":"https:\/\/graficasbeyco.com\/ca\/","name":"Gr\u00e1ficas Beyco","description":"producci\u00f3n de estuches y envases plegables en cartoncillo y cart\u00f3n ondulado.","publisher":{"@id":"https:\/\/graficasbeyco.com\/ca\/#organization"},"potentialAction":[{"@type":"SearchAction","target":{"@type":"EntryPoint","urlTemplate":"https:\/\/graficasbeyco.com\/ca\/?s={search_term_string}"},"query-input":{"@type":"PropertyValueSpecification","valueRequired":true,"valueName":"search_term_string"}}],"inLanguage":"ca"},{"@type":"Organization","@id":"https:\/\/graficasbeyco.com\/ca\/#organization","name":"Gr\u00e1ficas Beyco","url":"https:\/\/graficasbeyco.com\/ca\/","logo":{"@type":"ImageObject","inLanguage":"ca","@id":"https:\/\/graficasbeyco.com\/ca\/#\/schema\/logo\/image\/","url":"https:\/\/graficasbeyco.com\/wp-content\/uploads\/2024\/11\/Logotip-03.png","contentUrl":"https:\/\/graficasbeyco.com\/wp-content\/uploads\/2024\/11\/Logotip-03.png","width":10143,"height":1697,"caption":"Gr\u00e1ficas Beyco"},"image":{"@id":"https:\/\/graficasbeyco.com\/ca\/#\/schema\/logo\/image\/"}}]}},"_links":{"self":[{"href":"https:\/\/graficasbeyco.com\/ca\/wp-json\/wp\/v2\/pages\/8994","targetHints":{"allow":["GET"]}}],"collection":[{"href":"https:\/\/graficasbeyco.com\/ca\/wp-json\/wp\/v2\/pages"}],"about":[{"href":"https:\/\/graficasbeyco.com\/ca\/wp-json\/wp\/v2\/types\/page"}],"author":[{"embeddable":true,"href":"https:\/\/graficasbeyco.com\/ca\/wp-json\/wp\/v2\/users\/4"}],"replies":[{"embeddable":true,"href":"https:\/\/graficasbeyco.com\/ca\/wp-json\/wp\/v2\/comments?post=8994"}],"version-history":[{"count":5,"href":"https:\/\/graficasbeyco.com\/ca\/wp-json\/wp\/v2\/pages\/8994\/revisions"}],"predecessor-version":[{"id":9012,"href":"https:\/\/graficasbeyco.com\/ca\/wp-json\/wp\/v2\/pages\/8994\/revisions\/9012"}],"wp:attachment":[{"href":"https:\/\/graficasbeyco.com\/ca\/wp-json\/wp\/v2\/media?parent=8994"}],"curies":[{"name":"wp","href":"https:\/\/api.w.org\/{rel}","templated":true}]}}