{"id":9013,"date":"2025-04-25T18:10:46","date_gmt":"2025-04-25T16:10:46","guid":{"rendered":"https:\/\/graficasbeyco.com\/autoconsum\/"},"modified":"2025-05-02T23:25:16","modified_gmt":"2025-05-02T21:25:16","slug":"autoconsum","status":"publish","type":"page","link":"https:\/\/graficasbeyco.com\/ca\/autoconsum\/","title":{"rendered":"Autoconsum"},"content":{"rendered":"\t\t<div data-elementor-type=\"wp-page\" data-elementor-id=\"9013\" class=\"elementor elementor-9013 elementor-8713\">\n\t\t\t\t<div class=\"elementor-element elementor-element-363b7083 e-flex e-con-boxed e-con e-parent\" data-id=\"363b7083\" data-element_type=\"container\">\n\t\t\t\t\t<div class=\"e-con-inner\">\n\t\t\t\t<div class=\"elementor-element elementor-element-106b5d2 elementor-widget elementor-widget-heading\" data-id=\"106b5d2\" data-element_type=\"widget\" data-widget_type=\"heading.default\">\n\t\t\t\t<div class=\"elementor-widget-container\">\n\t\t\t\t\t<h2 class=\"elementor-heading-title elementor-size-default\">EXPEDIENT ICA025\/21\/001835<\/h2>\t\t\t\t<\/div>\n\t\t\t\t<\/div>\n\t\t\t\t<div class=\"elementor-element elementor-element-76938cf elementor-widget elementor-widget-image\" data-id=\"76938cf\" data-element_type=\"widget\" data-widget_type=\"image.default\">\n\t\t\t\t<div class=\"elementor-widget-container\">\n\t\t\t\t\t\t\t\t\t\t\t\t\t\t\t<img fetchpriority=\"high\" decoding=\"async\" width=\"900\" height=\"606\" src=\"https:\/\/graficasbeyco.com\/wp-content\/uploads\/2025\/04\/autoconsumo-1-1024x689.webp\" class=\"attachment-large size-large wp-image-8804\" alt=\"\" srcset=\"https:\/\/graficasbeyco.com\/wp-content\/uploads\/2025\/04\/autoconsumo-1-1024x689.webp 1024w, https:\/\/graficasbeyco.com\/wp-content\/uploads\/2025\/04\/autoconsumo-1-300x202.webp 300w, https:\/\/graficasbeyco.com\/wp-content\/uploads\/2025\/04\/autoconsumo-1-768x517.webp 768w, https:\/\/graficasbeyco.com\/wp-content\/uploads\/2025\/04\/autoconsumo-1.webp 1436w\" sizes=\"(max-width: 900px) 100vw, 900px\" \/>\t\t\t\t\t\t\t\t\t\t\t\t\t\t\t<\/div>\n\t\t\t\t<\/div>\n\t\t\t\t<div class=\"elementor-element elementor-element-4a479acc elementor-widget elementor-widget-text-editor\" data-id=\"4a479acc\" data-element_type=\"widget\" data-widget_type=\"text-editor.default\">\n\t\t\t\t<div class=\"elementor-widget-container\">\n\t\t\t\t\t\t\t\t\t<p>GR\u00c0FIQUES BEYCO, S.L. ha rebut una ajuda per al seu projecte d&#8217;autoconsum <em>Instal\u00b7laci\u00f3 solar fotovoltaica de 256 kWp<\/em>, cofinan\u00e7ada pel Mecanisme Europeu de Recuperaci\u00f3 i Resili\u00e8ncia PRTR-Next Generation EU, coordinada pel Ministeri per a la Transici\u00f3 Ecol\u00f2gica i el Repte Demogr\u00e0fic mitjan\u00e7ant IDAE i gestionada per les autonomies segons el Reial Decret 47\/2. S&#8217;ha executat un projecte d&#8217;autoconsum amb fonts d&#8217;energia renovable, consistent en una instal\u00b7laci\u00f3 solar fotovoltaica amb m\u00f2duls monocristal\u00b7lins sobre coberta de 167,86 kWp de pot\u00e8ncia total, la instal\u00b7laci\u00f3 disposa d&#8217;un sistema de monitoritzaci\u00f3 i registre, model PRISMA 310A. En aquest projecte s&#8217;hi han instal\u00b7lat 308 m\u00f2duls de 545 Wp i 2 inversors de 110kWn i 33kWn.  <\/p>\n<p><\/p>\t\t\t\t\t\t\t\t<\/div>\n\t\t\t\t<\/div>\n\t\t\t\t\t<\/div>\n\t\t\t\t<\/div>\n\t\t\t\t<\/div>\n\t\t","protected":false},"excerpt":{"rendered":"<p>EXPEDIENT ICA025\/21\/001835 GR\u00c0FIQUES BEYCO, S.L. ha rebut una ajuda per al seu projecte d&#8217;autoconsum Instal\u00b7laci\u00f3 solar fotovoltaica de 256 kWp, cofinan\u00e7ada pel Mecanisme Europeu de Recuperaci\u00f3 i Resili\u00e8ncia PRTR-Next Generation EU, coordinada pel Ministeri per a la Transici\u00f3 Ecol\u00f2gica i el Repte Demogr\u00e0fic mitjan\u00e7ant IDAE i gestionada per les autonomies segons el Reial Decret 47\/2. [&hellip;]<\/p>\n","protected":false},"author":4,"featured_media":0,"parent":0,"menu_order":0,"comment_status":"closed","ping_status":"closed","template":"","meta":{"_joinchat":[],"footnotes":""},"class_list":["post-9013","page","type-page","status-publish","hentry"],"yoast_head":"<!-- This site is optimized with the Yoast SEO plugin v24.8.1 - https:\/\/yoast.com\/wordpress\/plugins\/seo\/ -->\n<title>Autoconsum - Gr\u00e1ficas Beyco<\/title>\n<meta name=\"robots\" content=\"index, follow, max-snippet:-1, max-image-preview:large, max-video-preview:-1\" \/>\n<link rel=\"canonical\" href=\"https:\/\/graficasbeyco.com\/ca\/autoconsum\/\" \/>\n<meta property=\"og:locale\" content=\"ca_ES\" \/>\n<meta property=\"og:type\" content=\"article\" \/>\n<meta property=\"og:title\" content=\"Autoconsum - Gr\u00e1ficas Beyco\" \/>\n<meta property=\"og:description\" content=\"EXPEDIENT ICA025\/21\/001835 GR\u00c0FIQUES BEYCO, S.L. ha rebut una ajuda per al seu projecte d&#8217;autoconsum Instal\u00b7laci\u00f3 solar fotovoltaica de 256 kWp, cofinan\u00e7ada pel Mecanisme Europeu de Recuperaci\u00f3 i Resili\u00e8ncia PRTR-Next Generation EU, coordinada pel Ministeri per a la Transici\u00f3 Ecol\u00f2gica i el Repte Demogr\u00e0fic mitjan\u00e7ant IDAE i gestionada per les autonomies segons el Reial Decret 47\/2. [&hellip;]\" \/>\n<meta property=\"og:url\" content=\"https:\/\/graficasbeyco.com\/ca\/autoconsum\/\" \/>\n<meta property=\"og:site_name\" content=\"Gr\u00e1ficas Beyco\" \/>\n<meta property=\"article:modified_time\" content=\"2025-05-02T21:25:16+00:00\" \/>\n<meta property=\"og:image\" content=\"https:\/\/graficasbeyco.com\/wp-content\/uploads\/2025\/04\/autoconsumo-1.webp\" \/>\n\t<meta property=\"og:image:width\" content=\"1436\" \/>\n\t<meta property=\"og:image:height\" content=\"966\" \/>\n\t<meta property=\"og:image:type\" content=\"image\/webp\" \/>\n<meta name=\"twitter:card\" content=\"summary_large_image\" \/>\n<meta name=\"twitter:label1\" content=\"Temps estimat de lectura\" \/>\n\t<meta name=\"twitter:data1\" content=\"1 minut\" \/>\n<script type=\"application\/ld+json\" class=\"yoast-schema-graph\">{\"@context\":\"https:\/\/schema.org\",\"@graph\":[{\"@type\":\"WebPage\",\"@id\":\"https:\/\/graficasbeyco.com\/ca\/autoconsum\/\",\"url\":\"https:\/\/graficasbeyco.com\/ca\/autoconsum\/\",\"name\":\"Autoconsum - Gr\u00e1ficas Beyco\",\"isPartOf\":{\"@id\":\"https:\/\/graficasbeyco.com\/ca\/#website\"},\"primaryImageOfPage\":{\"@id\":\"https:\/\/graficasbeyco.com\/ca\/autoconsum\/#primaryimage\"},\"image\":{\"@id\":\"https:\/\/graficasbeyco.com\/ca\/autoconsum\/#primaryimage\"},\"thumbnailUrl\":\"https:\/\/graficasbeyco.com\/wp-content\/uploads\/2025\/04\/autoconsumo-1-1024x689.webp\",\"datePublished\":\"2025-04-25T16:10:46+00:00\",\"dateModified\":\"2025-05-02T21:25:16+00:00\",\"breadcrumb\":{\"@id\":\"https:\/\/graficasbeyco.com\/ca\/autoconsum\/#breadcrumb\"},\"inLanguage\":\"ca\",\"potentialAction\":[{\"@type\":\"ReadAction\",\"target\":[\"https:\/\/graficasbeyco.com\/ca\/autoconsum\/\"]}]},{\"@type\":\"ImageObject\",\"inLanguage\":\"ca\",\"@id\":\"https:\/\/graficasbeyco.com\/ca\/autoconsum\/#primaryimage\",\"url\":\"https:\/\/graficasbeyco.com\/wp-content\/uploads\/2025\/04\/autoconsumo-1-1024x689.webp\",\"contentUrl\":\"https:\/\/graficasbeyco.com\/wp-content\/uploads\/2025\/04\/autoconsumo-1-1024x689.webp\"},{\"@type\":\"BreadcrumbList\",\"@id\":\"https:\/\/graficasbeyco.com\/ca\/autoconsum\/#breadcrumb\",\"itemListElement\":[{\"@type\":\"ListItem\",\"position\":1,\"name\":\"Portada\",\"item\":\"https:\/\/graficasbeyco.com\/ca\/\"},{\"@type\":\"ListItem\",\"position\":2,\"name\":\"Autoconsum\"}]},{\"@type\":\"WebSite\",\"@id\":\"https:\/\/graficasbeyco.com\/ca\/#website\",\"url\":\"https:\/\/graficasbeyco.com\/ca\/\",\"name\":\"Gr\u00e1ficas Beyco\",\"description\":\"producci\u00f3n de estuches y envases plegables en cartoncillo y cart\u00f3n ondulado.\",\"publisher\":{\"@id\":\"https:\/\/graficasbeyco.com\/ca\/#organization\"},\"potentialAction\":[{\"@type\":\"SearchAction\",\"target\":{\"@type\":\"EntryPoint\",\"urlTemplate\":\"https:\/\/graficasbeyco.com\/ca\/?s={search_term_string}\"},\"query-input\":{\"@type\":\"PropertyValueSpecification\",\"valueRequired\":true,\"valueName\":\"search_term_string\"}}],\"inLanguage\":\"ca\"},{\"@type\":\"Organization\",\"@id\":\"https:\/\/graficasbeyco.com\/ca\/#organization\",\"name\":\"Gr\u00e1ficas Beyco\",\"url\":\"https:\/\/graficasbeyco.com\/ca\/\",\"logo\":{\"@type\":\"ImageObject\",\"inLanguage\":\"ca\",\"@id\":\"https:\/\/graficasbeyco.com\/ca\/#\/schema\/logo\/image\/\",\"url\":\"https:\/\/graficasbeyco.com\/wp-content\/uploads\/2024\/11\/Logotip-03.png\",\"contentUrl\":\"https:\/\/graficasbeyco.com\/wp-content\/uploads\/2024\/11\/Logotip-03.png\",\"width\":10143,\"height\":1697,\"caption\":\"Gr\u00e1ficas Beyco\"},\"image\":{\"@id\":\"https:\/\/graficasbeyco.com\/ca\/#\/schema\/logo\/image\/\"}}]}<\/script>\n<!-- \/ Yoast SEO plugin. -->","yoast_head_json":{"title":"Autoconsum - Gr\u00e1ficas Beyco","robots":{"index":"index","follow":"follow","max-snippet":"max-snippet:-1","max-image-preview":"max-image-preview:large","max-video-preview":"max-video-preview:-1"},"canonical":"https:\/\/graficasbeyco.com\/ca\/autoconsum\/","og_locale":"ca_ES","og_type":"article","og_title":"Autoconsum - Gr\u00e1ficas Beyco","og_description":"EXPEDIENT ICA025\/21\/001835 GR\u00c0FIQUES BEYCO, S.L. ha rebut una ajuda per al seu projecte d&#8217;autoconsum Instal\u00b7laci\u00f3 solar fotovoltaica de 256 kWp, cofinan\u00e7ada pel Mecanisme Europeu de Recuperaci\u00f3 i Resili\u00e8ncia PRTR-Next Generation EU, coordinada pel Ministeri per a la Transici\u00f3 Ecol\u00f2gica i el Repte Demogr\u00e0fic mitjan\u00e7ant IDAE i gestionada per les autonomies segons el Reial Decret 47\/2. [&hellip;]","og_url":"https:\/\/graficasbeyco.com\/ca\/autoconsum\/","og_site_name":"Gr\u00e1ficas Beyco","article_modified_time":"2025-05-02T21:25:16+00:00","og_image":[{"width":1436,"height":966,"url":"https:\/\/graficasbeyco.com\/wp-content\/uploads\/2025\/04\/autoconsumo-1.webp","type":"image\/webp"}],"twitter_card":"summary_large_image","twitter_misc":{"Temps estimat de lectura":"1 minut"},"schema":{"@context":"https:\/\/schema.org","@graph":[{"@type":"WebPage","@id":"https:\/\/graficasbeyco.com\/ca\/autoconsum\/","url":"https:\/\/graficasbeyco.com\/ca\/autoconsum\/","name":"Autoconsum - Gr\u00e1ficas Beyco","isPartOf":{"@id":"https:\/\/graficasbeyco.com\/ca\/#website"},"primaryImageOfPage":{"@id":"https:\/\/graficasbeyco.com\/ca\/autoconsum\/#primaryimage"},"image":{"@id":"https:\/\/graficasbeyco.com\/ca\/autoconsum\/#primaryimage"},"thumbnailUrl":"https:\/\/graficasbeyco.com\/wp-content\/uploads\/2025\/04\/autoconsumo-1-1024x689.webp","datePublished":"2025-04-25T16:10:46+00:00","dateModified":"2025-05-02T21:25:16+00:00","breadcrumb":{"@id":"https:\/\/graficasbeyco.com\/ca\/autoconsum\/#breadcrumb"},"inLanguage":"ca","potentialAction":[{"@type":"ReadAction","target":["https:\/\/graficasbeyco.com\/ca\/autoconsum\/"]}]},{"@type":"ImageObject","inLanguage":"ca","@id":"https:\/\/graficasbeyco.com\/ca\/autoconsum\/#primaryimage","url":"https:\/\/graficasbeyco.com\/wp-content\/uploads\/2025\/04\/autoconsumo-1-1024x689.webp","contentUrl":"https:\/\/graficasbeyco.com\/wp-content\/uploads\/2025\/04\/autoconsumo-1-1024x689.webp"},{"@type":"BreadcrumbList","@id":"https:\/\/graficasbeyco.com\/ca\/autoconsum\/#breadcrumb","itemListElement":[{"@type":"ListItem","position":1,"name":"Portada","item":"https:\/\/graficasbeyco.com\/ca\/"},{"@type":"ListItem","position":2,"name":"Autoconsum"}]},{"@type":"WebSite","@id":"https:\/\/graficasbeyco.com\/ca\/#website","url":"https:\/\/graficasbeyco.com\/ca\/","name":"Gr\u00e1ficas Beyco","description":"producci\u00f3n de estuches y envases plegables en cartoncillo y cart\u00f3n ondulado.","publisher":{"@id":"https:\/\/graficasbeyco.com\/ca\/#organization"},"potentialAction":[{"@type":"SearchAction","target":{"@type":"EntryPoint","urlTemplate":"https:\/\/graficasbeyco.com\/ca\/?s={search_term_string}"},"query-input":{"@type":"PropertyValueSpecification","valueRequired":true,"valueName":"search_term_string"}}],"inLanguage":"ca"},{"@type":"Organization","@id":"https:\/\/graficasbeyco.com\/ca\/#organization","name":"Gr\u00e1ficas Beyco","url":"https:\/\/graficasbeyco.com\/ca\/","logo":{"@type":"ImageObject","inLanguage":"ca","@id":"https:\/\/graficasbeyco.com\/ca\/#\/schema\/logo\/image\/","url":"https:\/\/graficasbeyco.com\/wp-content\/uploads\/2024\/11\/Logotip-03.png","contentUrl":"https:\/\/graficasbeyco.com\/wp-content\/uploads\/2024\/11\/Logotip-03.png","width":10143,"height":1697,"caption":"Gr\u00e1ficas Beyco"},"image":{"@id":"https:\/\/graficasbeyco.com\/ca\/#\/schema\/logo\/image\/"}}]}},"_links":{"self":[{"href":"https:\/\/graficasbeyco.com\/ca\/wp-json\/wp\/v2\/pages\/9013","targetHints":{"allow":["GET"]}}],"collection":[{"href":"https:\/\/graficasbeyco.com\/ca\/wp-json\/wp\/v2\/pages"}],"about":[{"href":"https:\/\/graficasbeyco.com\/ca\/wp-json\/wp\/v2\/types\/page"}],"author":[{"embeddable":true,"href":"https:\/\/graficasbeyco.com\/ca\/wp-json\/wp\/v2\/users\/4"}],"replies":[{"embeddable":true,"href":"https:\/\/graficasbeyco.com\/ca\/wp-json\/wp\/v2\/comments?post=9013"}],"version-history":[{"count":2,"href":"https:\/\/graficasbeyco.com\/ca\/wp-json\/wp\/v2\/pages\/9013\/revisions"}],"predecessor-version":[{"id":9015,"href":"https:\/\/graficasbeyco.com\/ca\/wp-json\/wp\/v2\/pages\/9013\/revisions\/9015"}],"wp:attachment":[{"href":"https:\/\/graficasbeyco.com\/ca\/wp-json\/wp\/v2\/media?parent=9013"}],"curies":[{"name":"wp","href":"https:\/\/api.w.org\/{rel}","templated":true}]}}