{"id":8031,"date":"2024-12-27T06:33:59","date_gmt":"2024-12-27T05:33:59","guid":{"rendered":"https:\/\/graficasbeyco.com\/privacy-policy\/"},"modified":"2025-03-24T10:54:26","modified_gmt":"2025-03-24T10:54:26","slug":"privacy-policy","status":"publish","type":"page","link":"https:\/\/graficasbeyco.com\/en\/privacy-policy\/","title":{"rendered":"Privacy Policy"},"content":{"rendered":"\t\t<div data-elementor-type=\"wp-page\" data-elementor-id=\"8031\" class=\"elementor elementor-8031 elementor-6501\">\n\t\t\t\t<div class=\"elementor-element elementor-element-363b7083 e-flex e-con-boxed e-con e-parent\" data-id=\"363b7083\" data-element_type=\"container\">\n\t\t\t\t\t<div class=\"e-con-inner\">\n\t\t\t\t<div class=\"elementor-element elementor-element-4a479acc elementor-widget elementor-widget-text-editor\" data-id=\"4a479acc\" data-element_type=\"widget\" data-widget_type=\"text-editor.default\">\n\t\t\t\t<div class=\"elementor-widget-container\">\n\t\t\t\t\t\t\t\t\t<table style=\"width: 100%; table-layout: fixed;\" border=\"1\">\n<tbody>\n<tr>\n<td style=\"width: 35%;\"><strong>Responsible for the treatment<\/strong><\/td>\n<td>GR\u00c1FICAS BEYCO, S.L.<\/td>\n<\/tr>\n<tr>\n<td style=\"width: 35%;\"><strong>Purpose<\/strong><\/td>\n<td>&#8211; Management of contracted services;\n<p> <\/p>\n<p>&#8211; Processing for commercial purposes, including sending offers, information, and commercial proposals.<\/p>\n<\/td>\n<\/tr>\n<tr>\n<td style=\"width: 35%;\"><strong>Legitimation<\/strong><\/td>\n<td>Consent of the interested party, with the exception of certain cases in which there is a legitimate interest.<\/td>\n<\/tr>\n<tr>\n<td style=\"width: 35%;\"><strong>Recipients<\/strong><\/td>\n<td>Your data will be processed exclusively by GR\u00c1FICAS BEYCO, S.L. with the following exception: The data you provide may be communicated to third-party entities to fulfill purposes directly related to the contracted service, as stated above, between GR\u00c1FICAS BEYCO, S.L. and the data provider, as well as to entities or organizations where there is a legal obligation. No transfers to third countries outside the European Union will occur without your consent. <\/td>\n<\/tr>\n<tr>\n<td style=\"width: 35%;\"><strong>Retention of data<\/strong><\/td>\n<td>Until the end of the service or there is a legal obligation.<\/td>\n<\/tr>\n<tr>\n<td style=\"width: 35%;\"><strong>Rights<\/strong><\/td>\n<td>The right to access, rectify, and delete data, as well as other rights explained in the additional information.\n<p> <\/p>\n<p>The right to file a complaint with the Supervisory Authority (<a href=\"http:\/\/www.agpd.es\/\">www.agpd.es<\/a>).<\/p>\n<\/td>\n<\/tr>\n<tr>\n<td style=\"width: 35%;\"><strong>Additional Information<\/strong><\/td>\n<td>Additional and detailed information on Data Protection can be found on our website:\n<p> <\/p>\n<p><a title=\"You can check additional and detailed information about Data Protection on our website:Aviso legal y protecci\u00f3n de datos\" href=\"https:\/\/www.graficasbeyco.com\/politica-de-privacidad\/index.php?option=com_content&amp;view=article&amp;id=195&amp;Itemid=832\" target=\"_blank\" rel=\"noopener noreferrer\">Legal Notice and Data Protection<\/a><\/p>\n<\/td>\n<\/tr>\n<\/tbody>\n<\/table>\n<p><\/p>\n<h2 class=\"wp-block-heading\"><strong>BASIC DATA PROTECTION INFORMATION<\/strong><\/h2>\n<p><\/p>\n<table border=\"1\">\n<tbody>\n<tr>\n<td colspan=\"2\"><strong>Who is responsible for processing your data?<\/strong><\/td>\n<\/tr>\n<tr>\n<td><strong>Identity<\/strong><\/td>\n<td>GR\u00c1FICAS BEYCO, S.L.\n<p> <\/p>\n<p>CIF:B08619363<\/p>\n<p>Registered in the Mercantile Registry of Barcelona, Volume 10.051 \u2013 Folio 11 \u2013 Sheet No. B-82873 \u2013 Entry 5.<\/p>\n<\/td>\n<\/tr>\n<tr>\n<td><strong>Mailing address<\/strong><\/td>\n<td>Carretera del mig, 167 08907 L&#8217;Hospitalet de Llobregat (Barcelona)<\/td>\n<\/tr>\n<tr>\n<td><strong>Phone<\/strong><\/td>\n<td><strong>933 365 863<\/strong><\/td>\n<\/tr>\n<tr>\n<td><strong>e-mail<\/strong><\/td>\n<td>beyco@graficasbeyco.com<\/td>\n<\/tr>\n<\/tbody>\n<\/table>\n<p><\/p>\n<table border=\"1\">\n<tbody>\n<tr>\n<td><strong>Why do we process your data?<\/strong><\/td>\n<\/tr>\n<tr>\n<td>\u00b7 Management of contracted services and conducting opinion and satisfaction surveys;\n<p> <\/p>\n<p>\u00b7 Sending commercial and promotional communications.<\/p>\n<\/td>\n<\/tr>\n<\/tbody>\n<\/table>\n<p><\/p>\n<p><\/p>\n<table border=\"1\">\n<tbody>\n<tr>\n<td><strong>What is the legal basis for processing your data?<\/strong><\/td>\n<\/tr>\n<tr>\n<td>\u00b7 The contractual relationship between GR\u00c1FICAS BEYCO, S.L. and the user when executing the contracted service. Providing personal data is mandatory for the execution of the service. If you do not provide your personal data, the service cannot be carried out.  \n<p> <\/p>\n<p>Your free, specific, informed, and unequivocal consent.<\/p>\n<\/td>\n<\/tr>\n<\/tbody>\n<\/table>\n<p><\/p>\n<table border=\"1\">\n<tbody>\n<tr>\n<td><strong>Where do we obtain your data from?<\/strong><\/td>\n<\/tr>\n<tr>\n<td>The personal data processed by GR\u00c1FICAS BEYCO, S.L. has always been provided by the data subject.<\/td>\n<\/tr>\n<\/tbody>\n<\/table>\n<p><\/p>\n<h2 class=\"wp-block-heading\"><strong>ADDITIONAL DATA PROTECTION INFORMATION<\/strong><\/h2>\n<p><\/p>\n<table border=\"1\">\n<tbody>\n<tr>\n<td><strong>What is the category of your data?<\/strong><\/td>\n<\/tr>\n<tr>\n<td>The data we process in GR\u00c1FICAS BEYCO, S.L. are:\n&#8211; Identification data (name, surname, NIF, postal address, e-mail) &#8211; Personal data (date and place of birth, sex, nationality) &#8211; Academic and\/or professional data &#8211; Bank data.<\/td><br><\/tr>\n<\/tbody>\n<\/table>\n<p><\/p>\n<table border=\"1\">\n<tbody>\n<tr>\n<td><strong>Who do we share your data with?<\/strong><\/td>\n<\/tr>\n<tr>\n<td>Your data will be processed exclusively by GR\u00c1FICAS BEYCO, S.L., with the exception of:<br>Third-party entities for purposes directly related to the contracted service between GR\u00c1FICAS BEYCO, S.L. and the data provider.<br>Entities or organizations where there is a legal obligation for data transfer.<br>No transfers to third countries outside the European Union will occur without your consent. <\/td>\n<\/tr>\n<\/tbody>\n<\/table>\n<table border=\"1\">\n<tbody>\n<tr>\n<td><strong>What are your rights regarding your personal data?<\/strong><\/td>\n<\/tr>\n<tr>\n<td>\u00b7 The right to withdraw consent at any time.\n<p> <\/p>\n<p>\u00b7 The right to access, rectify, and delete data.<\/p>\n<p>\u00b7 The right to restrict or object to data processing.<\/p>\n<p>\u00b7 The right to file a complaint with the Supervisory Authority (<a href=\"http:\/\/www.agpd.es\/\" target=\"_blank\" rel=\"noopener\">www.agpd.es<\/a>) if you believe that data processing does not comply with current regulations.<\/p>\n<p> <\/p>\n<p>Download all rights exercise forms<strong><a href=\"http:\/\/www.graficasbeyco.com\/_docs\/datos-del-responsable-del-tratamiento.docx\" target=\"_blank\" rel=\"noopener noreferrer\"> here<\/a><\/strong>.<\/p>\n<p>Contact information to exercise your rights:<\/p>\n<p>GR\u00c1FICAS BEYCO, S.L.<\/p>\n<p>Carretera del Mig, 167 08907 L\u2019Hospitalet de Llobregat (Barcelona)<br>Email: beyco@graficasbeyco.com<\/p>\n<\/td>\n<\/tr>\n<\/tbody>\n<\/table>\n<table border=\"1\">\n<tbody>\n<tr>\n<td><strong>How long do we keep your personal data?<\/strong><\/td>\n<\/tr>\n<tr>\n<td>Personal data will be retained as long as there is a mutual interest in maintaining the processing purpose or when it is necessary due to legal obligations. When retention is no longer necessary, the data will be securely deleted or anonymized. <\/td>\n<\/tr>\n<\/tbody>\n<\/table>\n<p><\/p>\t\t\t\t\t\t\t\t<\/div>\n\t\t\t\t<\/div>\n\t\t\t\t\t<\/div>\n\t\t\t\t<\/div>\n\t\t\t\t<\/div>\n\t\t","protected":false},"excerpt":{"rendered":"<p>Responsible for the treatment GR\u00c1FICAS BEYCO, S.L. Purpose &#8211; Management of contracted services; &#8211; Processing for commercial purposes, including sending offers, information, and commercial proposals. Legitimation Consent of the interested party, with the exception of certain cases in which there is a legitimate interest. Recipients Your data will be processed exclusively by GR\u00c1FICAS BEYCO, S.L. [&hellip;]<\/p>\n","protected":false},"author":4,"featured_media":0,"parent":0,"menu_order":0,"comment_status":"closed","ping_status":"closed","template":"","meta":{"_joinchat":[],"footnotes":""},"class_list":["post-8031","page","type-page","status-publish","hentry"],"yoast_head":"<!-- This site is optimized with the Yoast SEO plugin v24.8.1 - https:\/\/yoast.com\/wordpress\/plugins\/seo\/ -->\n<title>Privacy Policy - Gr\u00e1ficas Beyco<\/title>\n<meta name=\"robots\" content=\"index, follow, max-snippet:-1, max-image-preview:large, max-video-preview:-1\" \/>\n<link rel=\"canonical\" href=\"https:\/\/graficasbeyco.com\/en\/privacy-policy\/\" \/>\n<meta property=\"og:locale\" content=\"en_US\" \/>\n<meta property=\"og:type\" content=\"article\" \/>\n<meta property=\"og:title\" content=\"Privacy Policy - Gr\u00e1ficas Beyco\" \/>\n<meta property=\"og:description\" content=\"Responsible for the treatment GR\u00c1FICAS BEYCO, S.L. Purpose &#8211; Management of contracted services; &#8211; Processing for commercial purposes, including sending offers, information, and commercial proposals. Legitimation Consent of the interested party, with the exception of certain cases in which there is a legitimate interest. Recipients Your data will be processed exclusively by GR\u00c1FICAS BEYCO, S.L. [&hellip;]\" \/>\n<meta property=\"og:url\" content=\"https:\/\/graficasbeyco.com\/en\/privacy-policy\/\" \/>\n<meta property=\"og:site_name\" content=\"Gr\u00e1ficas Beyco\" \/>\n<meta property=\"article:modified_time\" content=\"2025-03-24T10:54:26+00:00\" \/>\n<meta name=\"twitter:card\" content=\"summary_large_image\" \/>\n<meta name=\"twitter:label1\" content=\"Est. reading time\" \/>\n\t<meta name=\"twitter:data1\" content=\"3 minutes\" \/>\n<script type=\"application\/ld+json\" class=\"yoast-schema-graph\">{\"@context\":\"https:\/\/schema.org\",\"@graph\":[{\"@type\":\"WebPage\",\"@id\":\"https:\/\/graficasbeyco.com\/en\/privacy-policy\/\",\"url\":\"https:\/\/graficasbeyco.com\/en\/privacy-policy\/\",\"name\":\"Privacy Policy - Gr\u00e1ficas Beyco\",\"isPartOf\":{\"@id\":\"https:\/\/graficasbeyco.com\/en\/#website\"},\"datePublished\":\"2024-12-27T05:33:59+00:00\",\"dateModified\":\"2025-03-24T10:54:26+00:00\",\"breadcrumb\":{\"@id\":\"https:\/\/graficasbeyco.com\/en\/privacy-policy\/#breadcrumb\"},\"inLanguage\":\"en-US\",\"potentialAction\":[{\"@type\":\"ReadAction\",\"target\":[\"https:\/\/graficasbeyco.com\/en\/privacy-policy\/\"]}]},{\"@type\":\"BreadcrumbList\",\"@id\":\"https:\/\/graficasbeyco.com\/en\/privacy-policy\/#breadcrumb\",\"itemListElement\":[{\"@type\":\"ListItem\",\"position\":1,\"name\":\"Portada\",\"item\":\"https:\/\/graficasbeyco.com\/en\/\"},{\"@type\":\"ListItem\",\"position\":2,\"name\":\"Privacy Policy\"}]},{\"@type\":\"WebSite\",\"@id\":\"https:\/\/graficasbeyco.com\/en\/#website\",\"url\":\"https:\/\/graficasbeyco.com\/en\/\",\"name\":\"Gr\u00e1ficas Beyco\",\"description\":\"producci\u00f3n de estuches y envases plegables en cartoncillo y cart\u00f3n ondulado.\",\"publisher\":{\"@id\":\"https:\/\/graficasbeyco.com\/en\/#organization\"},\"potentialAction\":[{\"@type\":\"SearchAction\",\"target\":{\"@type\":\"EntryPoint\",\"urlTemplate\":\"https:\/\/graficasbeyco.com\/en\/?s={search_term_string}\"},\"query-input\":{\"@type\":\"PropertyValueSpecification\",\"valueRequired\":true,\"valueName\":\"search_term_string\"}}],\"inLanguage\":\"en-US\"},{\"@type\":\"Organization\",\"@id\":\"https:\/\/graficasbeyco.com\/en\/#organization\",\"name\":\"Gr\u00e1ficas Beyco\",\"url\":\"https:\/\/graficasbeyco.com\/en\/\",\"logo\":{\"@type\":\"ImageObject\",\"inLanguage\":\"en-US\",\"@id\":\"https:\/\/graficasbeyco.com\/en\/#\/schema\/logo\/image\/\",\"url\":\"https:\/\/graficasbeyco.com\/wp-content\/uploads\/2024\/11\/Logotip-03.png\",\"contentUrl\":\"https:\/\/graficasbeyco.com\/wp-content\/uploads\/2024\/11\/Logotip-03.png\",\"width\":10143,\"height\":1697,\"caption\":\"Gr\u00e1ficas Beyco\"},\"image\":{\"@id\":\"https:\/\/graficasbeyco.com\/en\/#\/schema\/logo\/image\/\"}}]}<\/script>\n<!-- \/ Yoast SEO plugin. -->","yoast_head_json":{"title":"Privacy Policy - Gr\u00e1ficas Beyco","robots":{"index":"index","follow":"follow","max-snippet":"max-snippet:-1","max-image-preview":"max-image-preview:large","max-video-preview":"max-video-preview:-1"},"canonical":"https:\/\/graficasbeyco.com\/en\/privacy-policy\/","og_locale":"en_US","og_type":"article","og_title":"Privacy Policy - Gr\u00e1ficas Beyco","og_description":"Responsible for the treatment GR\u00c1FICAS BEYCO, S.L. Purpose &#8211; Management of contracted services; &#8211; Processing for commercial purposes, including sending offers, information, and commercial proposals. Legitimation Consent of the interested party, with the exception of certain cases in which there is a legitimate interest. Recipients Your data will be processed exclusively by GR\u00c1FICAS BEYCO, S.L. [&hellip;]","og_url":"https:\/\/graficasbeyco.com\/en\/privacy-policy\/","og_site_name":"Gr\u00e1ficas Beyco","article_modified_time":"2025-03-24T10:54:26+00:00","twitter_card":"summary_large_image","twitter_misc":{"Est. reading time":"3 minutes"},"schema":{"@context":"https:\/\/schema.org","@graph":[{"@type":"WebPage","@id":"https:\/\/graficasbeyco.com\/en\/privacy-policy\/","url":"https:\/\/graficasbeyco.com\/en\/privacy-policy\/","name":"Privacy Policy - Gr\u00e1ficas Beyco","isPartOf":{"@id":"https:\/\/graficasbeyco.com\/en\/#website"},"datePublished":"2024-12-27T05:33:59+00:00","dateModified":"2025-03-24T10:54:26+00:00","breadcrumb":{"@id":"https:\/\/graficasbeyco.com\/en\/privacy-policy\/#breadcrumb"},"inLanguage":"en-US","potentialAction":[{"@type":"ReadAction","target":["https:\/\/graficasbeyco.com\/en\/privacy-policy\/"]}]},{"@type":"BreadcrumbList","@id":"https:\/\/graficasbeyco.com\/en\/privacy-policy\/#breadcrumb","itemListElement":[{"@type":"ListItem","position":1,"name":"Portada","item":"https:\/\/graficasbeyco.com\/en\/"},{"@type":"ListItem","position":2,"name":"Privacy Policy"}]},{"@type":"WebSite","@id":"https:\/\/graficasbeyco.com\/en\/#website","url":"https:\/\/graficasbeyco.com\/en\/","name":"Gr\u00e1ficas Beyco","description":"producci\u00f3n de estuches y envases plegables en cartoncillo y cart\u00f3n ondulado.","publisher":{"@id":"https:\/\/graficasbeyco.com\/en\/#organization"},"potentialAction":[{"@type":"SearchAction","target":{"@type":"EntryPoint","urlTemplate":"https:\/\/graficasbeyco.com\/en\/?s={search_term_string}"},"query-input":{"@type":"PropertyValueSpecification","valueRequired":true,"valueName":"search_term_string"}}],"inLanguage":"en-US"},{"@type":"Organization","@id":"https:\/\/graficasbeyco.com\/en\/#organization","name":"Gr\u00e1ficas Beyco","url":"https:\/\/graficasbeyco.com\/en\/","logo":{"@type":"ImageObject","inLanguage":"en-US","@id":"https:\/\/graficasbeyco.com\/en\/#\/schema\/logo\/image\/","url":"https:\/\/graficasbeyco.com\/wp-content\/uploads\/2024\/11\/Logotip-03.png","contentUrl":"https:\/\/graficasbeyco.com\/wp-content\/uploads\/2024\/11\/Logotip-03.png","width":10143,"height":1697,"caption":"Gr\u00e1ficas Beyco"},"image":{"@id":"https:\/\/graficasbeyco.com\/en\/#\/schema\/logo\/image\/"}}]}},"_links":{"self":[{"href":"https:\/\/graficasbeyco.com\/en\/wp-json\/wp\/v2\/pages\/8031","targetHints":{"allow":["GET"]}}],"collection":[{"href":"https:\/\/graficasbeyco.com\/en\/wp-json\/wp\/v2\/pages"}],"about":[{"href":"https:\/\/graficasbeyco.com\/en\/wp-json\/wp\/v2\/types\/page"}],"author":[{"embeddable":true,"href":"https:\/\/graficasbeyco.com\/en\/wp-json\/wp\/v2\/users\/4"}],"replies":[{"embeddable":true,"href":"https:\/\/graficasbeyco.com\/en\/wp-json\/wp\/v2\/comments?post=8031"}],"version-history":[{"count":0,"href":"https:\/\/graficasbeyco.com\/en\/wp-json\/wp\/v2\/pages\/8031\/revisions"}],"wp:attachment":[{"href":"https:\/\/graficasbeyco.com\/en\/wp-json\/wp\/v2\/media?parent=8031"}],"curies":[{"name":"wp","href":"https:\/\/api.w.org\/{rel}","templated":true}]}}