{"id":8714,"date":"2025-04-25T18:10:46","date_gmt":"2025-04-25T16:10:46","guid":{"rendered":"https:\/\/graficasbeyco.com\/?page_id=8714"},"modified":"2025-05-02T18:03:00","modified_gmt":"2025-05-02T16:03:00","slug":"self-consumption","status":"publish","type":"page","link":"https:\/\/graficasbeyco.com\/en\/self-consumption\/","title":{"rendered":"Self-consumption"},"content":{"rendered":"\t\t<div data-elementor-type=\"wp-page\" data-elementor-id=\"8714\" class=\"elementor elementor-8714 elementor-8713\">\n\t\t\t\t<div class=\"elementor-element elementor-element-363b7083 e-flex e-con-boxed e-con e-parent\" data-id=\"363b7083\" data-element_type=\"container\">\n\t\t\t\t\t<div class=\"e-con-inner\">\n\t\t\t\t<div class=\"elementor-element elementor-element-106b5d2 elementor-widget elementor-widget-heading\" data-id=\"106b5d2\" data-element_type=\"widget\" data-widget_type=\"heading.default\">\n\t\t\t\t<div class=\"elementor-widget-container\">\n\t\t\t\t\t<h2 class=\"elementor-heading-title elementor-size-default\">CASE FILE ICA025\/21\/001835<\/h2>\t\t\t\t<\/div>\n\t\t\t\t<\/div>\n\t\t\t\t<div class=\"elementor-element elementor-element-76938cf elementor-widget elementor-widget-image\" data-id=\"76938cf\" data-element_type=\"widget\" data-widget_type=\"image.default\">\n\t\t\t\t<div class=\"elementor-widget-container\">\n\t\t\t\t\t\t\t\t\t\t\t\t\t\t\t<img fetchpriority=\"high\" decoding=\"async\" width=\"900\" height=\"606\" src=\"https:\/\/graficasbeyco.com\/wp-content\/uploads\/2025\/04\/autoconsumo-1-1024x689.webp\" class=\"attachment-large size-large wp-image-8805\" alt=\"\" srcset=\"https:\/\/graficasbeyco.com\/wp-content\/uploads\/2025\/04\/autoconsumo-1-1024x689.webp 1024w, https:\/\/graficasbeyco.com\/wp-content\/uploads\/2025\/04\/autoconsumo-1-300x202.webp 300w, https:\/\/graficasbeyco.com\/wp-content\/uploads\/2025\/04\/autoconsumo-1-768x517.webp 768w, https:\/\/graficasbeyco.com\/wp-content\/uploads\/2025\/04\/autoconsumo-1.webp 1436w\" sizes=\"(max-width: 900px) 100vw, 900px\" \/>\t\t\t\t\t\t\t\t\t\t\t\t\t\t\t<\/div>\n\t\t\t\t<\/div>\n\t\t\t\t<div class=\"elementor-element elementor-element-4a479acc elementor-widget elementor-widget-text-editor\" data-id=\"4a479acc\" data-element_type=\"widget\" data-widget_type=\"text-editor.default\">\n\t\t\t\t<div class=\"elementor-widget-container\">\n\t\t\t\t\t\t\t\t\t<p>GR\u00c1FICAS BEYCO, S.L. has received aid for its self-consumption project, <em>a 256 kWp photovoltaic solar installation<\/em>, co-financed by the European Recovery and Resilience Facility (PRTR) &#8211; Next Generation EU, coordinated by the Ministry for Ecological Transition and the Demographic Challenge through the IDAE (National Institute of Statistics and Censuses) and managed by the autonomous communities according to Royal Decree 477\/2021, with the aim of achieving a cleaner and more sustainable economy. A self-consumption project using renewable energy sources has been carried out, consisting of a photovoltaic solar installation with rooftop monocrystalline modules with a total power of 167.86 kWp. The installation has a monitoring and recording system, model PRISMA 310A. This project has installed 308 modules of 545 Wp and two inverters of 110 kWn and 33 kWn.  <\/p>\n<p><\/p>\t\t\t\t\t\t\t\t<\/div>\n\t\t\t\t<\/div>\n\t\t\t\t\t<\/div>\n\t\t\t\t<\/div>\n\t\t\t\t<\/div>\n\t\t","protected":false},"excerpt":{"rendered":"<p>CASE FILE ICA025\/21\/001835 GR\u00c1FICAS BEYCO, S.L. has received aid for its self-consumption project, a 256 kWp photovoltaic solar installation, co-financed by the European Recovery and Resilience Facility (PRTR) &#8211; Next Generation EU, coordinated by the Ministry for Ecological Transition and the Demographic Challenge through the IDAE (National Institute of Statistics and Censuses) and managed by [&hellip;]<\/p>\n","protected":false},"author":4,"featured_media":0,"parent":0,"menu_order":0,"comment_status":"closed","ping_status":"closed","template":"","meta":{"_joinchat":[],"footnotes":""},"class_list":["post-8714","page","type-page","status-publish","hentry"],"yoast_head":"<!-- This site is optimized with the Yoast SEO plugin v24.8.1 - https:\/\/yoast.com\/wordpress\/plugins\/seo\/ -->\n<title>Self-consumption - Gr\u00e1ficas Beyco<\/title>\n<meta name=\"robots\" content=\"index, follow, max-snippet:-1, max-image-preview:large, max-video-preview:-1\" \/>\n<link rel=\"canonical\" href=\"https:\/\/graficasbeyco.com\/en\/self-consumption\/\" \/>\n<meta property=\"og:locale\" content=\"en_US\" \/>\n<meta property=\"og:type\" content=\"article\" \/>\n<meta property=\"og:title\" content=\"Self-consumption - Gr\u00e1ficas Beyco\" \/>\n<meta property=\"og:description\" content=\"CASE FILE ICA025\/21\/001835 GR\u00c1FICAS BEYCO, S.L. has received aid for its self-consumption project, a 256 kWp photovoltaic solar installation, co-financed by the European Recovery and Resilience Facility (PRTR) &#8211; Next Generation EU, coordinated by the Ministry for Ecological Transition and the Demographic Challenge through the IDAE (National Institute of Statistics and Censuses) and managed by [&hellip;]\" \/>\n<meta property=\"og:url\" content=\"https:\/\/graficasbeyco.com\/en\/self-consumption\/\" \/>\n<meta property=\"og:site_name\" content=\"Gr\u00e1ficas Beyco\" \/>\n<meta property=\"article:modified_time\" content=\"2025-05-02T16:03:00+00:00\" \/>\n<meta property=\"og:image\" content=\"https:\/\/graficasbeyco.com\/wp-content\/uploads\/2025\/04\/autoconsumo-1.webp\" \/>\n\t<meta property=\"og:image:width\" content=\"1436\" \/>\n\t<meta property=\"og:image:height\" content=\"966\" \/>\n\t<meta property=\"og:image:type\" content=\"image\/webp\" \/>\n<meta name=\"twitter:card\" content=\"summary_large_image\" \/>\n<meta name=\"twitter:label1\" content=\"Est. reading time\" \/>\n\t<meta name=\"twitter:data1\" content=\"1 minute\" \/>\n<script type=\"application\/ld+json\" class=\"yoast-schema-graph\">{\"@context\":\"https:\/\/schema.org\",\"@graph\":[{\"@type\":\"WebPage\",\"@id\":\"https:\/\/graficasbeyco.com\/en\/self-consumption\/\",\"url\":\"https:\/\/graficasbeyco.com\/en\/self-consumption\/\",\"name\":\"Self-consumption - Gr\u00e1ficas Beyco\",\"isPartOf\":{\"@id\":\"https:\/\/graficasbeyco.com\/en\/#website\"},\"primaryImageOfPage\":{\"@id\":\"https:\/\/graficasbeyco.com\/en\/self-consumption\/#primaryimage\"},\"image\":{\"@id\":\"https:\/\/graficasbeyco.com\/en\/self-consumption\/#primaryimage\"},\"thumbnailUrl\":\"https:\/\/graficasbeyco.com\/wp-content\/uploads\/2025\/04\/autoconsumo-1-1024x689.webp\",\"datePublished\":\"2025-04-25T16:10:46+00:00\",\"dateModified\":\"2025-05-02T16:03:00+00:00\",\"breadcrumb\":{\"@id\":\"https:\/\/graficasbeyco.com\/en\/self-consumption\/#breadcrumb\"},\"inLanguage\":\"en-US\",\"potentialAction\":[{\"@type\":\"ReadAction\",\"target\":[\"https:\/\/graficasbeyco.com\/en\/self-consumption\/\"]}]},{\"@type\":\"ImageObject\",\"inLanguage\":\"en-US\",\"@id\":\"https:\/\/graficasbeyco.com\/en\/self-consumption\/#primaryimage\",\"url\":\"https:\/\/graficasbeyco.com\/wp-content\/uploads\/2025\/04\/autoconsumo-1-1024x689.webp\",\"contentUrl\":\"https:\/\/graficasbeyco.com\/wp-content\/uploads\/2025\/04\/autoconsumo-1-1024x689.webp\"},{\"@type\":\"BreadcrumbList\",\"@id\":\"https:\/\/graficasbeyco.com\/en\/self-consumption\/#breadcrumb\",\"itemListElement\":[{\"@type\":\"ListItem\",\"position\":1,\"name\":\"Portada\",\"item\":\"https:\/\/graficasbeyco.com\/en\/\"},{\"@type\":\"ListItem\",\"position\":2,\"name\":\"Self-consumption\"}]},{\"@type\":\"WebSite\",\"@id\":\"https:\/\/graficasbeyco.com\/en\/#website\",\"url\":\"https:\/\/graficasbeyco.com\/en\/\",\"name\":\"Gr\u00e1ficas Beyco\",\"description\":\"producci\u00f3n de estuches y envases plegables en cartoncillo y cart\u00f3n ondulado.\",\"publisher\":{\"@id\":\"https:\/\/graficasbeyco.com\/en\/#organization\"},\"potentialAction\":[{\"@type\":\"SearchAction\",\"target\":{\"@type\":\"EntryPoint\",\"urlTemplate\":\"https:\/\/graficasbeyco.com\/en\/?s={search_term_string}\"},\"query-input\":{\"@type\":\"PropertyValueSpecification\",\"valueRequired\":true,\"valueName\":\"search_term_string\"}}],\"inLanguage\":\"en-US\"},{\"@type\":\"Organization\",\"@id\":\"https:\/\/graficasbeyco.com\/en\/#organization\",\"name\":\"Gr\u00e1ficas Beyco\",\"url\":\"https:\/\/graficasbeyco.com\/en\/\",\"logo\":{\"@type\":\"ImageObject\",\"inLanguage\":\"en-US\",\"@id\":\"https:\/\/graficasbeyco.com\/en\/#\/schema\/logo\/image\/\",\"url\":\"https:\/\/graficasbeyco.com\/wp-content\/uploads\/2024\/11\/Logotip-03.png\",\"contentUrl\":\"https:\/\/graficasbeyco.com\/wp-content\/uploads\/2024\/11\/Logotip-03.png\",\"width\":10143,\"height\":1697,\"caption\":\"Gr\u00e1ficas Beyco\"},\"image\":{\"@id\":\"https:\/\/graficasbeyco.com\/en\/#\/schema\/logo\/image\/\"}}]}<\/script>\n<!-- \/ Yoast SEO plugin. -->","yoast_head_json":{"title":"Self-consumption - Gr\u00e1ficas Beyco","robots":{"index":"index","follow":"follow","max-snippet":"max-snippet:-1","max-image-preview":"max-image-preview:large","max-video-preview":"max-video-preview:-1"},"canonical":"https:\/\/graficasbeyco.com\/en\/self-consumption\/","og_locale":"en_US","og_type":"article","og_title":"Self-consumption - Gr\u00e1ficas Beyco","og_description":"CASE FILE ICA025\/21\/001835 GR\u00c1FICAS BEYCO, S.L. has received aid for its self-consumption project, a 256 kWp photovoltaic solar installation, co-financed by the European Recovery and Resilience Facility (PRTR) &#8211; Next Generation EU, coordinated by the Ministry for Ecological Transition and the Demographic Challenge through the IDAE (National Institute of Statistics and Censuses) and managed by [&hellip;]","og_url":"https:\/\/graficasbeyco.com\/en\/self-consumption\/","og_site_name":"Gr\u00e1ficas Beyco","article_modified_time":"2025-05-02T16:03:00+00:00","og_image":[{"width":1436,"height":966,"url":"https:\/\/graficasbeyco.com\/wp-content\/uploads\/2025\/04\/autoconsumo-1.webp","type":"image\/webp"}],"twitter_card":"summary_large_image","twitter_misc":{"Est. reading time":"1 minute"},"schema":{"@context":"https:\/\/schema.org","@graph":[{"@type":"WebPage","@id":"https:\/\/graficasbeyco.com\/en\/self-consumption\/","url":"https:\/\/graficasbeyco.com\/en\/self-consumption\/","name":"Self-consumption - Gr\u00e1ficas Beyco","isPartOf":{"@id":"https:\/\/graficasbeyco.com\/en\/#website"},"primaryImageOfPage":{"@id":"https:\/\/graficasbeyco.com\/en\/self-consumption\/#primaryimage"},"image":{"@id":"https:\/\/graficasbeyco.com\/en\/self-consumption\/#primaryimage"},"thumbnailUrl":"https:\/\/graficasbeyco.com\/wp-content\/uploads\/2025\/04\/autoconsumo-1-1024x689.webp","datePublished":"2025-04-25T16:10:46+00:00","dateModified":"2025-05-02T16:03:00+00:00","breadcrumb":{"@id":"https:\/\/graficasbeyco.com\/en\/self-consumption\/#breadcrumb"},"inLanguage":"en-US","potentialAction":[{"@type":"ReadAction","target":["https:\/\/graficasbeyco.com\/en\/self-consumption\/"]}]},{"@type":"ImageObject","inLanguage":"en-US","@id":"https:\/\/graficasbeyco.com\/en\/self-consumption\/#primaryimage","url":"https:\/\/graficasbeyco.com\/wp-content\/uploads\/2025\/04\/autoconsumo-1-1024x689.webp","contentUrl":"https:\/\/graficasbeyco.com\/wp-content\/uploads\/2025\/04\/autoconsumo-1-1024x689.webp"},{"@type":"BreadcrumbList","@id":"https:\/\/graficasbeyco.com\/en\/self-consumption\/#breadcrumb","itemListElement":[{"@type":"ListItem","position":1,"name":"Portada","item":"https:\/\/graficasbeyco.com\/en\/"},{"@type":"ListItem","position":2,"name":"Self-consumption"}]},{"@type":"WebSite","@id":"https:\/\/graficasbeyco.com\/en\/#website","url":"https:\/\/graficasbeyco.com\/en\/","name":"Gr\u00e1ficas Beyco","description":"producci\u00f3n de estuches y envases plegables en cartoncillo y cart\u00f3n ondulado.","publisher":{"@id":"https:\/\/graficasbeyco.com\/en\/#organization"},"potentialAction":[{"@type":"SearchAction","target":{"@type":"EntryPoint","urlTemplate":"https:\/\/graficasbeyco.com\/en\/?s={search_term_string}"},"query-input":{"@type":"PropertyValueSpecification","valueRequired":true,"valueName":"search_term_string"}}],"inLanguage":"en-US"},{"@type":"Organization","@id":"https:\/\/graficasbeyco.com\/en\/#organization","name":"Gr\u00e1ficas Beyco","url":"https:\/\/graficasbeyco.com\/en\/","logo":{"@type":"ImageObject","inLanguage":"en-US","@id":"https:\/\/graficasbeyco.com\/en\/#\/schema\/logo\/image\/","url":"https:\/\/graficasbeyco.com\/wp-content\/uploads\/2024\/11\/Logotip-03.png","contentUrl":"https:\/\/graficasbeyco.com\/wp-content\/uploads\/2024\/11\/Logotip-03.png","width":10143,"height":1697,"caption":"Gr\u00e1ficas Beyco"},"image":{"@id":"https:\/\/graficasbeyco.com\/en\/#\/schema\/logo\/image\/"}}]}},"_links":{"self":[{"href":"https:\/\/graficasbeyco.com\/en\/wp-json\/wp\/v2\/pages\/8714","targetHints":{"allow":["GET"]}}],"collection":[{"href":"https:\/\/graficasbeyco.com\/en\/wp-json\/wp\/v2\/pages"}],"about":[{"href":"https:\/\/graficasbeyco.com\/en\/wp-json\/wp\/v2\/types\/page"}],"author":[{"embeddable":true,"href":"https:\/\/graficasbeyco.com\/en\/wp-json\/wp\/v2\/users\/4"}],"replies":[{"embeddable":true,"href":"https:\/\/graficasbeyco.com\/en\/wp-json\/wp\/v2\/comments?post=8714"}],"version-history":[{"count":7,"href":"https:\/\/graficasbeyco.com\/en\/wp-json\/wp\/v2\/pages\/8714\/revisions"}],"predecessor-version":[{"id":8839,"href":"https:\/\/graficasbeyco.com\/en\/wp-json\/wp\/v2\/pages\/8714\/revisions\/8839"}],"wp:attachment":[{"href":"https:\/\/graficasbeyco.com\/en\/wp-json\/wp\/v2\/media?parent=8714"}],"curies":[{"name":"wp","href":"https:\/\/api.w.org\/{rel}","templated":true}]}}