{"id":8745,"date":"2025-04-25T18:42:31","date_gmt":"2025-04-25T16:42:31","guid":{"rendered":"https:\/\/graficasbeyco.com\/?page_id=8745"},"modified":"2025-05-02T18:06:40","modified_gmt":"2025-05-02T16:06:40","slug":"energy-savings-and-efficiency","status":"publish","type":"page","link":"https:\/\/graficasbeyco.com\/en\/energy-savings-and-efficiency\/","title":{"rendered":"Energy savings and efficiency"},"content":{"rendered":"\t\t<div data-elementor-type=\"wp-page\" data-elementor-id=\"8745\" class=\"elementor elementor-8745 elementor-8744\">\n\t\t\t\t<div class=\"elementor-element elementor-element-363b7083 e-flex e-con-boxed e-con e-parent\" data-id=\"363b7083\" data-element_type=\"container\">\n\t\t\t\t\t<div class=\"e-con-inner\">\n\t\t\t\t<div class=\"elementor-element elementor-element-106b5d2 elementor-widget elementor-widget-heading\" data-id=\"106b5d2\" data-element_type=\"widget\" data-widget_type=\"heading.default\">\n\t\t\t\t<div class=\"elementor-widget-container\">\n\t\t\t\t\t<h2 class=\"elementor-heading-title elementor-size-default\">Case File ICA012\/19\/00046<\/h2>\t\t\t\t<\/div>\n\t\t\t\t<\/div>\n\t\t\t\t<div class=\"elementor-element elementor-element-76938cf elementor-widget elementor-widget-image\" data-id=\"76938cf\" data-element_type=\"widget\" data-widget_type=\"image.default\">\n\t\t\t\t<div class=\"elementor-widget-container\">\n\t\t\t\t\t\t\t\t\t\t\t\t\t\t\t<img fetchpriority=\"high\" decoding=\"async\" width=\"900\" height=\"632\" src=\"https:\/\/graficasbeyco.com\/wp-content\/uploads\/2025\/04\/eficiencia-1-1024x719.webp\" class=\"attachment-large size-large wp-image-8798\" alt=\"\" srcset=\"https:\/\/graficasbeyco.com\/wp-content\/uploads\/2025\/04\/eficiencia-1-1024x719.webp 1024w, https:\/\/graficasbeyco.com\/wp-content\/uploads\/2025\/04\/eficiencia-1-300x211.webp 300w, https:\/\/graficasbeyco.com\/wp-content\/uploads\/2025\/04\/eficiencia-1-768x539.webp 768w, https:\/\/graficasbeyco.com\/wp-content\/uploads\/2025\/04\/eficiencia-1.webp 1134w\" sizes=\"(max-width: 900px) 100vw, 900px\" \/>\t\t\t\t\t\t\t\t\t\t\t\t\t\t\t<\/div>\n\t\t\t\t<\/div>\n\t\t\t\t<div class=\"elementor-element elementor-element-4a479acc elementor-widget elementor-widget-text-editor\" data-id=\"4a479acc\" data-element_type=\"widget\" data-widget_type=\"text-editor.default\">\n\t\t\t\t<div class=\"elementor-widget-container\">\n\t\t\t\t\t\t\t\t\t<p>GRAFICAS BEYCO, S.L. has received aid for its energy savings and efficiency project &#8220;ENERGY EFFICIENCY IMPROVEMENT IN THE PRINTING PROCESS,&#8221; co-financed by the European Regional Development Fund (ERDF), coordinated by IDAE and managed by the regional governments, charged to the National Energy Efficiency Fund, with the aim of achieving a cleaner and more sustainable economy. An energy savings and efficiency project has been developed, consisting of replacing one of the initial printers with a new, much more efficient unit in terms of productivity and energy efficiency. The collaboration of the best equipment manufacturers in the sector has been required, which will bring significant energy and environmental savings to the process. Thanks to the project, 51.39 TEPs are saved annually.   <\/p>\t\t\t\t\t\t\t\t<\/div>\n\t\t\t\t<\/div>\n\t\t\t\t\t<\/div>\n\t\t\t\t<\/div>\n\t\t\t\t<\/div>\n\t\t","protected":false},"excerpt":{"rendered":"<p>Case File ICA012\/19\/00046 GRAFICAS BEYCO, S.L. has received aid for its energy savings and efficiency project &#8220;ENERGY EFFICIENCY IMPROVEMENT IN THE PRINTING PROCESS,&#8221; co-financed by the European Regional Development Fund (ERDF), coordinated by IDAE and managed by the regional governments, charged to the National Energy Efficiency Fund, with the aim of achieving a cleaner and [&hellip;]<\/p>\n","protected":false},"author":4,"featured_media":0,"parent":0,"menu_order":0,"comment_status":"closed","ping_status":"closed","template":"","meta":{"_joinchat":[],"footnotes":""},"class_list":["post-8745","page","type-page","status-publish","hentry"],"yoast_head":"<!-- This site is optimized with the Yoast SEO plugin v24.8.1 - https:\/\/yoast.com\/wordpress\/plugins\/seo\/ -->\n<title>Energy savings and efficiency - Gr\u00e1ficas Beyco<\/title>\n<meta name=\"robots\" content=\"index, follow, max-snippet:-1, max-image-preview:large, max-video-preview:-1\" \/>\n<link rel=\"canonical\" href=\"https:\/\/graficasbeyco.com\/en\/energy-savings-and-efficiency\/\" \/>\n<meta property=\"og:locale\" content=\"en_US\" \/>\n<meta property=\"og:type\" content=\"article\" \/>\n<meta property=\"og:title\" content=\"Energy savings and efficiency - Gr\u00e1ficas Beyco\" \/>\n<meta property=\"og:description\" content=\"Case File ICA012\/19\/00046 GRAFICAS BEYCO, S.L. has received aid for its energy savings and efficiency project &#8220;ENERGY EFFICIENCY IMPROVEMENT IN THE PRINTING PROCESS,&#8221; co-financed by the European Regional Development Fund (ERDF), coordinated by IDAE and managed by the regional governments, charged to the National Energy Efficiency Fund, with the aim of achieving a cleaner and [&hellip;]\" \/>\n<meta property=\"og:url\" content=\"https:\/\/graficasbeyco.com\/en\/energy-savings-and-efficiency\/\" \/>\n<meta property=\"og:site_name\" content=\"Gr\u00e1ficas Beyco\" \/>\n<meta property=\"article:modified_time\" content=\"2025-05-02T16:06:40+00:00\" \/>\n<meta property=\"og:image\" content=\"https:\/\/graficasbeyco.com\/wp-content\/uploads\/2025\/04\/eficiencia-1.webp\" \/>\n\t<meta property=\"og:image:width\" content=\"1134\" \/>\n\t<meta property=\"og:image:height\" content=\"796\" \/>\n\t<meta property=\"og:image:type\" content=\"image\/webp\" \/>\n<meta name=\"twitter:card\" content=\"summary_large_image\" \/>\n<meta name=\"twitter:label1\" content=\"Est. reading time\" \/>\n\t<meta name=\"twitter:data1\" content=\"1 minute\" \/>\n<script type=\"application\/ld+json\" class=\"yoast-schema-graph\">{\"@context\":\"https:\/\/schema.org\",\"@graph\":[{\"@type\":\"WebPage\",\"@id\":\"https:\/\/graficasbeyco.com\/en\/energy-savings-and-efficiency\/\",\"url\":\"https:\/\/graficasbeyco.com\/en\/energy-savings-and-efficiency\/\",\"name\":\"Energy savings and efficiency - Gr\u00e1ficas Beyco\",\"isPartOf\":{\"@id\":\"https:\/\/graficasbeyco.com\/en\/#website\"},\"primaryImageOfPage\":{\"@id\":\"https:\/\/graficasbeyco.com\/en\/energy-savings-and-efficiency\/#primaryimage\"},\"image\":{\"@id\":\"https:\/\/graficasbeyco.com\/en\/energy-savings-and-efficiency\/#primaryimage\"},\"thumbnailUrl\":\"https:\/\/graficasbeyco.com\/wp-content\/uploads\/2025\/04\/eficiencia-1-1024x719.webp\",\"datePublished\":\"2025-04-25T16:42:31+00:00\",\"dateModified\":\"2025-05-02T16:06:40+00:00\",\"breadcrumb\":{\"@id\":\"https:\/\/graficasbeyco.com\/en\/energy-savings-and-efficiency\/#breadcrumb\"},\"inLanguage\":\"en-US\",\"potentialAction\":[{\"@type\":\"ReadAction\",\"target\":[\"https:\/\/graficasbeyco.com\/en\/energy-savings-and-efficiency\/\"]}]},{\"@type\":\"ImageObject\",\"inLanguage\":\"en-US\",\"@id\":\"https:\/\/graficasbeyco.com\/en\/energy-savings-and-efficiency\/#primaryimage\",\"url\":\"https:\/\/graficasbeyco.com\/wp-content\/uploads\/2025\/04\/eficiencia-1-1024x719.webp\",\"contentUrl\":\"https:\/\/graficasbeyco.com\/wp-content\/uploads\/2025\/04\/eficiencia-1-1024x719.webp\"},{\"@type\":\"BreadcrumbList\",\"@id\":\"https:\/\/graficasbeyco.com\/en\/energy-savings-and-efficiency\/#breadcrumb\",\"itemListElement\":[{\"@type\":\"ListItem\",\"position\":1,\"name\":\"Portada\",\"item\":\"https:\/\/graficasbeyco.com\/en\/\"},{\"@type\":\"ListItem\",\"position\":2,\"name\":\"Energy savings and efficiency\"}]},{\"@type\":\"WebSite\",\"@id\":\"https:\/\/graficasbeyco.com\/en\/#website\",\"url\":\"https:\/\/graficasbeyco.com\/en\/\",\"name\":\"Gr\u00e1ficas Beyco\",\"description\":\"producci\u00f3n de estuches y envases plegables en cartoncillo y cart\u00f3n ondulado.\",\"publisher\":{\"@id\":\"https:\/\/graficasbeyco.com\/en\/#organization\"},\"potentialAction\":[{\"@type\":\"SearchAction\",\"target\":{\"@type\":\"EntryPoint\",\"urlTemplate\":\"https:\/\/graficasbeyco.com\/en\/?s={search_term_string}\"},\"query-input\":{\"@type\":\"PropertyValueSpecification\",\"valueRequired\":true,\"valueName\":\"search_term_string\"}}],\"inLanguage\":\"en-US\"},{\"@type\":\"Organization\",\"@id\":\"https:\/\/graficasbeyco.com\/en\/#organization\",\"name\":\"Gr\u00e1ficas Beyco\",\"url\":\"https:\/\/graficasbeyco.com\/en\/\",\"logo\":{\"@type\":\"ImageObject\",\"inLanguage\":\"en-US\",\"@id\":\"https:\/\/graficasbeyco.com\/en\/#\/schema\/logo\/image\/\",\"url\":\"https:\/\/graficasbeyco.com\/wp-content\/uploads\/2024\/11\/Logotip-03.png\",\"contentUrl\":\"https:\/\/graficasbeyco.com\/wp-content\/uploads\/2024\/11\/Logotip-03.png\",\"width\":10143,\"height\":1697,\"caption\":\"Gr\u00e1ficas Beyco\"},\"image\":{\"@id\":\"https:\/\/graficasbeyco.com\/en\/#\/schema\/logo\/image\/\"}}]}<\/script>\n<!-- \/ Yoast SEO plugin. -->","yoast_head_json":{"title":"Energy savings and efficiency - Gr\u00e1ficas Beyco","robots":{"index":"index","follow":"follow","max-snippet":"max-snippet:-1","max-image-preview":"max-image-preview:large","max-video-preview":"max-video-preview:-1"},"canonical":"https:\/\/graficasbeyco.com\/en\/energy-savings-and-efficiency\/","og_locale":"en_US","og_type":"article","og_title":"Energy savings and efficiency - Gr\u00e1ficas Beyco","og_description":"Case File ICA012\/19\/00046 GRAFICAS BEYCO, S.L. has received aid for its energy savings and efficiency project &#8220;ENERGY EFFICIENCY IMPROVEMENT IN THE PRINTING PROCESS,&#8221; co-financed by the European Regional Development Fund (ERDF), coordinated by IDAE and managed by the regional governments, charged to the National Energy Efficiency Fund, with the aim of achieving a cleaner and [&hellip;]","og_url":"https:\/\/graficasbeyco.com\/en\/energy-savings-and-efficiency\/","og_site_name":"Gr\u00e1ficas Beyco","article_modified_time":"2025-05-02T16:06:40+00:00","og_image":[{"width":1134,"height":796,"url":"https:\/\/graficasbeyco.com\/wp-content\/uploads\/2025\/04\/eficiencia-1.webp","type":"image\/webp"}],"twitter_card":"summary_large_image","twitter_misc":{"Est. reading time":"1 minute"},"schema":{"@context":"https:\/\/schema.org","@graph":[{"@type":"WebPage","@id":"https:\/\/graficasbeyco.com\/en\/energy-savings-and-efficiency\/","url":"https:\/\/graficasbeyco.com\/en\/energy-savings-and-efficiency\/","name":"Energy savings and efficiency - Gr\u00e1ficas Beyco","isPartOf":{"@id":"https:\/\/graficasbeyco.com\/en\/#website"},"primaryImageOfPage":{"@id":"https:\/\/graficasbeyco.com\/en\/energy-savings-and-efficiency\/#primaryimage"},"image":{"@id":"https:\/\/graficasbeyco.com\/en\/energy-savings-and-efficiency\/#primaryimage"},"thumbnailUrl":"https:\/\/graficasbeyco.com\/wp-content\/uploads\/2025\/04\/eficiencia-1-1024x719.webp","datePublished":"2025-04-25T16:42:31+00:00","dateModified":"2025-05-02T16:06:40+00:00","breadcrumb":{"@id":"https:\/\/graficasbeyco.com\/en\/energy-savings-and-efficiency\/#breadcrumb"},"inLanguage":"en-US","potentialAction":[{"@type":"ReadAction","target":["https:\/\/graficasbeyco.com\/en\/energy-savings-and-efficiency\/"]}]},{"@type":"ImageObject","inLanguage":"en-US","@id":"https:\/\/graficasbeyco.com\/en\/energy-savings-and-efficiency\/#primaryimage","url":"https:\/\/graficasbeyco.com\/wp-content\/uploads\/2025\/04\/eficiencia-1-1024x719.webp","contentUrl":"https:\/\/graficasbeyco.com\/wp-content\/uploads\/2025\/04\/eficiencia-1-1024x719.webp"},{"@type":"BreadcrumbList","@id":"https:\/\/graficasbeyco.com\/en\/energy-savings-and-efficiency\/#breadcrumb","itemListElement":[{"@type":"ListItem","position":1,"name":"Portada","item":"https:\/\/graficasbeyco.com\/en\/"},{"@type":"ListItem","position":2,"name":"Energy savings and efficiency"}]},{"@type":"WebSite","@id":"https:\/\/graficasbeyco.com\/en\/#website","url":"https:\/\/graficasbeyco.com\/en\/","name":"Gr\u00e1ficas Beyco","description":"producci\u00f3n de estuches y envases plegables en cartoncillo y cart\u00f3n ondulado.","publisher":{"@id":"https:\/\/graficasbeyco.com\/en\/#organization"},"potentialAction":[{"@type":"SearchAction","target":{"@type":"EntryPoint","urlTemplate":"https:\/\/graficasbeyco.com\/en\/?s={search_term_string}"},"query-input":{"@type":"PropertyValueSpecification","valueRequired":true,"valueName":"search_term_string"}}],"inLanguage":"en-US"},{"@type":"Organization","@id":"https:\/\/graficasbeyco.com\/en\/#organization","name":"Gr\u00e1ficas Beyco","url":"https:\/\/graficasbeyco.com\/en\/","logo":{"@type":"ImageObject","inLanguage":"en-US","@id":"https:\/\/graficasbeyco.com\/en\/#\/schema\/logo\/image\/","url":"https:\/\/graficasbeyco.com\/wp-content\/uploads\/2024\/11\/Logotip-03.png","contentUrl":"https:\/\/graficasbeyco.com\/wp-content\/uploads\/2024\/11\/Logotip-03.png","width":10143,"height":1697,"caption":"Gr\u00e1ficas Beyco"},"image":{"@id":"https:\/\/graficasbeyco.com\/en\/#\/schema\/logo\/image\/"}}]}},"_links":{"self":[{"href":"https:\/\/graficasbeyco.com\/en\/wp-json\/wp\/v2\/pages\/8745","targetHints":{"allow":["GET"]}}],"collection":[{"href":"https:\/\/graficasbeyco.com\/en\/wp-json\/wp\/v2\/pages"}],"about":[{"href":"https:\/\/graficasbeyco.com\/en\/wp-json\/wp\/v2\/types\/page"}],"author":[{"embeddable":true,"href":"https:\/\/graficasbeyco.com\/en\/wp-json\/wp\/v2\/users\/4"}],"replies":[{"embeddable":true,"href":"https:\/\/graficasbeyco.com\/en\/wp-json\/wp\/v2\/comments?post=8745"}],"version-history":[{"count":4,"href":"https:\/\/graficasbeyco.com\/en\/wp-json\/wp\/v2\/pages\/8745\/revisions"}],"predecessor-version":[{"id":8841,"href":"https:\/\/graficasbeyco.com\/en\/wp-json\/wp\/v2\/pages\/8745\/revisions\/8841"}],"wp:attachment":[{"href":"https:\/\/graficasbeyco.com\/en\/wp-json\/wp\/v2\/media?parent=8745"}],"curies":[{"name":"wp","href":"https:\/\/api.w.org\/{rel}","templated":true}]}}