{"id":7966,"date":"2024-12-27T06:51:01","date_gmt":"2024-12-27T05:51:01","guid":{"rendered":"https:\/\/graficasbeyco.com\/canal-ethique-de-graficas-beycocanal-etico-de-graficas-beyco\/"},"modified":"2025-05-02T23:21:20","modified_gmt":"2025-05-02T21:21:20","slug":"canal-ethique-de-graficas-beyco","status":"publish","type":"page","link":"https:\/\/graficasbeyco.com\/fr\/canal-ethique-de-graficas-beyco\/","title":{"rendered":"Canal \u00c9thique de Gr\u00e1ficas Beyco"},"content":{"rendered":"\t\t<div data-elementor-type=\"wp-page\" data-elementor-id=\"7966\" class=\"elementor elementor-7966 elementor-6511\">\n\t\t\t\t<div class=\"elementor-element elementor-element-363b7083 e-flex e-con-boxed e-con e-parent\" data-id=\"363b7083\" data-element_type=\"container\">\n\t\t\t\t\t<div class=\"e-con-inner\">\n\t\t\t\t<div class=\"elementor-element elementor-element-4a479acc elementor-widget elementor-widget-text-editor\" data-id=\"4a479acc\" data-element_type=\"widget\" data-widget_type=\"text-editor.default\">\n\t\t\t\t<div class=\"elementor-widget-container\">\n\t\t\t\t\t\t\t\t\t<p>GRAFICAS BEYCO SL, dans son mod\u00e8le d&rsquo;organisation et de gestion, a mis en place un Canal \u00c9thique \u00e0 fonction pr\u00e9ventive permettant de d\u00e9tecter les actes ou comportements susceptibles d\u2019\u00eatre contraires \u00e0 la r\u00e9glementation g\u00e9n\u00e9rale ou sectorielle applicable, conform\u00e9ment au Code P\u00e9nal, qui impose <em>\u00ab\u00a0l&rsquo;obligation d&rsquo;informer des risques et infractions possibles l&rsquo;organisme charg\u00e9 de surveiller le fonctionnement et le respect du mod\u00e8le de pr\u00e9vention.\u00a0\u00bb<\/em><\/p>\n<p>Le Canal \u00c9thique est accessible \u00e0 tous les membres de notre entit\u00e9 et\/ou aux tiers pouvant signaler \u00e0 l&rsquo;organisation l&rsquo;existence d&rsquo;une faille proc\u00e9durale ou organisationnelle pouvant entra\u00eener un risque p\u00e9nal ou la commission ou l\u2019omission d&rsquo;un acte d\u00e9lictueux.<\/p>\n<p>GRAFICAS BEYCO SL garantit la confidentialit\u00e9, l&rsquo;anonymat et l&rsquo;absence de repr\u00e9sailles envers la personne ayant signal\u00e9 les faits.<\/p>\n<p>Les donn\u00e9es seront conserv\u00e9es dans le syst\u00e8me uniquement le temps n\u00e9cessaire pour enqu\u00eater sur les faits signal\u00e9s. Dans tous les cas, apr\u00e8s trois mois \u00e0 compter de l&rsquo;introduction des donn\u00e9es personnelles, notre organisation proc\u00e9dera \u00e0 leur suppression du syst\u00e8me. Si leur conservation est n\u00e9cessaire pour poursuivre l&rsquo;enqu\u00eate, notre organisation pourra continuer \u00e0 traiter ces donn\u00e9es dans un environnement conforme \u00e0 la l\u00e9gislation en vigueur.  <\/p>\n<p>Les signalements peuvent \u00eatre effectu\u00e9s par l&rsquo;un des moyens suivants mis en place par l&rsquo;organisation :<\/p>\n<p><strong>1- <\/strong>Courrier \u00e9lectronique \u00e0 l&rsquo;adresse suivante : canaldenuncias@graficasbeyco.com<\/p>\n<p><strong>2- <\/strong>Formulaire de communication d\u2019un indice ou soup\u00e7on de conduite d\u00e9lictuelle, disponible en format physique ou num\u00e9rique sur demande dans les bureaux de l&rsquo;organisation.<\/p>\n<p><strong>3- <\/strong>Remplissage du Formulaire Web dans la section Canal \u00c9thique du site web de l\u2019entit\u00e9.<\/p>\n<p> <\/p>\n<p>Acc\u00e9dez au <strong><a href=\"https:\/\/graficasbeyco.factorialhr.es\/complaints\" target=\"_blank\" rel=\"noreferrer noopener\" aria-label=\"formulario web (abre en una nueva pesta\u00f1a)\">formulaire web<\/a> <\/strong><a href=\"https:\/\/graficasbeyco.factorialhr.es\/complaints\" target=\"_blank\" rel=\"noreferrer noopener\" aria-label=\"aqu\u00ed (abre en una nueva pesta\u00f1a)\"><strong>ici<\/strong><\/a><\/p>\n<p><\/p>\n<p> <\/p>\n<p><\/p>\t\t\t\t\t\t\t\t<\/div>\n\t\t\t\t<\/div>\n\t\t\t\t\t<\/div>\n\t\t\t\t<\/div>\n\t\t\t\t<\/div>\n\t\t","protected":false},"excerpt":{"rendered":"<p>GRAFICAS BEYCO SL, dans son mod\u00e8le d&rsquo;organisation et de gestion, a mis en place un Canal \u00c9thique \u00e0 fonction pr\u00e9ventive permettant de d\u00e9tecter les actes ou comportements susceptibles d\u2019\u00eatre contraires \u00e0 la r\u00e9glementation g\u00e9n\u00e9rale ou sectorielle applicable, conform\u00e9ment au Code P\u00e9nal, qui impose \u00ab\u00a0l&rsquo;obligation d&rsquo;informer des risques et infractions possibles l&rsquo;organisme charg\u00e9 de surveiller le [&hellip;]<\/p>\n","protected":false},"author":4,"featured_media":0,"parent":0,"menu_order":0,"comment_status":"closed","ping_status":"closed","template":"","meta":{"_joinchat":[],"footnotes":""},"class_list":["post-7966","page","type-page","status-publish","hentry"],"yoast_head":"<!-- This site is optimized with the Yoast SEO plugin v24.8.1 - https:\/\/yoast.com\/wordpress\/plugins\/seo\/ -->\n<title>Canal \u00c9thique de Gr\u00e1ficas Beyco - Gr\u00e1ficas Beyco<\/title>\n<meta name=\"robots\" content=\"index, follow, max-snippet:-1, max-image-preview:large, max-video-preview:-1\" \/>\n<link rel=\"canonical\" href=\"https:\/\/graficasbeyco.com\/fr\/canal-ethique-de-graficas-beyco\/\" \/>\n<meta property=\"og:locale\" content=\"fr_FR\" \/>\n<meta property=\"og:type\" content=\"article\" \/>\n<meta property=\"og:title\" content=\"Canal \u00c9thique de Gr\u00e1ficas Beyco - Gr\u00e1ficas Beyco\" \/>\n<meta property=\"og:description\" content=\"GRAFICAS BEYCO SL, dans son mod\u00e8le d&rsquo;organisation et de gestion, a mis en place un Canal \u00c9thique \u00e0 fonction pr\u00e9ventive permettant de d\u00e9tecter les actes ou comportements susceptibles d\u2019\u00eatre contraires \u00e0 la r\u00e9glementation g\u00e9n\u00e9rale ou sectorielle applicable, conform\u00e9ment au Code P\u00e9nal, qui impose \u00ab\u00a0l&rsquo;obligation d&rsquo;informer des risques et infractions possibles l&rsquo;organisme charg\u00e9 de surveiller le [&hellip;]\" \/>\n<meta property=\"og:url\" content=\"https:\/\/graficasbeyco.com\/fr\/canal-ethique-de-graficas-beyco\/\" \/>\n<meta property=\"og:site_name\" content=\"Gr\u00e1ficas Beyco\" \/>\n<meta property=\"article:modified_time\" content=\"2025-05-02T21:21:20+00:00\" \/>\n<meta name=\"twitter:card\" content=\"summary_large_image\" \/>\n<meta name=\"twitter:label1\" content=\"Dur\u00e9e de lecture estim\u00e9e\" \/>\n\t<meta name=\"twitter:data1\" content=\"1 minute\" \/>\n<script type=\"application\/ld+json\" class=\"yoast-schema-graph\">{\"@context\":\"https:\/\/schema.org\",\"@graph\":[{\"@type\":\"WebPage\",\"@id\":\"https:\/\/graficasbeyco.com\/fr\/canal-ethique-de-graficas-beyco\/\",\"url\":\"https:\/\/graficasbeyco.com\/fr\/canal-ethique-de-graficas-beyco\/\",\"name\":\"Canal \u00c9thique de Gr\u00e1ficas Beyco - Gr\u00e1ficas Beyco\",\"isPartOf\":{\"@id\":\"https:\/\/graficasbeyco.com\/fr\/#website\"},\"datePublished\":\"2024-12-27T05:51:01+00:00\",\"dateModified\":\"2025-05-02T21:21:20+00:00\",\"breadcrumb\":{\"@id\":\"https:\/\/graficasbeyco.com\/fr\/canal-ethique-de-graficas-beyco\/#breadcrumb\"},\"inLanguage\":\"fr-FR\",\"potentialAction\":[{\"@type\":\"ReadAction\",\"target\":[\"https:\/\/graficasbeyco.com\/fr\/canal-ethique-de-graficas-beyco\/\"]}]},{\"@type\":\"BreadcrumbList\",\"@id\":\"https:\/\/graficasbeyco.com\/fr\/canal-ethique-de-graficas-beyco\/#breadcrumb\",\"itemListElement\":[{\"@type\":\"ListItem\",\"position\":1,\"name\":\"Portada\",\"item\":\"https:\/\/graficasbeyco.com\/fr\/\"},{\"@type\":\"ListItem\",\"position\":2,\"name\":\"Canal \u00c9thique de Gr\u00e1ficas Beyco\"}]},{\"@type\":\"WebSite\",\"@id\":\"https:\/\/graficasbeyco.com\/fr\/#website\",\"url\":\"https:\/\/graficasbeyco.com\/fr\/\",\"name\":\"Gr\u00e1ficas Beyco\",\"description\":\"producci\u00f3n de estuches y envases plegables en cartoncillo y cart\u00f3n ondulado.\",\"publisher\":{\"@id\":\"https:\/\/graficasbeyco.com\/fr\/#organization\"},\"potentialAction\":[{\"@type\":\"SearchAction\",\"target\":{\"@type\":\"EntryPoint\",\"urlTemplate\":\"https:\/\/graficasbeyco.com\/fr\/?s={search_term_string}\"},\"query-input\":{\"@type\":\"PropertyValueSpecification\",\"valueRequired\":true,\"valueName\":\"search_term_string\"}}],\"inLanguage\":\"fr-FR\"},{\"@type\":\"Organization\",\"@id\":\"https:\/\/graficasbeyco.com\/fr\/#organization\",\"name\":\"Gr\u00e1ficas Beyco\",\"url\":\"https:\/\/graficasbeyco.com\/fr\/\",\"logo\":{\"@type\":\"ImageObject\",\"inLanguage\":\"fr-FR\",\"@id\":\"https:\/\/graficasbeyco.com\/fr\/#\/schema\/logo\/image\/\",\"url\":\"https:\/\/graficasbeyco.com\/wp-content\/uploads\/2024\/11\/Logotip-03.png\",\"contentUrl\":\"https:\/\/graficasbeyco.com\/wp-content\/uploads\/2024\/11\/Logotip-03.png\",\"width\":10143,\"height\":1697,\"caption\":\"Gr\u00e1ficas Beyco\"},\"image\":{\"@id\":\"https:\/\/graficasbeyco.com\/fr\/#\/schema\/logo\/image\/\"}}]}<\/script>\n<!-- \/ Yoast SEO plugin. -->","yoast_head_json":{"title":"Canal \u00c9thique de Gr\u00e1ficas Beyco - Gr\u00e1ficas Beyco","robots":{"index":"index","follow":"follow","max-snippet":"max-snippet:-1","max-image-preview":"max-image-preview:large","max-video-preview":"max-video-preview:-1"},"canonical":"https:\/\/graficasbeyco.com\/fr\/canal-ethique-de-graficas-beyco\/","og_locale":"fr_FR","og_type":"article","og_title":"Canal \u00c9thique de Gr\u00e1ficas Beyco - Gr\u00e1ficas Beyco","og_description":"GRAFICAS BEYCO SL, dans son mod\u00e8le d&rsquo;organisation et de gestion, a mis en place un Canal \u00c9thique \u00e0 fonction pr\u00e9ventive permettant de d\u00e9tecter les actes ou comportements susceptibles d\u2019\u00eatre contraires \u00e0 la r\u00e9glementation g\u00e9n\u00e9rale ou sectorielle applicable, conform\u00e9ment au Code P\u00e9nal, qui impose \u00ab\u00a0l&rsquo;obligation d&rsquo;informer des risques et infractions possibles l&rsquo;organisme charg\u00e9 de surveiller le [&hellip;]","og_url":"https:\/\/graficasbeyco.com\/fr\/canal-ethique-de-graficas-beyco\/","og_site_name":"Gr\u00e1ficas Beyco","article_modified_time":"2025-05-02T21:21:20+00:00","twitter_card":"summary_large_image","twitter_misc":{"Dur\u00e9e de lecture estim\u00e9e":"1 minute"},"schema":{"@context":"https:\/\/schema.org","@graph":[{"@type":"WebPage","@id":"https:\/\/graficasbeyco.com\/fr\/canal-ethique-de-graficas-beyco\/","url":"https:\/\/graficasbeyco.com\/fr\/canal-ethique-de-graficas-beyco\/","name":"Canal \u00c9thique de Gr\u00e1ficas Beyco - Gr\u00e1ficas Beyco","isPartOf":{"@id":"https:\/\/graficasbeyco.com\/fr\/#website"},"datePublished":"2024-12-27T05:51:01+00:00","dateModified":"2025-05-02T21:21:20+00:00","breadcrumb":{"@id":"https:\/\/graficasbeyco.com\/fr\/canal-ethique-de-graficas-beyco\/#breadcrumb"},"inLanguage":"fr-FR","potentialAction":[{"@type":"ReadAction","target":["https:\/\/graficasbeyco.com\/fr\/canal-ethique-de-graficas-beyco\/"]}]},{"@type":"BreadcrumbList","@id":"https:\/\/graficasbeyco.com\/fr\/canal-ethique-de-graficas-beyco\/#breadcrumb","itemListElement":[{"@type":"ListItem","position":1,"name":"Portada","item":"https:\/\/graficasbeyco.com\/fr\/"},{"@type":"ListItem","position":2,"name":"Canal \u00c9thique de Gr\u00e1ficas Beyco"}]},{"@type":"WebSite","@id":"https:\/\/graficasbeyco.com\/fr\/#website","url":"https:\/\/graficasbeyco.com\/fr\/","name":"Gr\u00e1ficas Beyco","description":"producci\u00f3n de estuches y envases plegables en cartoncillo y cart\u00f3n ondulado.","publisher":{"@id":"https:\/\/graficasbeyco.com\/fr\/#organization"},"potentialAction":[{"@type":"SearchAction","target":{"@type":"EntryPoint","urlTemplate":"https:\/\/graficasbeyco.com\/fr\/?s={search_term_string}"},"query-input":{"@type":"PropertyValueSpecification","valueRequired":true,"valueName":"search_term_string"}}],"inLanguage":"fr-FR"},{"@type":"Organization","@id":"https:\/\/graficasbeyco.com\/fr\/#organization","name":"Gr\u00e1ficas Beyco","url":"https:\/\/graficasbeyco.com\/fr\/","logo":{"@type":"ImageObject","inLanguage":"fr-FR","@id":"https:\/\/graficasbeyco.com\/fr\/#\/schema\/logo\/image\/","url":"https:\/\/graficasbeyco.com\/wp-content\/uploads\/2024\/11\/Logotip-03.png","contentUrl":"https:\/\/graficasbeyco.com\/wp-content\/uploads\/2024\/11\/Logotip-03.png","width":10143,"height":1697,"caption":"Gr\u00e1ficas Beyco"},"image":{"@id":"https:\/\/graficasbeyco.com\/fr\/#\/schema\/logo\/image\/"}}]}},"_links":{"self":[{"href":"https:\/\/graficasbeyco.com\/fr\/wp-json\/wp\/v2\/pages\/7966","targetHints":{"allow":["GET"]}}],"collection":[{"href":"https:\/\/graficasbeyco.com\/fr\/wp-json\/wp\/v2\/pages"}],"about":[{"href":"https:\/\/graficasbeyco.com\/fr\/wp-json\/wp\/v2\/types\/page"}],"author":[{"embeddable":true,"href":"https:\/\/graficasbeyco.com\/fr\/wp-json\/wp\/v2\/users\/4"}],"replies":[{"embeddable":true,"href":"https:\/\/graficasbeyco.com\/fr\/wp-json\/wp\/v2\/comments?post=7966"}],"version-history":[{"count":5,"href":"https:\/\/graficasbeyco.com\/fr\/wp-json\/wp\/v2\/pages\/7966\/revisions"}],"predecessor-version":[{"id":9007,"href":"https:\/\/graficasbeyco.com\/fr\/wp-json\/wp\/v2\/pages\/7966\/revisions\/9007"}],"wp:attachment":[{"href":"https:\/\/graficasbeyco.com\/fr\/wp-json\/wp\/v2\/media?parent=7966"}],"curies":[{"name":"wp","href":"https:\/\/api.w.org\/{rel}","templated":true}]}}