{"id":7970,"date":"2024-11-21T07:01:00","date_gmt":"2024-11-21T07:01:00","guid":{"rendered":"https:\/\/graficasbeyco.com\/mentions-legales\/"},"modified":"2025-03-24T10:11:17","modified_gmt":"2025-03-24T10:11:17","slug":"mentions-legales","status":"publish","type":"page","link":"https:\/\/graficasbeyco.com\/fr\/mentions-legales\/","title":{"rendered":"Mentions L\u00e9gales"},"content":{"rendered":"\t\t<div data-elementor-type=\"wp-page\" data-elementor-id=\"7970\" class=\"elementor elementor-7970 elementor-3\">\n\t\t\t\t<div class=\"elementor-element elementor-element-363b7083 e-flex e-con-boxed e-con e-parent\" data-id=\"363b7083\" data-element_type=\"container\">\n\t\t\t\t\t<div class=\"e-con-inner\">\n\t\t\t\t<div class=\"elementor-element elementor-element-4a479acc elementor-widget elementor-widget-text-editor\" data-id=\"4a479acc\" data-element_type=\"widget\" data-widget_type=\"text-editor.default\">\n\t\t\t\t<div class=\"elementor-widget-container\">\n\t\t\t\t\t\t\t\t\t<p>En conformit\u00e9 avec la Loi 34\/2002 du 11 juillet sur les Services de la Soci\u00e9t\u00e9 de l\u2019Information et du Commerce \u00c9lectronique (LSSI-CE), GRAFICAS BEYCO SL informe qu&rsquo;elle est propri\u00e9taire du site web https:\/\/beyco.com\/. Conform\u00e9ment \u00e0 l&rsquo;exigence de l&rsquo;article 10 de ladite loi, GRAFICAS BEYCO SL fournit les informations suivantes:<br>Le propri\u00e9taire de ce site web est GRAFICAS BEYCO SL, avec le CIF B08619363, et dont le si\u00e8ge social est situ\u00e9 \u00e0 C\/ DEL MEDIO 167 08900, HOSPITALET DE LLOBREGAT, L\u2019 (BARCELONE), inscrite au Registre du Commerce de Barcelone, Tome 10.051 \u2013 Folio 11 \u2013 Feuille n\u00ba B-82873 \u2013 Inscription 5e. L&rsquo;adresse e-mail de contact de l&rsquo;entreprise est : beyco@graficasbeyco.com.El titular de este sitio web es GRAFICAS BEYCO SL, con CIF B08619363 y domicilio social en C\/ DEL MEDIO 167 08900, HOSPITALET DE LLOBREGAT, L\u2019 (BARCELONA), Inscrita en el Registro Mercantil de Barcelona, Tomo 10.051 \u2013 Folio 11 \u2013 Hoja n\u00ba B-82873 \u2013 Inscripci\u00f3n 5\u00aa. La direcci\u00f3n de correo electr\u00f3nico de contacto con la empresa es: beyco@graficasbeyco.com. <\/p>\n<p><\/p>\n<h2 class=\"wp-block-heading\"><strong>Utilisateur et r\u00e9gime de responsabilit\u00e9s<\/strong><\/h2>\n<p><\/p>\n<p>La navigation, l&rsquo;acc\u00e8s et l&rsquo;utilisation du site web de GRAFICAS BEYCO SL conf\u00e8rent la condition d&rsquo;utilisateur, ce qui implique l&rsquo;acceptation, d\u00e8s la navigation sur le site, de toutes les conditions d&rsquo;utilisation \u00e9tablies ici, sans pr\u00e9judice de l&rsquo;application de la r\u00e9glementation l\u00e9gale obligatoire applicable selon le cas.<br>Le site web de GRAFICAS BEYCO SL fournit une grande diversit\u00e9 d\u2019informations, de services et de donn\u00e9es. L&rsquo;utilisateur assume la responsabilit\u00e9 d&rsquo;une utilisation correcte du site web, responsabilit\u00e9 qui s&rsquo;\u00e9tendra \u00e0 :<br>&#8211; La v\u00e9racit\u00e9 et la l\u00e9galit\u00e9 des informations fournies par l&rsquo;utilisateur dans les formulaires \u00e9tablis par GRAFICAS BEYCO SL pour acc\u00e9der \u00e0 certains contenus ou services du site.<br>&#8211; L&rsquo;utilisation des informations, services et donn\u00e9es propos\u00e9s par GRAFICAS BEYCO SL d&rsquo;une mani\u00e8re contraire aux pr\u00e9sentes conditions, \u00e0 la loi, \u00e0 la morale, aux bonnes m\u0153urs ou \u00e0 l&rsquo;ordre public, ou de toute autre mani\u00e8re qui pourrait porter atteinte aux droits de tiers ou au bon fonctionnement du site web.  <\/p>\n<p><\/p>\n<h2 class=\"wp-block-heading\"><strong>Politique des liens et exclusions de responsabilit\u00e9<\/strong><\/h2>\n<p><\/p>\n<p>GRAFICAS BEYCO SL ne saurait \u00eatre tenue responsable du contenu des sites web accessibles via les liens pr\u00e9sents sur son site et d\u00e9clare qu\u2019elle n&rsquo;exerce en aucun cas un contr\u00f4le sur le contenu des autres sites du r\u00e9seau. De m\u00eame, elle ne garantit pas la disponibilit\u00e9 technique, l&rsquo;exactitude, la v\u00e9racit\u00e9, la validit\u00e9 ou la l\u00e9galit\u00e9 des sites externes accessibles via ces liens.<br>GRAFICAS BEYCO SL d\u00e9clare avoir adopt\u00e9 toutes les mesures n\u00e9cessaires pour \u00e9viter tout dommage aux utilisateurs de son site web r\u00e9sultant de leur navigation. En cons\u00e9quence, GRAFICAS BEYCO SL ne peut \u00eatre tenue responsable d&rsquo;\u00e9ventuels dommages que l&rsquo;utilisateur pourrait subir lors de la navigation sur Internet.  <\/p>\n<p><\/p>\n<h2 class=\"wp-block-heading\"><strong>Modifications<\/strong><\/h2>\n<p><\/p>\n<p>GRAFICAS BEYCO SL se r\u00e9serve le droit de modifier le contenu de son site web sans pr\u00e9avis, tant en ce qui concerne le contenu du site que ses conditions d&rsquo;utilisation. Ces modifications peuvent \u00eatre effectu\u00e9es via le site web par tout moyen l\u00e9galement acceptable et seront obligatoires tant qu&rsquo;elles resteront publi\u00e9es sur le site et jusqu&rsquo;\u00e0 ce qu&rsquo;elles soient valablement remplac\u00e9es par des modifications ult\u00e9rieures.  <\/p>\n<p><\/p>\n<h2 class=\"wp-block-heading\"><strong>Propri\u00e9t\u00e9 intellectuelle et industrielle<\/strong><\/h2>\n<p><\/p>\n<p>GRAFICAS BEYCO SL, en tant que titulaire ou cessionnaire, d\u00e9tient tous les droits de propri\u00e9t\u00e9 intellectuelle et industrielle de son site web, ainsi que les \u00e9l\u00e9ments qui y sont contenus (\u00e0 titre d&rsquo;exemple : images, sons, audio, vid\u00e9o, logiciels, textes, marques, logos, combinaisons de couleurs, structure et conception, s\u00e9lection des mat\u00e9riaux utilis\u00e9s, programmes informatiques n\u00e9cessaires \u00e0 son fonctionnement, acc\u00e8s et utilisation, etc.), appartenant \u00e0 GRAFICAS BEYCO SL.<br>Ces \u00e9l\u00e9ments sont prot\u00e9g\u00e9s en tant que propri\u00e9t\u00e9 intellectuelle par la l\u00e9gislation espagnole, ainsi que par la r\u00e9glementation communautaire et les trait\u00e9s internationaux en la mati\u00e8re sign\u00e9s par l\u2019Espagne.<br>Tous droits r\u00e9serv\u00e9s. Conform\u00e9ment \u00e0 la Loi sur la Propri\u00e9t\u00e9 Intellectuelle, il est express\u00e9ment interdit de reproduire, distribuer et communiquer publiquement, y compris sous forme de mise \u00e0 disposition, tout ou partie des contenus de cette page web \u00e0 des fins commerciales, sur tout support et par tout moyen technique, sans l&rsquo;autorisation de GRAFICAS BEYCO SL.<br>L&rsquo;utilisateur s&rsquo;engage \u00e0 respecter les droits de propri\u00e9t\u00e9 intellectuelle et industrielle de GRAFICAS BEYCO SL. Il est autoris\u00e9 \u00e0 visualiser les \u00e9l\u00e9ments du site et m\u00eame \u00e0 les imprimer, copier et stocker sur le disque dur de son ordinateur ou tout autre support physique, tant que cela reste strictement pour un usage personnel et priv\u00e9. L&rsquo;utilisateur doit s&rsquo;abstenir de supprimer, alt\u00e9rer, contourner ou manipuler tout dispositif de protection ou syst\u00e8me de s\u00e9curit\u00e9 install\u00e9 sur les pages de GRAFICAS BEYCO SL.    <\/p>\n<p><\/p>\n<h2 class=\"wp-block-heading\"><strong>Actions l\u00e9gales, l\u00e9gislation applicable et juridiction<\/strong><\/h2>\n<p><\/p>\n<p>GRAFICAS BEYCO SL se r\u00e9serve \u00e9galement le droit d&rsquo;engager des actions civiles ou p\u00e9nales qu&rsquo;elle jugera appropri\u00e9es en cas d&rsquo;utilisation inappropri\u00e9e de son site web et de ses contenus, ou en cas de non-respect des pr\u00e9sentes conditions.<br>La relation entre l&rsquo;utilisateur et le prestataire sera r\u00e9gie par la l\u00e9gislation en vigueur sur le territoire espagnol. En cas de litige, les parties pourront soumettre leurs conflits \u00e0 un arbitrage ou recourir \u00e0 la juridiction ordinaire en respectant les r\u00e8gles de comp\u00e9tence applicables. GRAFICAS BEYCO SL est domicili\u00e9e \u00e0 Barcelone, Espagne.  <\/p>\n<p>Pour plus d&rsquo;informations, consultez notre <a title=\"Politique de Confidentialit\u00e9\" href=\"https:\/\/beyco.com\/politica-de-privacidad\">Politique de Confidentialit\u00e9.<\/a><\/p>\n<p><\/p>\n<h2 class=\"wp-block-heading\"><strong>L\u00e9gislation applicable et juridiction<\/strong><\/h2>\n<p><\/p>\n<p>Le pr\u00e9sent Avis L\u00e9gal est soumis \u00e0 la l\u00e9gislation espagnole en vigueur. Pour la r\u00e9solution de tout conflit ou litige r\u00e9sultant de l\u2019acc\u00e8s \u00e0 cette page web, les utilisateurs et GRAFICAS BEYCO SL s\u2019engagent \u00e0 se soumettre aux tribunaux comp\u00e9tents. <\/p>\n<p><\/p>\t\t\t\t\t\t\t\t<\/div>\n\t\t\t\t<\/div>\n\t\t\t\t\t<\/div>\n\t\t\t\t<\/div>\n\t\t\t\t<\/div>\n\t\t","protected":false},"excerpt":{"rendered":"<p>En conformit\u00e9 avec la Loi 34\/2002 du 11 juillet sur les Services de la Soci\u00e9t\u00e9 de l\u2019Information et du Commerce \u00c9lectronique (LSSI-CE), GRAFICAS BEYCO SL informe qu&rsquo;elle est propri\u00e9taire du site web https:\/\/beyco.com\/. Conform\u00e9ment \u00e0 l&rsquo;exigence de l&rsquo;article 10 de ladite loi, GRAFICAS BEYCO SL fournit les informations suivantes:Le propri\u00e9taire de ce site web est [&hellip;]<\/p>\n","protected":false},"author":1,"featured_media":0,"parent":0,"menu_order":0,"comment_status":"closed","ping_status":"closed","template":"","meta":{"_joinchat":[],"footnotes":""},"class_list":["post-7970","page","type-page","status-publish","hentry"],"yoast_head":"<!-- This site is optimized with the Yoast SEO plugin v24.8.1 - https:\/\/yoast.com\/wordpress\/plugins\/seo\/ -->\n<title>Mentions L\u00e9gales - Gr\u00e1ficas Beyco<\/title>\n<meta name=\"robots\" content=\"index, follow, max-snippet:-1, max-image-preview:large, max-video-preview:-1\" \/>\n<link rel=\"canonical\" href=\"https:\/\/graficasbeyco.com\/fr\/mentions-legales\/\" \/>\n<meta property=\"og:locale\" content=\"fr_FR\" \/>\n<meta property=\"og:type\" content=\"article\" \/>\n<meta property=\"og:title\" content=\"Mentions L\u00e9gales - Gr\u00e1ficas Beyco\" \/>\n<meta property=\"og:description\" content=\"En conformit\u00e9 avec la Loi 34\/2002 du 11 juillet sur les Services de la Soci\u00e9t\u00e9 de l\u2019Information et du Commerce \u00c9lectronique (LSSI-CE), GRAFICAS BEYCO SL informe qu&rsquo;elle est propri\u00e9taire du site web https:\/\/beyco.com\/. Conform\u00e9ment \u00e0 l&rsquo;exigence de l&rsquo;article 10 de ladite loi, GRAFICAS BEYCO SL fournit les informations suivantes:Le propri\u00e9taire de ce site web est [&hellip;]\" \/>\n<meta property=\"og:url\" content=\"https:\/\/graficasbeyco.com\/fr\/mentions-legales\/\" \/>\n<meta property=\"og:site_name\" content=\"Gr\u00e1ficas Beyco\" \/>\n<meta property=\"article:modified_time\" content=\"2025-03-24T10:11:17+00:00\" \/>\n<meta name=\"twitter:card\" content=\"summary_large_image\" \/>\n<meta name=\"twitter:label1\" content=\"Dur\u00e9e de lecture estim\u00e9e\" \/>\n\t<meta name=\"twitter:data1\" content=\"5 minutes\" \/>\n<script type=\"application\/ld+json\" class=\"yoast-schema-graph\">{\"@context\":\"https:\/\/schema.org\",\"@graph\":[{\"@type\":\"WebPage\",\"@id\":\"https:\/\/graficasbeyco.com\/fr\/mentions-legales\/\",\"url\":\"https:\/\/graficasbeyco.com\/fr\/mentions-legales\/\",\"name\":\"Mentions L\u00e9gales - Gr\u00e1ficas Beyco\",\"isPartOf\":{\"@id\":\"https:\/\/graficasbeyco.com\/fr\/#website\"},\"datePublished\":\"2024-11-21T07:01:00+00:00\",\"dateModified\":\"2025-03-24T10:11:17+00:00\",\"breadcrumb\":{\"@id\":\"https:\/\/graficasbeyco.com\/fr\/mentions-legales\/#breadcrumb\"},\"inLanguage\":\"fr-FR\",\"potentialAction\":[{\"@type\":\"ReadAction\",\"target\":[\"https:\/\/graficasbeyco.com\/fr\/mentions-legales\/\"]}]},{\"@type\":\"BreadcrumbList\",\"@id\":\"https:\/\/graficasbeyco.com\/fr\/mentions-legales\/#breadcrumb\",\"itemListElement\":[{\"@type\":\"ListItem\",\"position\":1,\"name\":\"Portada\",\"item\":\"https:\/\/graficasbeyco.com\/fr\/\"},{\"@type\":\"ListItem\",\"position\":2,\"name\":\"Mentions L\u00e9gales\"}]},{\"@type\":\"WebSite\",\"@id\":\"https:\/\/graficasbeyco.com\/fr\/#website\",\"url\":\"https:\/\/graficasbeyco.com\/fr\/\",\"name\":\"Gr\u00e1ficas Beyco\",\"description\":\"producci\u00f3n de estuches y envases plegables en cartoncillo y cart\u00f3n ondulado.\",\"publisher\":{\"@id\":\"https:\/\/graficasbeyco.com\/fr\/#organization\"},\"potentialAction\":[{\"@type\":\"SearchAction\",\"target\":{\"@type\":\"EntryPoint\",\"urlTemplate\":\"https:\/\/graficasbeyco.com\/fr\/?s={search_term_string}\"},\"query-input\":{\"@type\":\"PropertyValueSpecification\",\"valueRequired\":true,\"valueName\":\"search_term_string\"}}],\"inLanguage\":\"fr-FR\"},{\"@type\":\"Organization\",\"@id\":\"https:\/\/graficasbeyco.com\/fr\/#organization\",\"name\":\"Gr\u00e1ficas Beyco\",\"url\":\"https:\/\/graficasbeyco.com\/fr\/\",\"logo\":{\"@type\":\"ImageObject\",\"inLanguage\":\"fr-FR\",\"@id\":\"https:\/\/graficasbeyco.com\/fr\/#\/schema\/logo\/image\/\",\"url\":\"https:\/\/graficasbeyco.com\/wp-content\/uploads\/2024\/11\/Logotip-03.png\",\"contentUrl\":\"https:\/\/graficasbeyco.com\/wp-content\/uploads\/2024\/11\/Logotip-03.png\",\"width\":10143,\"height\":1697,\"caption\":\"Gr\u00e1ficas Beyco\"},\"image\":{\"@id\":\"https:\/\/graficasbeyco.com\/fr\/#\/schema\/logo\/image\/\"}}]}<\/script>\n<!-- \/ Yoast SEO plugin. -->","yoast_head_json":{"title":"Mentions L\u00e9gales - Gr\u00e1ficas Beyco","robots":{"index":"index","follow":"follow","max-snippet":"max-snippet:-1","max-image-preview":"max-image-preview:large","max-video-preview":"max-video-preview:-1"},"canonical":"https:\/\/graficasbeyco.com\/fr\/mentions-legales\/","og_locale":"fr_FR","og_type":"article","og_title":"Mentions L\u00e9gales - Gr\u00e1ficas Beyco","og_description":"En conformit\u00e9 avec la Loi 34\/2002 du 11 juillet sur les Services de la Soci\u00e9t\u00e9 de l\u2019Information et du Commerce \u00c9lectronique (LSSI-CE), GRAFICAS BEYCO SL informe qu&rsquo;elle est propri\u00e9taire du site web https:\/\/beyco.com\/. Conform\u00e9ment \u00e0 l&rsquo;exigence de l&rsquo;article 10 de ladite loi, GRAFICAS BEYCO SL fournit les informations suivantes:Le propri\u00e9taire de ce site web est [&hellip;]","og_url":"https:\/\/graficasbeyco.com\/fr\/mentions-legales\/","og_site_name":"Gr\u00e1ficas Beyco","article_modified_time":"2025-03-24T10:11:17+00:00","twitter_card":"summary_large_image","twitter_misc":{"Dur\u00e9e de lecture estim\u00e9e":"5 minutes"},"schema":{"@context":"https:\/\/schema.org","@graph":[{"@type":"WebPage","@id":"https:\/\/graficasbeyco.com\/fr\/mentions-legales\/","url":"https:\/\/graficasbeyco.com\/fr\/mentions-legales\/","name":"Mentions L\u00e9gales - Gr\u00e1ficas Beyco","isPartOf":{"@id":"https:\/\/graficasbeyco.com\/fr\/#website"},"datePublished":"2024-11-21T07:01:00+00:00","dateModified":"2025-03-24T10:11:17+00:00","breadcrumb":{"@id":"https:\/\/graficasbeyco.com\/fr\/mentions-legales\/#breadcrumb"},"inLanguage":"fr-FR","potentialAction":[{"@type":"ReadAction","target":["https:\/\/graficasbeyco.com\/fr\/mentions-legales\/"]}]},{"@type":"BreadcrumbList","@id":"https:\/\/graficasbeyco.com\/fr\/mentions-legales\/#breadcrumb","itemListElement":[{"@type":"ListItem","position":1,"name":"Portada","item":"https:\/\/graficasbeyco.com\/fr\/"},{"@type":"ListItem","position":2,"name":"Mentions L\u00e9gales"}]},{"@type":"WebSite","@id":"https:\/\/graficasbeyco.com\/fr\/#website","url":"https:\/\/graficasbeyco.com\/fr\/","name":"Gr\u00e1ficas Beyco","description":"producci\u00f3n de estuches y envases plegables en cartoncillo y cart\u00f3n ondulado.","publisher":{"@id":"https:\/\/graficasbeyco.com\/fr\/#organization"},"potentialAction":[{"@type":"SearchAction","target":{"@type":"EntryPoint","urlTemplate":"https:\/\/graficasbeyco.com\/fr\/?s={search_term_string}"},"query-input":{"@type":"PropertyValueSpecification","valueRequired":true,"valueName":"search_term_string"}}],"inLanguage":"fr-FR"},{"@type":"Organization","@id":"https:\/\/graficasbeyco.com\/fr\/#organization","name":"Gr\u00e1ficas Beyco","url":"https:\/\/graficasbeyco.com\/fr\/","logo":{"@type":"ImageObject","inLanguage":"fr-FR","@id":"https:\/\/graficasbeyco.com\/fr\/#\/schema\/logo\/image\/","url":"https:\/\/graficasbeyco.com\/wp-content\/uploads\/2024\/11\/Logotip-03.png","contentUrl":"https:\/\/graficasbeyco.com\/wp-content\/uploads\/2024\/11\/Logotip-03.png","width":10143,"height":1697,"caption":"Gr\u00e1ficas Beyco"},"image":{"@id":"https:\/\/graficasbeyco.com\/fr\/#\/schema\/logo\/image\/"}}]}},"_links":{"self":[{"href":"https:\/\/graficasbeyco.com\/fr\/wp-json\/wp\/v2\/pages\/7970","targetHints":{"allow":["GET"]}}],"collection":[{"href":"https:\/\/graficasbeyco.com\/fr\/wp-json\/wp\/v2\/pages"}],"about":[{"href":"https:\/\/graficasbeyco.com\/fr\/wp-json\/wp\/v2\/types\/page"}],"author":[{"embeddable":true,"href":"https:\/\/graficasbeyco.com\/fr\/wp-json\/wp\/v2\/users\/1"}],"replies":[{"embeddable":true,"href":"https:\/\/graficasbeyco.com\/fr\/wp-json\/wp\/v2\/comments?post=7970"}],"version-history":[{"count":0,"href":"https:\/\/graficasbeyco.com\/fr\/wp-json\/wp\/v2\/pages\/7970\/revisions"}],"wp:attachment":[{"href":"https:\/\/graficasbeyco.com\/fr\/wp-json\/wp\/v2\/media?parent=7970"}],"curies":[{"name":"wp","href":"https:\/\/api.w.org\/{rel}","templated":true}]}}