{"id":8027,"date":"2024-12-27T06:46:48","date_gmt":"2024-12-27T05:46:48","guid":{"rendered":"https:\/\/graficasbeyco.com\/politique-de-chaine-de-tracabilitepolitica-de-cadena-de-custodia\/"},"modified":"2026-01-19T20:12:03","modified_gmt":"2026-01-19T19:12:03","slug":"politique-de-chaine-de-tracabilite","status":"publish","type":"page","link":"https:\/\/graficasbeyco.com\/fr\/politique-de-chaine-de-tracabilite\/","title":{"rendered":"Politique de Cha\u00eene de Tra\u00e7abilit\u00e9"},"content":{"rendered":"\t\t<div data-elementor-type=\"wp-page\" data-elementor-id=\"8027\" class=\"elementor elementor-8027 elementor-6506\">\n\t\t\t\t<div class=\"elementor-element elementor-element-363b7083 e-flex e-con-boxed e-con e-parent\" data-id=\"363b7083\" data-element_type=\"container\">\n\t\t\t\t\t<div class=\"e-con-inner\">\n\t\t\t\t<div class=\"elementor-element elementor-element-4a479acc elementor-widget elementor-widget-text-editor\" data-id=\"4a479acc\" data-element_type=\"widget\" data-widget_type=\"text-editor.default\">\n\t\t\t\t<div class=\"elementor-widget-container\">\n\t\t\t\t\t\t\t\t\t<p>Depuis la Direction de GR\u00c1FICAS BEYCO, S.L., titulaire de la licence FSC-C153957, nous exprimons notre intention de promouvoir la gestion foresti\u00e8re responsable et la cha\u00eene de contr\u00f4le FSC\u00ae. La mise en place d\u2019un syst\u00e8me de cha\u00eene de contr\u00f4le permet de garantir la protection environnementale des for\u00eats et d\u2019assurer, gr\u00e2ce au contr\u00f4le \u00e0 toutes les \u00e9tapes du processus, que les produits que nous proposons \u00e0 nos clients respectent l\u2019environnement. <\/p>\n<p>La Direction assure le contr\u00f4le, le suivi et la manipulation n\u00e9cessaires pour obtenir et maintenir la certification de cha\u00eene de contr\u00f4le, conform\u00e9ment aux normes FSC\u00ae applicables, y compris FSC-STD-40-004, afin de promouvoir une gestion foresti\u00e8re responsable et de garantir la protection environnementale des for\u00eats.<\/p>\n<p>Cette politique s\u2019applique \u00e0 l\u2019ensemble du personnel de GR\u00c1FICAS BEYCO, S.L. ainsi qu\u2019\u00e0 toutes les activit\u00e9s li\u00e9es aux produits certifi\u00e9s FSC\u00ae.<\/p>\n<p>GR\u00c1FICAS BEYCO, S.L. s\u2019engage en faveur de la sant\u00e9 et de la s\u00e9curit\u00e9 au travail, ainsi que des valeurs du FSC\u00ae, telles que d\u00e9finies dans la politique FSC-POL-01-004. L\u2019organisation n\u2019est ni directement ni indirectement impliqu\u00e9e dans les activit\u00e9s suivantes : <\/p>\n<p>a) Exploitation ill\u00e9gale ou commerce de bois ou de produits forestiers ill\u00e9gaux.<br>b) Violation des droits traditionnels et des droits humains dans les op\u00e9rations sylvicoles.<br>c) Destruction de hautes valeurs de conservation dans les op\u00e9rations sylvicoles.<br>d) Conversion significative des for\u00eats en plantations ou \u00e0 d\u2019autres usages.<br>e) Introduction d\u2019organismes g\u00e9n\u00e9tiquement modifi\u00e9s dans les op\u00e9rations sylvicoles.<br>f) Violation de l\u2019un quelconque des Conventions fondamentales de l\u2019OIT, telles que d\u00e9finies dans la D\u00e9claration de l\u2019OIT relative aux principes et droits fondamentaux au travail (1998).<\/p>\n<p>De plus, GR\u00c1FICAS BEYCO, S.L. applique les exigences sociales et du travail du FSC\u00ae, par cons\u00e9quent :<\/p>\n<ul>\n<li>Elle n\u2019utilise pas de main-d\u2019\u0153uvre infantile et n\u2019emploie pas de travailleurs de moins de 16 ans. Aucune personne de moins de 18 ans n\u2019effectue de travaux dangereux ou p\u00e9nibles. <\/li>\n<li> Elle ne pratique aucune forme de travail forc\u00e9 ou obligatoire. Les relations de travail sont volontaires et reposent sur le consentement mutuel, sans menace de sanction. <\/li>\n<li> Elle ne pratique aucune discrimination en mati\u00e8re d\u2019emploi ou de profession.<\/li>\n<li>Respecte la libert\u00e9 syndicale et le droit effectif \u00e0 la n\u00e9gociation collective.<\/li>\n<\/ul>\n<p>La Direction met \u00e0 disposition les ressources humaines et mat\u00e9rielles n\u00e9cessaires pour garantir le respect de ces engagements.<\/p>\n<p>La pr\u00e9sente politique est communiqu\u00e9e \u00e0 l\u2019ensemble du personnel de l\u2019organisation et est mise \u00e0 disposition des clients, des fournisseurs et des autres parties int\u00e9ress\u00e9es qui en font la demande.<\/p>\n<p> <\/p>\n<p><\/p>\n<p> <\/p>\n<p><\/p>\t\t\t\t\t\t\t\t<\/div>\n\t\t\t\t<\/div>\n\t\t\t\t\t<\/div>\n\t\t\t\t<\/div>\n\t\t<div class=\"elementor-element elementor-element-aea68fc e-flex e-con-boxed e-con e-parent\" data-id=\"aea68fc\" data-element_type=\"container\">\n\t\t\t\t\t<div class=\"e-con-inner\">\n\t\t\t\t<div class=\"elementor-element elementor-element-cb93eb2 elementor-widget elementor-widget-text-editor\" data-id=\"cb93eb2\" data-element_type=\"widget\" data-widget_type=\"text-editor.default\">\n\t\t\t\t<div class=\"elementor-widget-container\">\n\t\t\t\t\t\t\t\t\t<p><strong>\u00c0 BARCELONE, LE 22 D\u00c9CEMBRE 2025<\/strong><\/p>\n<p><strong>LA DIRECTION<\/strong><\/p>\n<p><strong>GRAFICAS BEYCO, S.L.<\/strong><\/p>\n<p> <\/p>\n<p> <\/p>\n<p> <\/p>\n<p> <\/p>\n<p> <\/p>\n<p><\/p>\n<p> <\/p>\n<p><\/p>\t\t\t\t\t\t\t\t<\/div>\n\t\t\t\t<\/div>\n\t\t\t\t\t<\/div>\n\t\t\t\t<\/div>\n\t\t\t\t<\/div>\n\t\t","protected":false},"excerpt":{"rendered":"<p>Depuis la Direction de GR\u00c1FICAS BEYCO, S.L., titulaire de la licence FSC-C153957, nous exprimons notre intention de promouvoir la gestion foresti\u00e8re responsable et la cha\u00eene de contr\u00f4le FSC\u00ae. La mise en place d\u2019un syst\u00e8me de cha\u00eene de contr\u00f4le permet de garantir la protection environnementale des for\u00eats et d\u2019assurer, gr\u00e2ce au contr\u00f4le \u00e0 toutes les \u00e9tapes [&hellip;]<\/p>\n","protected":false},"author":4,"featured_media":0,"parent":0,"menu_order":0,"comment_status":"closed","ping_status":"closed","template":"","meta":{"_joinchat":[],"footnotes":""},"class_list":["post-8027","page","type-page","status-publish","hentry"],"yoast_head":"<!-- This site is optimized with the Yoast SEO plugin v24.8.1 - https:\/\/yoast.com\/wordpress\/plugins\/seo\/ -->\n<title>Politique de Cha\u00eene de Tra\u00e7abilit\u00e9 - Gr\u00e1ficas Beyco<\/title>\n<meta name=\"robots\" content=\"index, follow, max-snippet:-1, max-image-preview:large, max-video-preview:-1\" \/>\n<link rel=\"canonical\" href=\"https:\/\/graficasbeyco.com\/fr\/politique-de-chaine-de-tracabilite\/\" \/>\n<meta property=\"og:locale\" content=\"fr_FR\" \/>\n<meta property=\"og:type\" content=\"article\" \/>\n<meta property=\"og:title\" content=\"Politique de Cha\u00eene de Tra\u00e7abilit\u00e9 - Gr\u00e1ficas Beyco\" \/>\n<meta property=\"og:description\" content=\"Depuis la Direction de GR\u00c1FICAS BEYCO, S.L., titulaire de la licence FSC-C153957, nous exprimons notre intention de promouvoir la gestion foresti\u00e8re responsable et la cha\u00eene de contr\u00f4le FSC\u00ae. La mise en place d\u2019un syst\u00e8me de cha\u00eene de contr\u00f4le permet de garantir la protection environnementale des for\u00eats et d\u2019assurer, gr\u00e2ce au contr\u00f4le \u00e0 toutes les \u00e9tapes [&hellip;]\" \/>\n<meta property=\"og:url\" content=\"https:\/\/graficasbeyco.com\/fr\/politique-de-chaine-de-tracabilite\/\" \/>\n<meta property=\"og:site_name\" content=\"Gr\u00e1ficas Beyco\" \/>\n<meta property=\"article:modified_time\" content=\"2026-01-19T19:12:03+00:00\" \/>\n<meta name=\"twitter:card\" content=\"summary_large_image\" \/>\n<meta name=\"twitter:label1\" content=\"Dur\u00e9e de lecture estim\u00e9e\" \/>\n\t<meta name=\"twitter:data1\" content=\"2 minutes\" \/>\n<script type=\"application\/ld+json\" class=\"yoast-schema-graph\">{\"@context\":\"https:\/\/schema.org\",\"@graph\":[{\"@type\":\"WebPage\",\"@id\":\"https:\/\/graficasbeyco.com\/fr\/politique-de-chaine-de-tracabilite\/\",\"url\":\"https:\/\/graficasbeyco.com\/fr\/politique-de-chaine-de-tracabilite\/\",\"name\":\"Politique de Cha\u00eene de Tra\u00e7abilit\u00e9 - Gr\u00e1ficas Beyco\",\"isPartOf\":{\"@id\":\"https:\/\/graficasbeyco.com\/fr\/#website\"},\"datePublished\":\"2024-12-27T05:46:48+00:00\",\"dateModified\":\"2026-01-19T19:12:03+00:00\",\"breadcrumb\":{\"@id\":\"https:\/\/graficasbeyco.com\/fr\/politique-de-chaine-de-tracabilite\/#breadcrumb\"},\"inLanguage\":\"fr-FR\",\"potentialAction\":[{\"@type\":\"ReadAction\",\"target\":[\"https:\/\/graficasbeyco.com\/fr\/politique-de-chaine-de-tracabilite\/\"]}]},{\"@type\":\"BreadcrumbList\",\"@id\":\"https:\/\/graficasbeyco.com\/fr\/politique-de-chaine-de-tracabilite\/#breadcrumb\",\"itemListElement\":[{\"@type\":\"ListItem\",\"position\":1,\"name\":\"Portada\",\"item\":\"https:\/\/graficasbeyco.com\/fr\/\"},{\"@type\":\"ListItem\",\"position\":2,\"name\":\"Politique de Cha\u00eene de Tra\u00e7abilit\u00e9\"}]},{\"@type\":\"WebSite\",\"@id\":\"https:\/\/graficasbeyco.com\/fr\/#website\",\"url\":\"https:\/\/graficasbeyco.com\/fr\/\",\"name\":\"Gr\u00e1ficas Beyco\",\"description\":\"producci\u00f3n de estuches y envases plegables en cartoncillo y cart\u00f3n ondulado.\",\"publisher\":{\"@id\":\"https:\/\/graficasbeyco.com\/fr\/#organization\"},\"potentialAction\":[{\"@type\":\"SearchAction\",\"target\":{\"@type\":\"EntryPoint\",\"urlTemplate\":\"https:\/\/graficasbeyco.com\/fr\/?s={search_term_string}\"},\"query-input\":{\"@type\":\"PropertyValueSpecification\",\"valueRequired\":true,\"valueName\":\"search_term_string\"}}],\"inLanguage\":\"fr-FR\"},{\"@type\":\"Organization\",\"@id\":\"https:\/\/graficasbeyco.com\/fr\/#organization\",\"name\":\"Gr\u00e1ficas Beyco\",\"url\":\"https:\/\/graficasbeyco.com\/fr\/\",\"logo\":{\"@type\":\"ImageObject\",\"inLanguage\":\"fr-FR\",\"@id\":\"https:\/\/graficasbeyco.com\/fr\/#\/schema\/logo\/image\/\",\"url\":\"https:\/\/graficasbeyco.com\/wp-content\/uploads\/2024\/11\/Logotip-03.png\",\"contentUrl\":\"https:\/\/graficasbeyco.com\/wp-content\/uploads\/2024\/11\/Logotip-03.png\",\"width\":10143,\"height\":1697,\"caption\":\"Gr\u00e1ficas Beyco\"},\"image\":{\"@id\":\"https:\/\/graficasbeyco.com\/fr\/#\/schema\/logo\/image\/\"}}]}<\/script>\n<!-- \/ Yoast SEO plugin. -->","yoast_head_json":{"title":"Politique de Cha\u00eene de Tra\u00e7abilit\u00e9 - Gr\u00e1ficas Beyco","robots":{"index":"index","follow":"follow","max-snippet":"max-snippet:-1","max-image-preview":"max-image-preview:large","max-video-preview":"max-video-preview:-1"},"canonical":"https:\/\/graficasbeyco.com\/fr\/politique-de-chaine-de-tracabilite\/","og_locale":"fr_FR","og_type":"article","og_title":"Politique de Cha\u00eene de Tra\u00e7abilit\u00e9 - Gr\u00e1ficas Beyco","og_description":"Depuis la Direction de GR\u00c1FICAS BEYCO, S.L., titulaire de la licence FSC-C153957, nous exprimons notre intention de promouvoir la gestion foresti\u00e8re responsable et la cha\u00eene de contr\u00f4le FSC\u00ae. La mise en place d\u2019un syst\u00e8me de cha\u00eene de contr\u00f4le permet de garantir la protection environnementale des for\u00eats et d\u2019assurer, gr\u00e2ce au contr\u00f4le \u00e0 toutes les \u00e9tapes [&hellip;]","og_url":"https:\/\/graficasbeyco.com\/fr\/politique-de-chaine-de-tracabilite\/","og_site_name":"Gr\u00e1ficas Beyco","article_modified_time":"2026-01-19T19:12:03+00:00","twitter_card":"summary_large_image","twitter_misc":{"Dur\u00e9e de lecture estim\u00e9e":"2 minutes"},"schema":{"@context":"https:\/\/schema.org","@graph":[{"@type":"WebPage","@id":"https:\/\/graficasbeyco.com\/fr\/politique-de-chaine-de-tracabilite\/","url":"https:\/\/graficasbeyco.com\/fr\/politique-de-chaine-de-tracabilite\/","name":"Politique de Cha\u00eene de Tra\u00e7abilit\u00e9 - Gr\u00e1ficas Beyco","isPartOf":{"@id":"https:\/\/graficasbeyco.com\/fr\/#website"},"datePublished":"2024-12-27T05:46:48+00:00","dateModified":"2026-01-19T19:12:03+00:00","breadcrumb":{"@id":"https:\/\/graficasbeyco.com\/fr\/politique-de-chaine-de-tracabilite\/#breadcrumb"},"inLanguage":"fr-FR","potentialAction":[{"@type":"ReadAction","target":["https:\/\/graficasbeyco.com\/fr\/politique-de-chaine-de-tracabilite\/"]}]},{"@type":"BreadcrumbList","@id":"https:\/\/graficasbeyco.com\/fr\/politique-de-chaine-de-tracabilite\/#breadcrumb","itemListElement":[{"@type":"ListItem","position":1,"name":"Portada","item":"https:\/\/graficasbeyco.com\/fr\/"},{"@type":"ListItem","position":2,"name":"Politique de Cha\u00eene de Tra\u00e7abilit\u00e9"}]},{"@type":"WebSite","@id":"https:\/\/graficasbeyco.com\/fr\/#website","url":"https:\/\/graficasbeyco.com\/fr\/","name":"Gr\u00e1ficas Beyco","description":"producci\u00f3n de estuches y envases plegables en cartoncillo y cart\u00f3n ondulado.","publisher":{"@id":"https:\/\/graficasbeyco.com\/fr\/#organization"},"potentialAction":[{"@type":"SearchAction","target":{"@type":"EntryPoint","urlTemplate":"https:\/\/graficasbeyco.com\/fr\/?s={search_term_string}"},"query-input":{"@type":"PropertyValueSpecification","valueRequired":true,"valueName":"search_term_string"}}],"inLanguage":"fr-FR"},{"@type":"Organization","@id":"https:\/\/graficasbeyco.com\/fr\/#organization","name":"Gr\u00e1ficas Beyco","url":"https:\/\/graficasbeyco.com\/fr\/","logo":{"@type":"ImageObject","inLanguage":"fr-FR","@id":"https:\/\/graficasbeyco.com\/fr\/#\/schema\/logo\/image\/","url":"https:\/\/graficasbeyco.com\/wp-content\/uploads\/2024\/11\/Logotip-03.png","contentUrl":"https:\/\/graficasbeyco.com\/wp-content\/uploads\/2024\/11\/Logotip-03.png","width":10143,"height":1697,"caption":"Gr\u00e1ficas Beyco"},"image":{"@id":"https:\/\/graficasbeyco.com\/fr\/#\/schema\/logo\/image\/"}}]}},"_links":{"self":[{"href":"https:\/\/graficasbeyco.com\/fr\/wp-json\/wp\/v2\/pages\/8027","targetHints":{"allow":["GET"]}}],"collection":[{"href":"https:\/\/graficasbeyco.com\/fr\/wp-json\/wp\/v2\/pages"}],"about":[{"href":"https:\/\/graficasbeyco.com\/fr\/wp-json\/wp\/v2\/types\/page"}],"author":[{"embeddable":true,"href":"https:\/\/graficasbeyco.com\/fr\/wp-json\/wp\/v2\/users\/4"}],"replies":[{"embeddable":true,"href":"https:\/\/graficasbeyco.com\/fr\/wp-json\/wp\/v2\/comments?post=8027"}],"version-history":[{"count":6,"href":"https:\/\/graficasbeyco.com\/fr\/wp-json\/wp\/v2\/pages\/8027\/revisions"}],"predecessor-version":[{"id":9124,"href":"https:\/\/graficasbeyco.com\/fr\/wp-json\/wp\/v2\/pages\/8027\/revisions\/9124"}],"wp:attachment":[{"href":"https:\/\/graficasbeyco.com\/fr\/wp-json\/wp\/v2\/media?parent=8027"}],"curies":[{"name":"wp","href":"https:\/\/api.w.org\/{rel}","templated":true}]}}