{"id":8035,"date":"2024-12-27T06:33:59","date_gmt":"2024-12-27T05:33:59","guid":{"rendered":"https:\/\/graficasbeyco.com\/politique-de-confidentialite\/"},"modified":"2025-03-24T11:02:26","modified_gmt":"2025-03-24T11:02:26","slug":"politique-de-confidentialite","status":"publish","type":"page","link":"https:\/\/graficasbeyco.com\/fr\/politique-de-confidentialite\/","title":{"rendered":"Politique de Confidentialit\u00e9"},"content":{"rendered":"\t\t<div data-elementor-type=\"wp-page\" data-elementor-id=\"8035\" class=\"elementor elementor-8035 elementor-6501\">\n\t\t\t\t<div class=\"elementor-element elementor-element-363b7083 e-flex e-con-boxed e-con e-parent\" data-id=\"363b7083\" data-element_type=\"container\">\n\t\t\t\t\t<div class=\"e-con-inner\">\n\t\t\t\t<div class=\"elementor-element elementor-element-4a479acc elementor-widget elementor-widget-text-editor\" data-id=\"4a479acc\" data-element_type=\"widget\" data-widget_type=\"text-editor.default\">\n\t\t\t\t<div class=\"elementor-widget-container\">\n\t\t\t\t\t\t\t\t\t<table style=\"width: 100%; table-layout: fixed;\" border=\"1\">\n<tbody>\n<tr>\n<td style=\"width: 35%;\"><strong>Responsable du traitement<\/strong><\/td>\n<td>GR\u00c1FICAS BEYCO, S.L.<\/td>\n<\/tr>\n<tr>\n<td style=\"width: 35%;\"><strong>Finalit\u00e9<\/strong><\/td>\n<td>&#8211; Gestion des services contract\u00e9s ;\n<p> <\/p>\n<p>&#8211; Traitement \u00e0 des fins commerciales, envoi d&rsquo;offres, d\u2019informations et de propositions commerciales.<\/p>\n<\/td>\n<\/tr>\n<tr>\n<td style=\"width: 35%;\"><strong>L\u00e9gitimation<\/strong><\/td>\n<td>Consentement de la personne concern\u00e9e, \u00e0 l&rsquo;exception de certains cas o\u00f9 il existe un int\u00e9r\u00eat l\u00e9gitime.<\/td>\n<\/tr>\n<tr>\n<td style=\"width: 35%;\"><strong>Destinataires<\/strong><\/td>\n<td>Vos donn\u00e9es seront trait\u00e9es exclusivement par GR\u00c1FICAS BEYCO, S.L., \u00e0 l&rsquo;exception suivante : les donn\u00e9es fournies pourront \u00eatre communiqu\u00e9es \u00e0 des entit\u00e9s tierces pour remplir des objectifs directement li\u00e9s au service contract\u00e9 mentionn\u00e9 ci-dessus entre GR\u00c1FICAS BEYCO, S.L. et le c\u00e9dant des donn\u00e9es, ainsi qu\u2019aux entit\u00e9s ou organismes o\u00f9 une obligation l\u00e9gale existe. Aucun transfert vers des pays tiers hors de l&rsquo;Union Europ\u00e9enne ne sera effectu\u00e9 sans votre consentement. <\/td>\n<\/tr>\n<tr>\n<td style=\"width: 35%;\"><strong>Conservation des donn\u00e9es<\/strong><\/td>\n<td>Jusqu&rsquo;\u00e0 la fin du service ou jusqu&rsquo;\u00e0 ce qu&rsquo;il y ait une obligation l\u00e9gale.<\/td>\n<\/tr>\n<tr>\n<td style=\"width: 35%;\"><strong>Droits<\/strong><\/td>\n<td>Droit d&rsquo;acc\u00e8s, de rectification et de suppression des donn\u00e9es, ainsi que d&rsquo;autres droits d\u00e9taill\u00e9s dans les informations suppl\u00e9mentaires.\n<p> <\/p>\n<p>Droit de d\u00e9poser une r\u00e9clamation aupr\u00e8s de l\u2019Autorit\u00e9 de Contr\u00f4le (<a href=\"http:\/\/www.agpd.es\/\">www.agpd.es<\/a>).<\/p>\n<\/td>\n<\/tr>\n<tr>\n<td style=\"width: 35%;\"><strong>Informations Suppl\u00e9mentaires<\/strong><\/td>\n<td>Vous pouvez consulter des informations suppl\u00e9mentaires et d\u00e9taill\u00e9es sur la protection des donn\u00e9es sur notre site web :\n<p> <\/p>\n<p><a title=\"Mentions l\u00e9gales et protection des donn\u00e9es\" href=\"https:\/\/www.graficasbeyco.com\/politica-de-privacidad\/index.php?option=com_content&amp;view=article&amp;id=195&amp;Itemid=832\" target=\"_blank\" rel=\"noopener noreferrer\">Mentions l\u00e9gales et protection des donn\u00e9es<\/a><\/p>\n<\/td>\n<\/tr>\n<\/tbody>\n<\/table>\n<p><\/p>\n<h2 class=\"wp-block-heading\"><strong>INFORMATIONS DE BASE SUR LA PROTECTION DES DONN\u00c9ES<\/strong><\/h2>\n<p><\/p>\n<table border=\"1\">\n<tbody>\n<tr>\n<td colspan=\"2\"><strong>Qui est responsable du traitement de vos donn\u00e9es?<\/strong><\/td>\n<\/tr>\n<tr>\n<td><strong>Identit\u00e9<\/strong><\/td>\n<td>GR\u00c1FICAS BEYCO, S.L.\n<p> <\/p>\n<p>CIF:B08619363<\/p>\n<p>Enregistr\u00e9e au Registre du Commerce de Barcelone, Volume 10.051 \u2013 Folio 11 \u2013 Feuille n\u00ba B-82873 \u2013 Inscription 5.<\/p>\n<\/td>\n<\/tr>\n<tr>\n<td><strong>Adresse postale<\/strong><\/td>\n<td>Carretera del mig, 167 08907 L&rsquo;Hospitalet de Llobregat (Barcelona)<\/td>\n<\/tr>\n<tr>\n<td><strong>T\u00e9l\u00e9phone<\/strong><\/td>\n<td><strong>933 365 863<\/strong><\/td>\n<\/tr>\n<tr>\n<td><strong>e-mail<\/strong><\/td>\n<td>beyco@graficasbeyco.com<\/td>\n<\/tr>\n<\/tbody>\n<\/table>\n<p><\/p>\n<table border=\"1\">\n<tbody>\n<tr>\n<td><strong>Pourquoi traitons-nous vos donn\u00e9es?<\/strong><\/td>\n<\/tr>\n<tr>\n<td>\u00b7 Gestion des services contract\u00e9s et r\u00e9alisation d\u2019enqu\u00eates de satisfaction ;\n<p> <\/p>\n<p>\u00b7 Envoi de communications commerciales et promotionnelles.<\/p>\n<\/td>\n<\/tr>\n<\/tbody>\n<\/table>\n<p><\/p>\n<p><\/p>\n<table border=\"1\">\n<tbody>\n<tr>\n<td><strong>Quelle est la base l\u00e9gale du traitement de vos donn\u00e9es?<\/strong><\/td>\n<\/tr>\n<tr>\n<td>\u00b7 La relation contractuelle entre GR\u00c1FICAS BEYCO, S.L. et l\u2019utilisateur lors de l&rsquo;ex\u00e9cution du service contract\u00e9.  \n<p> <\/p>\n<p>\u00b7 Votre consentement libre, sp\u00e9cifique, \u00e9clair\u00e9 et sans \u00e9quivoque.<\/p>\n<\/td>\n<\/tr>\n<\/tbody>\n<\/table>\n<p><\/p>\n<table border=\"1\">\n<tbody>\n<tr>\n<td><strong>D\u2019o\u00f9 proviennent vos donn\u00e9es?<\/strong><\/td>\n<\/tr>\n<tr>\n<td>\u00b7 Les donn\u00e9es personnelles trait\u00e9es par GR\u00c1FICAS BEYCO, S.L. ont toujours \u00e9t\u00e9 fournies par la personne concern\u00e9e.<\/td>\n<\/tr>\n<\/tbody>\n<\/table>\n<p><\/p>\n<h2 class=\"wp-block-heading\"><strong>INFORMATIONS COMPL\u00c9MENTAIRES SUR LA PROTECTION DES DONN\u00c9ES<\/strong><\/h2>\n<p><\/p>\n<table border=\"1\">\n<tbody>\n<tr>\n<td><strong>Quelle est la cat\u00e9gorie de vos donn\u00e9es ?<\/strong><\/td>\n<\/tr>\n<tr>\n<td>Les donn\u00e9es trait\u00e9es par GR\u00c1FICAS BEYCO, S.L. sont les suivantes :\n&#8211; Donn\u00e9es d&rsquo;identification (nom, pr\u00e9nom, NIF, adresse postale, e-mail) &#8211; Donn\u00e9es personnelles (date et lieu de naissance, sexe, nationalit\u00e9) &#8211; Donn\u00e9es acad\u00e9miques et\/ou professionnelles &#8211; Coordonn\u00e9es bancaires.<\/td><br><\/tr>\n<\/tbody>\n<\/table>\n<p><\/p>\n<table border=\"1\">\n<tbody>\n<tr>\n<td><strong>\u00c0 quels destinataires communiquons-nous vos donn\u00e9es ?<\/strong><\/td>\n<\/tr>\n<tr>\n<td>Vos donn\u00e9es seront trait\u00e9es exclusivement par GR\u00c1FICAS BEYCO, S.L. avec l&rsquo;exception suivante : les donn\u00e9es que vous fournissez pourront \u00eatre communiqu\u00e9es \u00e0 des tiers \u00e0 des fins directement li\u00e9es au service contractuel indiqu\u00e9 ci-dessus entre GR\u00c1FICAS BEYCO, S.L. et le c\u00e9dant des donn\u00e9es, ainsi qu&rsquo;\u00e0 des entit\u00e9s ou organismes avec lesquels il existe une obligation l\u00e9gale de cession. Les transferts vers des pays tiers en dehors de l&rsquo;Union europ\u00e9enne n&rsquo;auront pas lieu sans votre consentement. <\/td>\n<\/tr>\n<\/tbody>\n<\/table>\n<table border=\"1\">\n<tbody>\n<tr>\n<td><strong>Quels sont vos droits?<\/strong><\/td>\n<\/tr>\n<tr>\n<td>\u00b7 Droit de retirer votre consentement \u00e0 tout moment.\n<p> <\/p>\n<p>\u00b7 Droit d\u2019acc\u00e8s, de rectification et de suppression des donn\u00e9es.<\/p>\n<p>\u00b7 Droit de limitation ou d\u2019opposition au traitement.<\/p>\n<p>\u00b7 Droit de d\u00e9poser une plainte aupr\u00e8s de l\u2019Autorit\u00e9 de Contr\u00f4le (<a href=\"http:\/\/www.agpd.es\/\" target=\"_blank\" rel=\"noopener\">www.agpd.es<\/a>).<\/p>\n<p> <\/p>\n<p>T\u00e9l\u00e9chargez tous les mod\u00e8les d&rsquo;exercice des droits <strong><a href=\"http:\/\/www.graficasbeyco.com\/_docs\/datos-del-responsable-del-tratamiento.docx\" target=\"_blank\" rel=\"noopener noreferrer\">ici <\/a>.<\/strong><\/p>\n<p>Coordonn\u00e9es pour l&rsquo;exercice de vos droits :<\/p>\n<p>GR\u00c1FICAS BEYCO, S.L.<\/p>\n<p>Carretera del mig, 167 08907 L&rsquo;Hospitalet de Llobregat (Barcelona) &#8211; beyco@graficasbeyco.com<\/p>\n<\/td>\n<\/tr>\n<\/tbody>\n<\/table>\n<table border=\"1\">\n<tbody>\n<tr>\n<td><strong>Combien de temps conservons-nous vos donn\u00e9es personnelles ?<\/strong><\/td>\n<\/tr>\n<tr>\n<td>Les donn\u00e9es \u00e0 caract\u00e8re personnel que vous nous fournissez seront conserv\u00e9es aussi longtemps qu&rsquo;il existe un int\u00e9r\u00eat mutuel \u00e0 maintenir l&rsquo;objectif du traitement, ou lorsque la conservation est requise par des obligations l\u00e9gales. Lorsque la conservation n&rsquo;est plus n\u00e9cessaire, elles sont effac\u00e9es avec des mesures de s\u00e9curit\u00e9 appropri\u00e9es pour garantir la pseudonymisation des donn\u00e9es ou leur destruction compl\u00e8te. <\/td>\n<\/tr>\n<\/tbody>\n<\/table>\n<p><\/p>\t\t\t\t\t\t\t\t<\/div>\n\t\t\t\t<\/div>\n\t\t\t\t\t<\/div>\n\t\t\t\t<\/div>\n\t\t\t\t<\/div>\n\t\t","protected":false},"excerpt":{"rendered":"<p>Responsable du traitement GR\u00c1FICAS BEYCO, S.L. Finalit\u00e9 &#8211; Gestion des services contract\u00e9s ; &#8211; Traitement \u00e0 des fins commerciales, envoi d&rsquo;offres, d\u2019informations et de propositions commerciales. L\u00e9gitimation Consentement de la personne concern\u00e9e, \u00e0 l&rsquo;exception de certains cas o\u00f9 il existe un int\u00e9r\u00eat l\u00e9gitime. Destinataires Vos donn\u00e9es seront trait\u00e9es exclusivement par GR\u00c1FICAS BEYCO, S.L., \u00e0 l&rsquo;exception [&hellip;]<\/p>\n","protected":false},"author":4,"featured_media":0,"parent":0,"menu_order":0,"comment_status":"closed","ping_status":"closed","template":"","meta":{"_joinchat":[],"footnotes":""},"class_list":["post-8035","page","type-page","status-publish","hentry"],"yoast_head":"<!-- This site is optimized with the Yoast SEO plugin v24.8.1 - https:\/\/yoast.com\/wordpress\/plugins\/seo\/ -->\n<title>Politique de Confidentialit\u00e9 - Gr\u00e1ficas Beyco<\/title>\n<meta name=\"robots\" content=\"index, follow, max-snippet:-1, max-image-preview:large, max-video-preview:-1\" \/>\n<link rel=\"canonical\" href=\"https:\/\/graficasbeyco.com\/fr\/politique-de-confidentialite\/\" \/>\n<meta property=\"og:locale\" content=\"fr_FR\" \/>\n<meta property=\"og:type\" content=\"article\" \/>\n<meta property=\"og:title\" content=\"Politique de Confidentialit\u00e9 - Gr\u00e1ficas Beyco\" \/>\n<meta property=\"og:description\" content=\"Responsable du traitement GR\u00c1FICAS BEYCO, S.L. Finalit\u00e9 &#8211; Gestion des services contract\u00e9s ; &#8211; Traitement \u00e0 des fins commerciales, envoi d&rsquo;offres, d\u2019informations et de propositions commerciales. L\u00e9gitimation Consentement de la personne concern\u00e9e, \u00e0 l&rsquo;exception de certains cas o\u00f9 il existe un int\u00e9r\u00eat l\u00e9gitime. Destinataires Vos donn\u00e9es seront trait\u00e9es exclusivement par GR\u00c1FICAS BEYCO, S.L., \u00e0 l&rsquo;exception [&hellip;]\" \/>\n<meta property=\"og:url\" content=\"https:\/\/graficasbeyco.com\/fr\/politique-de-confidentialite\/\" \/>\n<meta property=\"og:site_name\" content=\"Gr\u00e1ficas Beyco\" \/>\n<meta property=\"article:modified_time\" content=\"2025-03-24T11:02:26+00:00\" \/>\n<meta name=\"twitter:card\" content=\"summary_large_image\" \/>\n<meta name=\"twitter:label1\" content=\"Dur\u00e9e de lecture estim\u00e9e\" \/>\n\t<meta name=\"twitter:data1\" content=\"3 minutes\" \/>\n<script type=\"application\/ld+json\" class=\"yoast-schema-graph\">{\"@context\":\"https:\/\/schema.org\",\"@graph\":[{\"@type\":\"WebPage\",\"@id\":\"https:\/\/graficasbeyco.com\/fr\/politique-de-confidentialite\/\",\"url\":\"https:\/\/graficasbeyco.com\/fr\/politique-de-confidentialite\/\",\"name\":\"Politique de Confidentialit\u00e9 - Gr\u00e1ficas Beyco\",\"isPartOf\":{\"@id\":\"https:\/\/graficasbeyco.com\/fr\/#website\"},\"datePublished\":\"2024-12-27T05:33:59+00:00\",\"dateModified\":\"2025-03-24T11:02:26+00:00\",\"breadcrumb\":{\"@id\":\"https:\/\/graficasbeyco.com\/fr\/politique-de-confidentialite\/#breadcrumb\"},\"inLanguage\":\"fr-FR\",\"potentialAction\":[{\"@type\":\"ReadAction\",\"target\":[\"https:\/\/graficasbeyco.com\/fr\/politique-de-confidentialite\/\"]}]},{\"@type\":\"BreadcrumbList\",\"@id\":\"https:\/\/graficasbeyco.com\/fr\/politique-de-confidentialite\/#breadcrumb\",\"itemListElement\":[{\"@type\":\"ListItem\",\"position\":1,\"name\":\"Portada\",\"item\":\"https:\/\/graficasbeyco.com\/fr\/\"},{\"@type\":\"ListItem\",\"position\":2,\"name\":\"Politique de Confidentialit\u00e9\"}]},{\"@type\":\"WebSite\",\"@id\":\"https:\/\/graficasbeyco.com\/fr\/#website\",\"url\":\"https:\/\/graficasbeyco.com\/fr\/\",\"name\":\"Gr\u00e1ficas Beyco\",\"description\":\"producci\u00f3n de estuches y envases plegables en cartoncillo y cart\u00f3n ondulado.\",\"publisher\":{\"@id\":\"https:\/\/graficasbeyco.com\/fr\/#organization\"},\"potentialAction\":[{\"@type\":\"SearchAction\",\"target\":{\"@type\":\"EntryPoint\",\"urlTemplate\":\"https:\/\/graficasbeyco.com\/fr\/?s={search_term_string}\"},\"query-input\":{\"@type\":\"PropertyValueSpecification\",\"valueRequired\":true,\"valueName\":\"search_term_string\"}}],\"inLanguage\":\"fr-FR\"},{\"@type\":\"Organization\",\"@id\":\"https:\/\/graficasbeyco.com\/fr\/#organization\",\"name\":\"Gr\u00e1ficas Beyco\",\"url\":\"https:\/\/graficasbeyco.com\/fr\/\",\"logo\":{\"@type\":\"ImageObject\",\"inLanguage\":\"fr-FR\",\"@id\":\"https:\/\/graficasbeyco.com\/fr\/#\/schema\/logo\/image\/\",\"url\":\"https:\/\/graficasbeyco.com\/wp-content\/uploads\/2024\/11\/Logotip-03.png\",\"contentUrl\":\"https:\/\/graficasbeyco.com\/wp-content\/uploads\/2024\/11\/Logotip-03.png\",\"width\":10143,\"height\":1697,\"caption\":\"Gr\u00e1ficas Beyco\"},\"image\":{\"@id\":\"https:\/\/graficasbeyco.com\/fr\/#\/schema\/logo\/image\/\"}}]}<\/script>\n<!-- \/ Yoast SEO plugin. -->","yoast_head_json":{"title":"Politique de Confidentialit\u00e9 - Gr\u00e1ficas Beyco","robots":{"index":"index","follow":"follow","max-snippet":"max-snippet:-1","max-image-preview":"max-image-preview:large","max-video-preview":"max-video-preview:-1"},"canonical":"https:\/\/graficasbeyco.com\/fr\/politique-de-confidentialite\/","og_locale":"fr_FR","og_type":"article","og_title":"Politique de Confidentialit\u00e9 - Gr\u00e1ficas Beyco","og_description":"Responsable du traitement GR\u00c1FICAS BEYCO, S.L. Finalit\u00e9 &#8211; Gestion des services contract\u00e9s ; &#8211; Traitement \u00e0 des fins commerciales, envoi d&rsquo;offres, d\u2019informations et de propositions commerciales. L\u00e9gitimation Consentement de la personne concern\u00e9e, \u00e0 l&rsquo;exception de certains cas o\u00f9 il existe un int\u00e9r\u00eat l\u00e9gitime. Destinataires Vos donn\u00e9es seront trait\u00e9es exclusivement par GR\u00c1FICAS BEYCO, S.L., \u00e0 l&rsquo;exception [&hellip;]","og_url":"https:\/\/graficasbeyco.com\/fr\/politique-de-confidentialite\/","og_site_name":"Gr\u00e1ficas Beyco","article_modified_time":"2025-03-24T11:02:26+00:00","twitter_card":"summary_large_image","twitter_misc":{"Dur\u00e9e de lecture estim\u00e9e":"3 minutes"},"schema":{"@context":"https:\/\/schema.org","@graph":[{"@type":"WebPage","@id":"https:\/\/graficasbeyco.com\/fr\/politique-de-confidentialite\/","url":"https:\/\/graficasbeyco.com\/fr\/politique-de-confidentialite\/","name":"Politique de Confidentialit\u00e9 - Gr\u00e1ficas Beyco","isPartOf":{"@id":"https:\/\/graficasbeyco.com\/fr\/#website"},"datePublished":"2024-12-27T05:33:59+00:00","dateModified":"2025-03-24T11:02:26+00:00","breadcrumb":{"@id":"https:\/\/graficasbeyco.com\/fr\/politique-de-confidentialite\/#breadcrumb"},"inLanguage":"fr-FR","potentialAction":[{"@type":"ReadAction","target":["https:\/\/graficasbeyco.com\/fr\/politique-de-confidentialite\/"]}]},{"@type":"BreadcrumbList","@id":"https:\/\/graficasbeyco.com\/fr\/politique-de-confidentialite\/#breadcrumb","itemListElement":[{"@type":"ListItem","position":1,"name":"Portada","item":"https:\/\/graficasbeyco.com\/fr\/"},{"@type":"ListItem","position":2,"name":"Politique de Confidentialit\u00e9"}]},{"@type":"WebSite","@id":"https:\/\/graficasbeyco.com\/fr\/#website","url":"https:\/\/graficasbeyco.com\/fr\/","name":"Gr\u00e1ficas Beyco","description":"producci\u00f3n de estuches y envases plegables en cartoncillo y cart\u00f3n ondulado.","publisher":{"@id":"https:\/\/graficasbeyco.com\/fr\/#organization"},"potentialAction":[{"@type":"SearchAction","target":{"@type":"EntryPoint","urlTemplate":"https:\/\/graficasbeyco.com\/fr\/?s={search_term_string}"},"query-input":{"@type":"PropertyValueSpecification","valueRequired":true,"valueName":"search_term_string"}}],"inLanguage":"fr-FR"},{"@type":"Organization","@id":"https:\/\/graficasbeyco.com\/fr\/#organization","name":"Gr\u00e1ficas Beyco","url":"https:\/\/graficasbeyco.com\/fr\/","logo":{"@type":"ImageObject","inLanguage":"fr-FR","@id":"https:\/\/graficasbeyco.com\/fr\/#\/schema\/logo\/image\/","url":"https:\/\/graficasbeyco.com\/wp-content\/uploads\/2024\/11\/Logotip-03.png","contentUrl":"https:\/\/graficasbeyco.com\/wp-content\/uploads\/2024\/11\/Logotip-03.png","width":10143,"height":1697,"caption":"Gr\u00e1ficas Beyco"},"image":{"@id":"https:\/\/graficasbeyco.com\/fr\/#\/schema\/logo\/image\/"}}]}},"_links":{"self":[{"href":"https:\/\/graficasbeyco.com\/fr\/wp-json\/wp\/v2\/pages\/8035","targetHints":{"allow":["GET"]}}],"collection":[{"href":"https:\/\/graficasbeyco.com\/fr\/wp-json\/wp\/v2\/pages"}],"about":[{"href":"https:\/\/graficasbeyco.com\/fr\/wp-json\/wp\/v2\/types\/page"}],"author":[{"embeddable":true,"href":"https:\/\/graficasbeyco.com\/fr\/wp-json\/wp\/v2\/users\/4"}],"replies":[{"embeddable":true,"href":"https:\/\/graficasbeyco.com\/fr\/wp-json\/wp\/v2\/comments?post=8035"}],"version-history":[{"count":0,"href":"https:\/\/graficasbeyco.com\/fr\/wp-json\/wp\/v2\/pages\/8035\/revisions"}],"wp:attachment":[{"href":"https:\/\/graficasbeyco.com\/fr\/wp-json\/wp\/v2\/media?parent=8035"}],"curies":[{"name":"wp","href":"https:\/\/api.w.org\/{rel}","templated":true}]}}