{"id":8715,"date":"2025-04-25T18:10:46","date_gmt":"2025-04-25T16:10:46","guid":{"rendered":"https:\/\/graficasbeyco.com\/?page_id=8715"},"modified":"2025-05-02T18:26:30","modified_gmt":"2025-05-02T16:26:30","slug":"autoconsommation","status":"publish","type":"page","link":"https:\/\/graficasbeyco.com\/fr\/autoconsommation\/","title":{"rendered":"Autoconsommation"},"content":{"rendered":"\t\t<div data-elementor-type=\"wp-page\" data-elementor-id=\"8715\" class=\"elementor elementor-8715 elementor-8713\">\n\t\t\t\t<div class=\"elementor-element elementor-element-363b7083 e-flex e-con-boxed e-con e-parent\" data-id=\"363b7083\" data-element_type=\"container\">\n\t\t\t\t\t<div class=\"e-con-inner\">\n\t\t\t\t<div class=\"elementor-element elementor-element-106b5d2 elementor-widget elementor-widget-heading\" data-id=\"106b5d2\" data-element_type=\"widget\" data-widget_type=\"heading.default\">\n\t\t\t\t<div class=\"elementor-widget-container\">\n\t\t\t\t\t<h2 class=\"elementor-heading-title elementor-size-default\">DOSSIER ICA025\/21\/001835<\/h2>\t\t\t\t<\/div>\n\t\t\t\t<\/div>\n\t\t\t\t<div class=\"elementor-element elementor-element-76938cf elementor-widget elementor-widget-image\" data-id=\"76938cf\" data-element_type=\"widget\" data-widget_type=\"image.default\">\n\t\t\t\t<div class=\"elementor-widget-container\">\n\t\t\t\t\t\t\t\t\t\t\t\t\t\t\t<img fetchpriority=\"high\" decoding=\"async\" width=\"900\" height=\"606\" src=\"https:\/\/graficasbeyco.com\/wp-content\/uploads\/2025\/04\/autoconsumo-1-1024x689.webp\" class=\"attachment-large size-large wp-image-8806\" alt=\"\" srcset=\"https:\/\/graficasbeyco.com\/wp-content\/uploads\/2025\/04\/autoconsumo-1-1024x689.webp 1024w, https:\/\/graficasbeyco.com\/wp-content\/uploads\/2025\/04\/autoconsumo-1-300x202.webp 300w, https:\/\/graficasbeyco.com\/wp-content\/uploads\/2025\/04\/autoconsumo-1-768x517.webp 768w, https:\/\/graficasbeyco.com\/wp-content\/uploads\/2025\/04\/autoconsumo-1.webp 1436w\" sizes=\"(max-width: 900px) 100vw, 900px\" \/>\t\t\t\t\t\t\t\t\t\t\t\t\t\t\t<\/div>\n\t\t\t\t<\/div>\n\t\t\t\t<div class=\"elementor-element elementor-element-4a479acc elementor-widget elementor-widget-text-editor\" data-id=\"4a479acc\" data-element_type=\"widget\" data-widget_type=\"text-editor.default\">\n\t\t\t\t<div class=\"elementor-widget-container\">\n\t\t\t\t\t\t\t\t\t<p>GRAFICAS BEYCO, S.L. a re\u00e7u une aide pour son projet d&rsquo;autoconsommation, une <em>installation solaire photovolta\u00efque de 256 kWc<\/em>, cofinanc\u00e9e par la Facilit\u00e9 europ\u00e9enne pour la reprise et la r\u00e9silience PRTR-Next Generation EU, coordonn\u00e9e par le Minist\u00e8re de la Transition \u00c9cologique et du D\u00e9fi D\u00e9mographique \u00e0 travers l&rsquo;IDAE et g\u00e9r\u00e9e par les communaut\u00e9s autonomes selon le D\u00e9cret Royal 477\/2021, dans le but de parvenir \u00e0 une \u00e9conomie plus propre et plus durable. Un projet d&rsquo;autoconsommation utilisant des sources d&rsquo;\u00e9nergie renouvelables a \u00e9t\u00e9 mis en \u0153uvre, consistant en une installation solaire photovolta\u00efque sur le toit avec des modules monocristallins d&rsquo;une puissance totale de 167,86 kWc. L&rsquo;installation est \u00e9quip\u00e9e d&rsquo;un syst\u00e8me de surveillance et d&rsquo;enregistrement PRISMA 310A. Dans ce projet, 308 modules de 545 Wc et deux onduleurs de 110 kWn et 33 kWn ont \u00e9t\u00e9 install\u00e9s.  <\/p>\n<p><\/p>\t\t\t\t\t\t\t\t<\/div>\n\t\t\t\t<\/div>\n\t\t\t\t\t<\/div>\n\t\t\t\t<\/div>\n\t\t\t\t<\/div>\n\t\t","protected":false},"excerpt":{"rendered":"<p>DOSSIER ICA025\/21\/001835 GRAFICAS BEYCO, S.L. a re\u00e7u une aide pour son projet d&rsquo;autoconsommation, une installation solaire photovolta\u00efque de 256 kWc, cofinanc\u00e9e par la Facilit\u00e9 europ\u00e9enne pour la reprise et la r\u00e9silience PRTR-Next Generation EU, coordonn\u00e9e par le Minist\u00e8re de la Transition \u00c9cologique et du D\u00e9fi D\u00e9mographique \u00e0 travers l&rsquo;IDAE et g\u00e9r\u00e9e par les communaut\u00e9s autonomes [&hellip;]<\/p>\n","protected":false},"author":4,"featured_media":0,"parent":0,"menu_order":0,"comment_status":"closed","ping_status":"closed","template":"","meta":{"_joinchat":[],"footnotes":""},"class_list":["post-8715","page","type-page","status-publish","hentry"],"yoast_head":"<!-- This site is optimized with the Yoast SEO plugin v24.8.1 - https:\/\/yoast.com\/wordpress\/plugins\/seo\/ -->\n<title>Autoconsommation - Gr\u00e1ficas Beyco<\/title>\n<meta name=\"robots\" content=\"index, follow, max-snippet:-1, max-image-preview:large, max-video-preview:-1\" \/>\n<link rel=\"canonical\" href=\"https:\/\/graficasbeyco.com\/fr\/autoconsommation\/\" \/>\n<meta property=\"og:locale\" content=\"fr_FR\" \/>\n<meta property=\"og:type\" content=\"article\" \/>\n<meta property=\"og:title\" content=\"Autoconsommation - Gr\u00e1ficas Beyco\" \/>\n<meta property=\"og:description\" content=\"DOSSIER ICA025\/21\/001835 GRAFICAS BEYCO, S.L. a re\u00e7u une aide pour son projet d&rsquo;autoconsommation, une installation solaire photovolta\u00efque de 256 kWc, cofinanc\u00e9e par la Facilit\u00e9 europ\u00e9enne pour la reprise et la r\u00e9silience PRTR-Next Generation EU, coordonn\u00e9e par le Minist\u00e8re de la Transition \u00c9cologique et du D\u00e9fi D\u00e9mographique \u00e0 travers l&rsquo;IDAE et g\u00e9r\u00e9e par les communaut\u00e9s autonomes [&hellip;]\" \/>\n<meta property=\"og:url\" content=\"https:\/\/graficasbeyco.com\/fr\/autoconsommation\/\" \/>\n<meta property=\"og:site_name\" content=\"Gr\u00e1ficas Beyco\" \/>\n<meta property=\"article:modified_time\" content=\"2025-05-02T16:26:30+00:00\" \/>\n<meta property=\"og:image\" content=\"https:\/\/graficasbeyco.com\/wp-content\/uploads\/2025\/04\/autoconsumo-1.webp\" \/>\n\t<meta property=\"og:image:width\" content=\"1436\" \/>\n\t<meta property=\"og:image:height\" content=\"966\" \/>\n\t<meta property=\"og:image:type\" content=\"image\/webp\" \/>\n<meta name=\"twitter:card\" content=\"summary_large_image\" \/>\n<meta name=\"twitter:label1\" content=\"Dur\u00e9e de lecture estim\u00e9e\" \/>\n\t<meta name=\"twitter:data1\" content=\"1 minute\" \/>\n<script type=\"application\/ld+json\" class=\"yoast-schema-graph\">{\"@context\":\"https:\/\/schema.org\",\"@graph\":[{\"@type\":\"WebPage\",\"@id\":\"https:\/\/graficasbeyco.com\/fr\/autoconsommation\/\",\"url\":\"https:\/\/graficasbeyco.com\/fr\/autoconsommation\/\",\"name\":\"Autoconsommation - Gr\u00e1ficas Beyco\",\"isPartOf\":{\"@id\":\"https:\/\/graficasbeyco.com\/fr\/#website\"},\"primaryImageOfPage\":{\"@id\":\"https:\/\/graficasbeyco.com\/fr\/autoconsommation\/#primaryimage\"},\"image\":{\"@id\":\"https:\/\/graficasbeyco.com\/fr\/autoconsommation\/#primaryimage\"},\"thumbnailUrl\":\"https:\/\/graficasbeyco.com\/wp-content\/uploads\/2025\/04\/autoconsumo-1-1024x689.webp\",\"datePublished\":\"2025-04-25T16:10:46+00:00\",\"dateModified\":\"2025-05-02T16:26:30+00:00\",\"breadcrumb\":{\"@id\":\"https:\/\/graficasbeyco.com\/fr\/autoconsommation\/#breadcrumb\"},\"inLanguage\":\"fr-FR\",\"potentialAction\":[{\"@type\":\"ReadAction\",\"target\":[\"https:\/\/graficasbeyco.com\/fr\/autoconsommation\/\"]}]},{\"@type\":\"ImageObject\",\"inLanguage\":\"fr-FR\",\"@id\":\"https:\/\/graficasbeyco.com\/fr\/autoconsommation\/#primaryimage\",\"url\":\"https:\/\/graficasbeyco.com\/wp-content\/uploads\/2025\/04\/autoconsumo-1-1024x689.webp\",\"contentUrl\":\"https:\/\/graficasbeyco.com\/wp-content\/uploads\/2025\/04\/autoconsumo-1-1024x689.webp\"},{\"@type\":\"BreadcrumbList\",\"@id\":\"https:\/\/graficasbeyco.com\/fr\/autoconsommation\/#breadcrumb\",\"itemListElement\":[{\"@type\":\"ListItem\",\"position\":1,\"name\":\"Portada\",\"item\":\"https:\/\/graficasbeyco.com\/fr\/\"},{\"@type\":\"ListItem\",\"position\":2,\"name\":\"Autoconsommation\"}]},{\"@type\":\"WebSite\",\"@id\":\"https:\/\/graficasbeyco.com\/fr\/#website\",\"url\":\"https:\/\/graficasbeyco.com\/fr\/\",\"name\":\"Gr\u00e1ficas Beyco\",\"description\":\"producci\u00f3n de estuches y envases plegables en cartoncillo y cart\u00f3n ondulado.\",\"publisher\":{\"@id\":\"https:\/\/graficasbeyco.com\/fr\/#organization\"},\"potentialAction\":[{\"@type\":\"SearchAction\",\"target\":{\"@type\":\"EntryPoint\",\"urlTemplate\":\"https:\/\/graficasbeyco.com\/fr\/?s={search_term_string}\"},\"query-input\":{\"@type\":\"PropertyValueSpecification\",\"valueRequired\":true,\"valueName\":\"search_term_string\"}}],\"inLanguage\":\"fr-FR\"},{\"@type\":\"Organization\",\"@id\":\"https:\/\/graficasbeyco.com\/fr\/#organization\",\"name\":\"Gr\u00e1ficas Beyco\",\"url\":\"https:\/\/graficasbeyco.com\/fr\/\",\"logo\":{\"@type\":\"ImageObject\",\"inLanguage\":\"fr-FR\",\"@id\":\"https:\/\/graficasbeyco.com\/fr\/#\/schema\/logo\/image\/\",\"url\":\"https:\/\/graficasbeyco.com\/wp-content\/uploads\/2024\/11\/Logotip-03.png\",\"contentUrl\":\"https:\/\/graficasbeyco.com\/wp-content\/uploads\/2024\/11\/Logotip-03.png\",\"width\":10143,\"height\":1697,\"caption\":\"Gr\u00e1ficas Beyco\"},\"image\":{\"@id\":\"https:\/\/graficasbeyco.com\/fr\/#\/schema\/logo\/image\/\"}}]}<\/script>\n<!-- \/ Yoast SEO plugin. -->","yoast_head_json":{"title":"Autoconsommation - Gr\u00e1ficas Beyco","robots":{"index":"index","follow":"follow","max-snippet":"max-snippet:-1","max-image-preview":"max-image-preview:large","max-video-preview":"max-video-preview:-1"},"canonical":"https:\/\/graficasbeyco.com\/fr\/autoconsommation\/","og_locale":"fr_FR","og_type":"article","og_title":"Autoconsommation - Gr\u00e1ficas Beyco","og_description":"DOSSIER ICA025\/21\/001835 GRAFICAS BEYCO, S.L. a re\u00e7u une aide pour son projet d&rsquo;autoconsommation, une installation solaire photovolta\u00efque de 256 kWc, cofinanc\u00e9e par la Facilit\u00e9 europ\u00e9enne pour la reprise et la r\u00e9silience PRTR-Next Generation EU, coordonn\u00e9e par le Minist\u00e8re de la Transition \u00c9cologique et du D\u00e9fi D\u00e9mographique \u00e0 travers l&rsquo;IDAE et g\u00e9r\u00e9e par les communaut\u00e9s autonomes [&hellip;]","og_url":"https:\/\/graficasbeyco.com\/fr\/autoconsommation\/","og_site_name":"Gr\u00e1ficas Beyco","article_modified_time":"2025-05-02T16:26:30+00:00","og_image":[{"width":1436,"height":966,"url":"https:\/\/graficasbeyco.com\/wp-content\/uploads\/2025\/04\/autoconsumo-1.webp","type":"image\/webp"}],"twitter_card":"summary_large_image","twitter_misc":{"Dur\u00e9e de lecture estim\u00e9e":"1 minute"},"schema":{"@context":"https:\/\/schema.org","@graph":[{"@type":"WebPage","@id":"https:\/\/graficasbeyco.com\/fr\/autoconsommation\/","url":"https:\/\/graficasbeyco.com\/fr\/autoconsommation\/","name":"Autoconsommation - Gr\u00e1ficas Beyco","isPartOf":{"@id":"https:\/\/graficasbeyco.com\/fr\/#website"},"primaryImageOfPage":{"@id":"https:\/\/graficasbeyco.com\/fr\/autoconsommation\/#primaryimage"},"image":{"@id":"https:\/\/graficasbeyco.com\/fr\/autoconsommation\/#primaryimage"},"thumbnailUrl":"https:\/\/graficasbeyco.com\/wp-content\/uploads\/2025\/04\/autoconsumo-1-1024x689.webp","datePublished":"2025-04-25T16:10:46+00:00","dateModified":"2025-05-02T16:26:30+00:00","breadcrumb":{"@id":"https:\/\/graficasbeyco.com\/fr\/autoconsommation\/#breadcrumb"},"inLanguage":"fr-FR","potentialAction":[{"@type":"ReadAction","target":["https:\/\/graficasbeyco.com\/fr\/autoconsommation\/"]}]},{"@type":"ImageObject","inLanguage":"fr-FR","@id":"https:\/\/graficasbeyco.com\/fr\/autoconsommation\/#primaryimage","url":"https:\/\/graficasbeyco.com\/wp-content\/uploads\/2025\/04\/autoconsumo-1-1024x689.webp","contentUrl":"https:\/\/graficasbeyco.com\/wp-content\/uploads\/2025\/04\/autoconsumo-1-1024x689.webp"},{"@type":"BreadcrumbList","@id":"https:\/\/graficasbeyco.com\/fr\/autoconsommation\/#breadcrumb","itemListElement":[{"@type":"ListItem","position":1,"name":"Portada","item":"https:\/\/graficasbeyco.com\/fr\/"},{"@type":"ListItem","position":2,"name":"Autoconsommation"}]},{"@type":"WebSite","@id":"https:\/\/graficasbeyco.com\/fr\/#website","url":"https:\/\/graficasbeyco.com\/fr\/","name":"Gr\u00e1ficas Beyco","description":"producci\u00f3n de estuches y envases plegables en cartoncillo y cart\u00f3n ondulado.","publisher":{"@id":"https:\/\/graficasbeyco.com\/fr\/#organization"},"potentialAction":[{"@type":"SearchAction","target":{"@type":"EntryPoint","urlTemplate":"https:\/\/graficasbeyco.com\/fr\/?s={search_term_string}"},"query-input":{"@type":"PropertyValueSpecification","valueRequired":true,"valueName":"search_term_string"}}],"inLanguage":"fr-FR"},{"@type":"Organization","@id":"https:\/\/graficasbeyco.com\/fr\/#organization","name":"Gr\u00e1ficas Beyco","url":"https:\/\/graficasbeyco.com\/fr\/","logo":{"@type":"ImageObject","inLanguage":"fr-FR","@id":"https:\/\/graficasbeyco.com\/fr\/#\/schema\/logo\/image\/","url":"https:\/\/graficasbeyco.com\/wp-content\/uploads\/2024\/11\/Logotip-03.png","contentUrl":"https:\/\/graficasbeyco.com\/wp-content\/uploads\/2024\/11\/Logotip-03.png","width":10143,"height":1697,"caption":"Gr\u00e1ficas Beyco"},"image":{"@id":"https:\/\/graficasbeyco.com\/fr\/#\/schema\/logo\/image\/"}}]}},"_links":{"self":[{"href":"https:\/\/graficasbeyco.com\/fr\/wp-json\/wp\/v2\/pages\/8715","targetHints":{"allow":["GET"]}}],"collection":[{"href":"https:\/\/graficasbeyco.com\/fr\/wp-json\/wp\/v2\/pages"}],"about":[{"href":"https:\/\/graficasbeyco.com\/fr\/wp-json\/wp\/v2\/types\/page"}],"author":[{"embeddable":true,"href":"https:\/\/graficasbeyco.com\/fr\/wp-json\/wp\/v2\/users\/4"}],"replies":[{"embeddable":true,"href":"https:\/\/graficasbeyco.com\/fr\/wp-json\/wp\/v2\/comments?post=8715"}],"version-history":[{"count":9,"href":"https:\/\/graficasbeyco.com\/fr\/wp-json\/wp\/v2\/pages\/8715\/revisions"}],"predecessor-version":[{"id":8851,"href":"https:\/\/graficasbeyco.com\/fr\/wp-json\/wp\/v2\/pages\/8715\/revisions\/8851"}],"wp:attachment":[{"href":"https:\/\/graficasbeyco.com\/fr\/wp-json\/wp\/v2\/media?parent=8715"}],"curies":[{"name":"wp","href":"https:\/\/api.w.org\/{rel}","templated":true}]}}