{"id":8746,"date":"2025-04-25T18:42:31","date_gmt":"2025-04-25T16:42:31","guid":{"rendered":"https:\/\/graficasbeyco.com\/?page_id=8746"},"modified":"2025-05-02T18:28:03","modified_gmt":"2025-05-02T16:28:03","slug":"economies-denergie-et-efficacite","status":"publish","type":"page","link":"https:\/\/graficasbeyco.com\/fr\/economies-denergie-et-efficacite\/","title":{"rendered":"\u00c9conomies d&rsquo;\u00e9nergie et efficacit\u00e9"},"content":{"rendered":"\t\t<div data-elementor-type=\"wp-page\" data-elementor-id=\"8746\" class=\"elementor elementor-8746 elementor-8744\">\n\t\t\t\t<div class=\"elementor-element elementor-element-363b7083 e-flex e-con-boxed e-con e-parent\" data-id=\"363b7083\" data-element_type=\"container\">\n\t\t\t\t\t<div class=\"e-con-inner\">\n\t\t\t\t<div class=\"elementor-element elementor-element-106b5d2 elementor-widget elementor-widget-heading\" data-id=\"106b5d2\" data-element_type=\"widget\" data-widget_type=\"heading.default\">\n\t\t\t\t<div class=\"elementor-widget-container\">\n\t\t\t\t\t<h2 class=\"elementor-heading-title elementor-size-default\">DOSSIER ICA012\/19\/00046<\/h2>\t\t\t\t<\/div>\n\t\t\t\t<\/div>\n\t\t\t\t<div class=\"elementor-element elementor-element-76938cf elementor-widget elementor-widget-image\" data-id=\"76938cf\" data-element_type=\"widget\" data-widget_type=\"image.default\">\n\t\t\t\t<div class=\"elementor-widget-container\">\n\t\t\t\t\t\t\t\t\t\t\t\t\t\t\t<img fetchpriority=\"high\" decoding=\"async\" width=\"900\" height=\"632\" src=\"https:\/\/graficasbeyco.com\/wp-content\/uploads\/2025\/04\/eficiencia-1-1024x719.webp\" class=\"attachment-large size-large wp-image-8799\" alt=\"\" srcset=\"https:\/\/graficasbeyco.com\/wp-content\/uploads\/2025\/04\/eficiencia-1-1024x719.webp 1024w, https:\/\/graficasbeyco.com\/wp-content\/uploads\/2025\/04\/eficiencia-1-300x211.webp 300w, https:\/\/graficasbeyco.com\/wp-content\/uploads\/2025\/04\/eficiencia-1-768x539.webp 768w, https:\/\/graficasbeyco.com\/wp-content\/uploads\/2025\/04\/eficiencia-1.webp 1134w\" sizes=\"(max-width: 900px) 100vw, 900px\" \/>\t\t\t\t\t\t\t\t\t\t\t\t\t\t\t<\/div>\n\t\t\t\t<\/div>\n\t\t\t\t<div class=\"elementor-element elementor-element-4a479acc elementor-widget elementor-widget-text-editor\" data-id=\"4a479acc\" data-element_type=\"widget\" data-widget_type=\"text-editor.default\">\n\t\t\t\t<div class=\"elementor-widget-container\">\n\t\t\t\t\t\t\t\t\t<p>GRAFICAS BEYCO, S.L. a re\u00e7u une aide pour son projet d&rsquo;\u00e9conomie et d&rsquo;efficacit\u00e9 \u00e9nerg\u00e9tique \u00ab AM\u00c9LIORER L&rsquo;EFFICACIT\u00c9 \u00c9NERG\u00c9TIQUE DU PROCESSUS D&rsquo;IMPRESSION \u00bb, cofinanc\u00e9 par le Fonds europ\u00e9en de d\u00e9veloppement r\u00e9gional (FEDER), coordonn\u00e9 par l&rsquo;IDAE et g\u00e9r\u00e9 par les r\u00e9gions autonomes, \u00e0 charge du Fonds national pour l&rsquo;efficacit\u00e9 \u00e9nerg\u00e9tique, dans le but de parvenir \u00e0 une \u00e9conomie plus propre et plus durable. Un projet d\u2019\u00e9conomie et d\u2019efficacit\u00e9 \u00e9nerg\u00e9tique a \u00e9t\u00e9 d\u00e9velopp\u00e9, consistant \u00e0 remplacer l\u2019une des imprimantes initiales par un nouvel \u00e9quipement beaucoup plus performant en termes de productivit\u00e9 et d\u2019efficacit\u00e9 \u00e9nerg\u00e9tique. La collaboration des meilleurs fabricants d&rsquo;\u00e9quipements du secteur a \u00e9t\u00e9 n\u00e9cessaire, ce qui nous permettra de r\u00e9aliser d&rsquo;importantes \u00e9conomies d&rsquo;\u00e9nergie et d&rsquo;environnement dans le processus. Gr\u00e2ce au projet, 51,39 teps sont \u00e9conomis\u00e9s chaque ann\u00e9e.   <\/p>\t\t\t\t\t\t\t\t<\/div>\n\t\t\t\t<\/div>\n\t\t\t\t\t<\/div>\n\t\t\t\t<\/div>\n\t\t\t\t<\/div>\n\t\t","protected":false},"excerpt":{"rendered":"<p>DOSSIER ICA012\/19\/00046 GRAFICAS BEYCO, S.L. a re\u00e7u une aide pour son projet d&rsquo;\u00e9conomie et d&rsquo;efficacit\u00e9 \u00e9nerg\u00e9tique \u00ab AM\u00c9LIORER L&rsquo;EFFICACIT\u00c9 \u00c9NERG\u00c9TIQUE DU PROCESSUS D&rsquo;IMPRESSION \u00bb, cofinanc\u00e9 par le Fonds europ\u00e9en de d\u00e9veloppement r\u00e9gional (FEDER), coordonn\u00e9 par l&rsquo;IDAE et g\u00e9r\u00e9 par les r\u00e9gions autonomes, \u00e0 charge du Fonds national pour l&rsquo;efficacit\u00e9 \u00e9nerg\u00e9tique, dans le but de parvenir [&hellip;]<\/p>\n","protected":false},"author":4,"featured_media":0,"parent":0,"menu_order":0,"comment_status":"closed","ping_status":"closed","template":"","meta":{"_joinchat":[],"footnotes":""},"class_list":["post-8746","page","type-page","status-publish","hentry"],"yoast_head":"<!-- This site is optimized with the Yoast SEO plugin v24.8.1 - https:\/\/yoast.com\/wordpress\/plugins\/seo\/ -->\n<title>\u00c9conomies d&#039;\u00e9nergie et efficacit\u00e9 - Gr\u00e1ficas Beyco<\/title>\n<meta name=\"robots\" content=\"index, follow, max-snippet:-1, max-image-preview:large, max-video-preview:-1\" \/>\n<link rel=\"canonical\" href=\"https:\/\/graficasbeyco.com\/fr\/economies-denergie-et-efficacite\/\" \/>\n<meta property=\"og:locale\" content=\"fr_FR\" \/>\n<meta property=\"og:type\" content=\"article\" \/>\n<meta property=\"og:title\" content=\"\u00c9conomies d&#039;\u00e9nergie et efficacit\u00e9 - Gr\u00e1ficas Beyco\" \/>\n<meta property=\"og:description\" content=\"DOSSIER ICA012\/19\/00046 GRAFICAS BEYCO, S.L. a re\u00e7u une aide pour son projet d&rsquo;\u00e9conomie et d&rsquo;efficacit\u00e9 \u00e9nerg\u00e9tique \u00ab AM\u00c9LIORER L&rsquo;EFFICACIT\u00c9 \u00c9NERG\u00c9TIQUE DU PROCESSUS D&rsquo;IMPRESSION \u00bb, cofinanc\u00e9 par le Fonds europ\u00e9en de d\u00e9veloppement r\u00e9gional (FEDER), coordonn\u00e9 par l&rsquo;IDAE et g\u00e9r\u00e9 par les r\u00e9gions autonomes, \u00e0 charge du Fonds national pour l&rsquo;efficacit\u00e9 \u00e9nerg\u00e9tique, dans le but de parvenir [&hellip;]\" \/>\n<meta property=\"og:url\" content=\"https:\/\/graficasbeyco.com\/fr\/economies-denergie-et-efficacite\/\" \/>\n<meta property=\"og:site_name\" content=\"Gr\u00e1ficas Beyco\" \/>\n<meta property=\"article:modified_time\" content=\"2025-05-02T16:28:03+00:00\" \/>\n<meta property=\"og:image\" content=\"https:\/\/graficasbeyco.com\/wp-content\/uploads\/2025\/04\/eficiencia-1.webp\" \/>\n\t<meta property=\"og:image:width\" content=\"1134\" \/>\n\t<meta property=\"og:image:height\" content=\"796\" \/>\n\t<meta property=\"og:image:type\" content=\"image\/webp\" \/>\n<meta name=\"twitter:card\" content=\"summary_large_image\" \/>\n<meta name=\"twitter:label1\" content=\"Dur\u00e9e de lecture estim\u00e9e\" \/>\n\t<meta name=\"twitter:data1\" content=\"1 minute\" \/>\n<script type=\"application\/ld+json\" class=\"yoast-schema-graph\">{\"@context\":\"https:\/\/schema.org\",\"@graph\":[{\"@type\":\"WebPage\",\"@id\":\"https:\/\/graficasbeyco.com\/fr\/economies-denergie-et-efficacite\/\",\"url\":\"https:\/\/graficasbeyco.com\/fr\/economies-denergie-et-efficacite\/\",\"name\":\"\u00c9conomies d'\u00e9nergie et efficacit\u00e9 - Gr\u00e1ficas Beyco\",\"isPartOf\":{\"@id\":\"https:\/\/graficasbeyco.com\/fr\/#website\"},\"primaryImageOfPage\":{\"@id\":\"https:\/\/graficasbeyco.com\/fr\/economies-denergie-et-efficacite\/#primaryimage\"},\"image\":{\"@id\":\"https:\/\/graficasbeyco.com\/fr\/economies-denergie-et-efficacite\/#primaryimage\"},\"thumbnailUrl\":\"https:\/\/graficasbeyco.com\/wp-content\/uploads\/2025\/04\/eficiencia-1-1024x719.webp\",\"datePublished\":\"2025-04-25T16:42:31+00:00\",\"dateModified\":\"2025-05-02T16:28:03+00:00\",\"breadcrumb\":{\"@id\":\"https:\/\/graficasbeyco.com\/fr\/economies-denergie-et-efficacite\/#breadcrumb\"},\"inLanguage\":\"fr-FR\",\"potentialAction\":[{\"@type\":\"ReadAction\",\"target\":[\"https:\/\/graficasbeyco.com\/fr\/economies-denergie-et-efficacite\/\"]}]},{\"@type\":\"ImageObject\",\"inLanguage\":\"fr-FR\",\"@id\":\"https:\/\/graficasbeyco.com\/fr\/economies-denergie-et-efficacite\/#primaryimage\",\"url\":\"https:\/\/graficasbeyco.com\/wp-content\/uploads\/2025\/04\/eficiencia-1-1024x719.webp\",\"contentUrl\":\"https:\/\/graficasbeyco.com\/wp-content\/uploads\/2025\/04\/eficiencia-1-1024x719.webp\"},{\"@type\":\"BreadcrumbList\",\"@id\":\"https:\/\/graficasbeyco.com\/fr\/economies-denergie-et-efficacite\/#breadcrumb\",\"itemListElement\":[{\"@type\":\"ListItem\",\"position\":1,\"name\":\"Portada\",\"item\":\"https:\/\/graficasbeyco.com\/fr\/\"},{\"@type\":\"ListItem\",\"position\":2,\"name\":\"\u00c9conomies d&#8217;\u00e9nergie et efficacit\u00e9\"}]},{\"@type\":\"WebSite\",\"@id\":\"https:\/\/graficasbeyco.com\/fr\/#website\",\"url\":\"https:\/\/graficasbeyco.com\/fr\/\",\"name\":\"Gr\u00e1ficas Beyco\",\"description\":\"producci\u00f3n de estuches y envases plegables en cartoncillo y cart\u00f3n ondulado.\",\"publisher\":{\"@id\":\"https:\/\/graficasbeyco.com\/fr\/#organization\"},\"potentialAction\":[{\"@type\":\"SearchAction\",\"target\":{\"@type\":\"EntryPoint\",\"urlTemplate\":\"https:\/\/graficasbeyco.com\/fr\/?s={search_term_string}\"},\"query-input\":{\"@type\":\"PropertyValueSpecification\",\"valueRequired\":true,\"valueName\":\"search_term_string\"}}],\"inLanguage\":\"fr-FR\"},{\"@type\":\"Organization\",\"@id\":\"https:\/\/graficasbeyco.com\/fr\/#organization\",\"name\":\"Gr\u00e1ficas Beyco\",\"url\":\"https:\/\/graficasbeyco.com\/fr\/\",\"logo\":{\"@type\":\"ImageObject\",\"inLanguage\":\"fr-FR\",\"@id\":\"https:\/\/graficasbeyco.com\/fr\/#\/schema\/logo\/image\/\",\"url\":\"https:\/\/graficasbeyco.com\/wp-content\/uploads\/2024\/11\/Logotip-03.png\",\"contentUrl\":\"https:\/\/graficasbeyco.com\/wp-content\/uploads\/2024\/11\/Logotip-03.png\",\"width\":10143,\"height\":1697,\"caption\":\"Gr\u00e1ficas Beyco\"},\"image\":{\"@id\":\"https:\/\/graficasbeyco.com\/fr\/#\/schema\/logo\/image\/\"}}]}<\/script>\n<!-- \/ Yoast SEO plugin. -->","yoast_head_json":{"title":"\u00c9conomies d'\u00e9nergie et efficacit\u00e9 - Gr\u00e1ficas Beyco","robots":{"index":"index","follow":"follow","max-snippet":"max-snippet:-1","max-image-preview":"max-image-preview:large","max-video-preview":"max-video-preview:-1"},"canonical":"https:\/\/graficasbeyco.com\/fr\/economies-denergie-et-efficacite\/","og_locale":"fr_FR","og_type":"article","og_title":"\u00c9conomies d'\u00e9nergie et efficacit\u00e9 - Gr\u00e1ficas Beyco","og_description":"DOSSIER ICA012\/19\/00046 GRAFICAS BEYCO, S.L. a re\u00e7u une aide pour son projet d&rsquo;\u00e9conomie et d&rsquo;efficacit\u00e9 \u00e9nerg\u00e9tique \u00ab AM\u00c9LIORER L&rsquo;EFFICACIT\u00c9 \u00c9NERG\u00c9TIQUE DU PROCESSUS D&rsquo;IMPRESSION \u00bb, cofinanc\u00e9 par le Fonds europ\u00e9en de d\u00e9veloppement r\u00e9gional (FEDER), coordonn\u00e9 par l&rsquo;IDAE et g\u00e9r\u00e9 par les r\u00e9gions autonomes, \u00e0 charge du Fonds national pour l&rsquo;efficacit\u00e9 \u00e9nerg\u00e9tique, dans le but de parvenir [&hellip;]","og_url":"https:\/\/graficasbeyco.com\/fr\/economies-denergie-et-efficacite\/","og_site_name":"Gr\u00e1ficas Beyco","article_modified_time":"2025-05-02T16:28:03+00:00","og_image":[{"width":1134,"height":796,"url":"https:\/\/graficasbeyco.com\/wp-content\/uploads\/2025\/04\/eficiencia-1.webp","type":"image\/webp"}],"twitter_card":"summary_large_image","twitter_misc":{"Dur\u00e9e de lecture estim\u00e9e":"1 minute"},"schema":{"@context":"https:\/\/schema.org","@graph":[{"@type":"WebPage","@id":"https:\/\/graficasbeyco.com\/fr\/economies-denergie-et-efficacite\/","url":"https:\/\/graficasbeyco.com\/fr\/economies-denergie-et-efficacite\/","name":"\u00c9conomies d'\u00e9nergie et efficacit\u00e9 - Gr\u00e1ficas Beyco","isPartOf":{"@id":"https:\/\/graficasbeyco.com\/fr\/#website"},"primaryImageOfPage":{"@id":"https:\/\/graficasbeyco.com\/fr\/economies-denergie-et-efficacite\/#primaryimage"},"image":{"@id":"https:\/\/graficasbeyco.com\/fr\/economies-denergie-et-efficacite\/#primaryimage"},"thumbnailUrl":"https:\/\/graficasbeyco.com\/wp-content\/uploads\/2025\/04\/eficiencia-1-1024x719.webp","datePublished":"2025-04-25T16:42:31+00:00","dateModified":"2025-05-02T16:28:03+00:00","breadcrumb":{"@id":"https:\/\/graficasbeyco.com\/fr\/economies-denergie-et-efficacite\/#breadcrumb"},"inLanguage":"fr-FR","potentialAction":[{"@type":"ReadAction","target":["https:\/\/graficasbeyco.com\/fr\/economies-denergie-et-efficacite\/"]}]},{"@type":"ImageObject","inLanguage":"fr-FR","@id":"https:\/\/graficasbeyco.com\/fr\/economies-denergie-et-efficacite\/#primaryimage","url":"https:\/\/graficasbeyco.com\/wp-content\/uploads\/2025\/04\/eficiencia-1-1024x719.webp","contentUrl":"https:\/\/graficasbeyco.com\/wp-content\/uploads\/2025\/04\/eficiencia-1-1024x719.webp"},{"@type":"BreadcrumbList","@id":"https:\/\/graficasbeyco.com\/fr\/economies-denergie-et-efficacite\/#breadcrumb","itemListElement":[{"@type":"ListItem","position":1,"name":"Portada","item":"https:\/\/graficasbeyco.com\/fr\/"},{"@type":"ListItem","position":2,"name":"\u00c9conomies d&#8217;\u00e9nergie et efficacit\u00e9"}]},{"@type":"WebSite","@id":"https:\/\/graficasbeyco.com\/fr\/#website","url":"https:\/\/graficasbeyco.com\/fr\/","name":"Gr\u00e1ficas Beyco","description":"producci\u00f3n de estuches y envases plegables en cartoncillo y cart\u00f3n ondulado.","publisher":{"@id":"https:\/\/graficasbeyco.com\/fr\/#organization"},"potentialAction":[{"@type":"SearchAction","target":{"@type":"EntryPoint","urlTemplate":"https:\/\/graficasbeyco.com\/fr\/?s={search_term_string}"},"query-input":{"@type":"PropertyValueSpecification","valueRequired":true,"valueName":"search_term_string"}}],"inLanguage":"fr-FR"},{"@type":"Organization","@id":"https:\/\/graficasbeyco.com\/fr\/#organization","name":"Gr\u00e1ficas Beyco","url":"https:\/\/graficasbeyco.com\/fr\/","logo":{"@type":"ImageObject","inLanguage":"fr-FR","@id":"https:\/\/graficasbeyco.com\/fr\/#\/schema\/logo\/image\/","url":"https:\/\/graficasbeyco.com\/wp-content\/uploads\/2024\/11\/Logotip-03.png","contentUrl":"https:\/\/graficasbeyco.com\/wp-content\/uploads\/2024\/11\/Logotip-03.png","width":10143,"height":1697,"caption":"Gr\u00e1ficas Beyco"},"image":{"@id":"https:\/\/graficasbeyco.com\/fr\/#\/schema\/logo\/image\/"}}]}},"_links":{"self":[{"href":"https:\/\/graficasbeyco.com\/fr\/wp-json\/wp\/v2\/pages\/8746","targetHints":{"allow":["GET"]}}],"collection":[{"href":"https:\/\/graficasbeyco.com\/fr\/wp-json\/wp\/v2\/pages"}],"about":[{"href":"https:\/\/graficasbeyco.com\/fr\/wp-json\/wp\/v2\/types\/page"}],"author":[{"embeddable":true,"href":"https:\/\/graficasbeyco.com\/fr\/wp-json\/wp\/v2\/users\/4"}],"replies":[{"embeddable":true,"href":"https:\/\/graficasbeyco.com\/fr\/wp-json\/wp\/v2\/comments?post=8746"}],"version-history":[{"count":6,"href":"https:\/\/graficasbeyco.com\/fr\/wp-json\/wp\/v2\/pages\/8746\/revisions"}],"predecessor-version":[{"id":8853,"href":"https:\/\/graficasbeyco.com\/fr\/wp-json\/wp\/v2\/pages\/8746\/revisions\/8853"}],"wp:attachment":[{"href":"https:\/\/graficasbeyco.com\/fr\/wp-json\/wp\/v2\/media?parent=8746"}],"curies":[{"name":"wp","href":"https:\/\/api.w.org\/{rel}","templated":true}]}}